{"id":7462,"date":"2024-04-02T13:29:30","date_gmt":"2024-04-02T13:29:30","guid":{"rendered":"https:\/\/tugelapeople.com\/?page_id=7462"},"modified":"2024-04-04T12:24:03","modified_gmt":"2024-04-04T12:24:03","slug":"danke","status":"publish","type":"page","link":"https:\/\/tugelapeople.com\/de\/danke\/","title":{"rendered":"Danke"},"content":{"rendered":"<p>Vielen Dank, dass Sie mit uns Kontakt aufgenommen haben. Ihre Anfrage wurde erfolgreich \u00fcbermittelt und der zust\u00e4ndige Mitarbeiter wird sich in K\u00fcrze mit Ihnen in Verbindung setzen.<\/p>\n<p>Wenn Sie uns in der Zwischenzeit kontaktieren m\u00f6chten, k\u00f6nnen Sie uns unter +44 (0) 1908 030360 oder <a href=\"mailto:info@tugelapeople.com\">info@tugelapeople.com<\/a> erreichen<\/p>\n<p><a href=\"https:\/\/tugelapeople.com\/de\/\">Hier geht es zu unserer Homepage<\/a><\/p>\n","protected":false},"excerpt":{"rendered":"<p>Vielen Dank, dass Sie mit uns Kontakt aufgenommen haben. Ihre Anfrage wurde erfolgreich \u00fcbermittelt und der zust\u00e4ndige Mitarbeiter wird sich in K\u00fcrze mit Ihnen in Verbindung setzen. Wenn Sie uns&#8230;<\/p>\n","protected":false},"author":2,"featured_media":0,"parent":0,"menu_order":0,"comment_status":"closed","ping_status":"closed","template":"","meta":{"_acf_changed":false,"content-type":"","footnotes":""},"services":[],"offices":[],"class_list":["post-7462","page","type-page","status-publish","hentry"],"acf":[],"yoast_head":"<!-- This site is optimized with the Yoast SEO plugin v26.8 - https:\/\/yoast.com\/product\/yoast-seo-wordpress\/ -->\n<title>Danke - Tugela People<\/title>\n<meta name=\"robots\" content=\"index, follow, max-snippet:-1, max-image-preview:large, max-video-preview:-1\" \/>\n<link rel=\"canonical\" href=\"https:\/\/tugelapeople.com\/thank-you\/\" \/>\n<meta property=\"og:locale\" content=\"en_GB\" \/>\n<meta property=\"og:type\" content=\"article\" \/>\n<meta property=\"og:title\" content=\"Danke - Tugela People\" \/>\n<meta property=\"og:description\" content=\"Vielen Dank, dass Sie mit uns Kontakt aufgenommen haben. Ihre Anfrage wurde erfolgreich \u00fcbermittelt und der zust\u00e4ndige Mitarbeiter wird sich in K\u00fcrze mit Ihnen in Verbindung setzen. Wenn Sie uns...\" \/>\n<meta property=\"og:url\" content=\"https:\/\/tugelapeople.com\/thank-you\/\" \/>\n<meta property=\"og:site_name\" content=\"Tugela People\" \/>\n<meta property=\"article:modified_time\" content=\"2024-04-04T12:24:03+00:00\" \/>\n<meta name=\"twitter:card\" content=\"summary_large_image\" \/>\n<script type=\"application\/ld+json\" class=\"yoast-schema-graph\">{\"@context\":\"https:\/\/schema.org\",\"@graph\":[{\"@type\":\"WebPage\",\"@id\":\"https:\/\/tugelapeople.com\/thank-you\/\",\"url\":\"https:\/\/tugelapeople.com\/thank-you\/\",\"name\":\"Danke - Tugela People\",\"isPartOf\":{\"@id\":\"https:\/\/tugelapeople.com\/#website\"},\"datePublished\":\"2024-04-02T13:29:30+00:00\",\"dateModified\":\"2024-04-04T12:24:03+00:00\",\"breadcrumb\":{\"@id\":\"https:\/\/tugelapeople.com\/thank-you\/#breadcrumb\"},\"inLanguage\":\"en-GB\",\"potentialAction\":[{\"@type\":\"ReadAction\",\"target\":[\"https:\/\/tugelapeople.com\/thank-you\/\"]}]},{\"@type\":\"BreadcrumbList\",\"@id\":\"https:\/\/tugelapeople.com\/thank-you\/#breadcrumb\",\"itemListElement\":[{\"@type\":\"ListItem\",\"position\":1,\"name\":\"Home\",\"item\":\"https:\/\/tugelapeople.com\/\"},{\"@type\":\"ListItem\",\"position\":2,\"name\":\"Danke\"}]},{\"@type\":\"WebSite\",\"@id\":\"https:\/\/tugelapeople.com\/#website\",\"url\":\"https:\/\/tugelapeople.com\/\",\"name\":\"Tugela People\",\"description\":\"\",\"inLanguage\":\"en-GB\"}]}<\/script>\n<!-- \/ Yoast SEO plugin. -->","yoast_head_json":{"title":"Danke - Tugela People","robots":{"index":"index","follow":"follow","max-snippet":"max-snippet:-1","max-image-preview":"max-image-preview:large","max-video-preview":"max-video-preview:-1"},"canonical":"https:\/\/tugelapeople.com\/thank-you\/","og_locale":"en_GB","og_type":"article","og_title":"Danke - Tugela People","og_description":"Vielen Dank, dass Sie mit uns Kontakt aufgenommen haben. Ihre Anfrage wurde erfolgreich \u00fcbermittelt und der zust\u00e4ndige Mitarbeiter wird sich in K\u00fcrze mit Ihnen in Verbindung setzen. Wenn Sie uns...","og_url":"https:\/\/tugelapeople.com\/thank-you\/","og_site_name":"Tugela People","article_modified_time":"2024-04-04T12:24:03+00:00","twitter_card":"summary_large_image","schema":{"@context":"https:\/\/schema.org","@graph":[{"@type":"WebPage","@id":"https:\/\/tugelapeople.com\/thank-you\/","url":"https:\/\/tugelapeople.com\/thank-you\/","name":"Danke - Tugela People","isPartOf":{"@id":"https:\/\/tugelapeople.com\/#website"},"datePublished":"2024-04-02T13:29:30+00:00","dateModified":"2024-04-04T12:24:03+00:00","breadcrumb":{"@id":"https:\/\/tugelapeople.com\/thank-you\/#breadcrumb"},"inLanguage":"en-GB","potentialAction":[{"@type":"ReadAction","target":["https:\/\/tugelapeople.com\/thank-you\/"]}]},{"@type":"BreadcrumbList","@id":"https:\/\/tugelapeople.com\/thank-you\/#breadcrumb","itemListElement":[{"@type":"ListItem","position":1,"name":"Home","item":"https:\/\/tugelapeople.com\/"},{"@type":"ListItem","position":2,"name":"Danke"}]},{"@type":"WebSite","@id":"https:\/\/tugelapeople.com\/#website","url":"https:\/\/tugelapeople.com\/","name":"Tugela People","description":"","inLanguage":"en-GB"}]}},"_links":{"self":[{"href":"https:\/\/tugelapeople.com\/de\/wp-json\/wp\/v2\/pages\/7462","targetHints":{"allow":["GET"]}}],"collection":[{"href":"https:\/\/tugelapeople.com\/de\/wp-json\/wp\/v2\/pages"}],"about":[{"href":"https:\/\/tugelapeople.com\/de\/wp-json\/wp\/v2\/types\/page"}],"author":[{"embeddable":true,"href":"https:\/\/tugelapeople.com\/de\/wp-json\/wp\/v2\/users\/2"}],"replies":[{"embeddable":true,"href":"https:\/\/tugelapeople.com\/de\/wp-json\/wp\/v2\/comments?post=7462"}],"version-history":[{"count":4,"href":"https:\/\/tugelapeople.com\/de\/wp-json\/wp\/v2\/pages\/7462\/revisions"}],"predecessor-version":[{"id":7495,"href":"https:\/\/tugelapeople.com\/de\/wp-json\/wp\/v2\/pages\/7462\/revisions\/7495"}],"wp:attachment":[{"href":"https:\/\/tugelapeople.com\/de\/wp-json\/wp\/v2\/media?parent=7462"}],"wp:term":[{"taxonomy":"services","embeddable":true,"href":"https:\/\/tugelapeople.com\/de\/wp-json\/wp\/v2\/services?post=7462"},{"taxonomy":"offices","embeddable":true,"href":"https:\/\/tugelapeople.com\/de\/wp-json\/wp\/v2\/offices?post=7462"}],"curies":[{"name":"wp","href":"https:\/\/api.w.org\/{rel}","templated":true}]}}