{"id":7223,"date":"2020-12-17T14:01:35","date_gmt":"2020-12-17T14:01:35","guid":{"rendered":"https:\/\/tugelapeople.com\/hris\/hr-systeme\/sage-people\/sage-people-schulungen\/"},"modified":"2024-02-21T12:18:20","modified_gmt":"2024-02-21T12:18:20","slug":"sage-people-schulungen","status":"publish","type":"page","link":"https:\/\/tugelapeople.com\/de\/hris\/hr-systeme\/sage-people\/sage-people-schulungen\/","title":{"rendered":"Sage People Schulungen"},"content":{"rendered":"<h2><strong>Ma\u00dfgeschneiderte Sage People Schulungen<\/strong><\/h2>\n<h3 style=\"text-align: left;\"><span style=\"color: #0069b4;\"><strong>Umfassende Service- und Supportleistungen f\u00fcr Ihr HR-System<\/strong><\/span><\/h3>\n<p>Als langj\u00e4hriger und etablierter Sage People Partner mit akkreditiertem Schulungsstatus entwickeln und liefern wir weltweit hochwertige Sage People Schulungspakete. Diese sind seit unserer Gr\u00fcndung im Jahr 2012 Teil unseres Serviceangebots f\u00fcr globale mittelst\u00e4ndische Unternehmen.<\/p>\n<p>Unsere beliebten ma\u00dfgeschneiderten Sage People Schulungspakete sind flexibel und kosteng\u00fcnstig. Je nach Bedarf k\u00f6nnen sie vor Ort, online oder in einem Schulungszentrum au\u00dfer Haus durchgef\u00fchrt werden. Wir bieten Schulungen sowohl f\u00fcr Einzelpersonen als auch f\u00fcr Gruppen an.<\/p>\n<p>In einer entspannten, interaktiven Lernumgebung werden alle Teilnehmenden einbezogen. Aktive Teilnahme hei\u00dft die Devise\u00a0\u2013 wir glauben an einen \u201eLearning by doing\u201c-Ansatz.<\/p>\n<h3><strong>Wir bieten:<\/strong><\/h3>\n<ul>\n<li><span style=\"color: #0069b4;\"><strong>Schulungen f\u00fcr Mitglieder des HR-Teams<\/strong><\/span>, damit sie das System effektiv verwalten k\u00f6nnen. In der Regel sind daf\u00fcr 2\u20133 Sitzungen erforderlich.<\/li>\n<li><span style=\"color: #0069b4;\"><strong>Schulungen f\u00fcr Endbenutzer<\/strong>, <\/span>damit sie die Schnittstelle zur Verwaltung ihres Profils nutzen k\u00f6nnen. In der Regel sind daf\u00fcr 1\u20132 an individuelle W\u00fcnsche angepasste Sitzungen erforderlich.<\/li>\n<li><span style=\"color: #0069b4;\"><strong>Schulungen f\u00fcr Trainer \/ Super-User<\/strong><\/span>, damit ausgew\u00e4hlte Teammitglieder oder Endbenutzer zu Experten werden und sich bei der Navigation und Verwendung des Systems nicht mehr auf die HR-Teams verlassen m\u00fcssen. In der Regel sind daf\u00fcr 2\u20133 Sitzungen erforderlich.<\/li>\n<li><span style=\"color: #0069b4;\"><strong> Schulungsmaterialien<\/strong><\/span> f\u00fcr Endbenutzer, die auf Ihre individuellen Anforderungen zugeschnitten sind.<\/li>\n<\/ul>\n<p>&nbsp;<\/p>\n<h2><strong>F\u00fcr wen ist die Schulung geeignet?<\/strong><\/h2>\n<h3 style=\"padding-left: 40px;\"><strong>Neueinsteiger<\/strong>:<\/h3>\n<p style=\"padding-left: 40px;\">Vermitteln Sie jedem neuen Teammitglied das Wichtigste zur Nutzung Ihres Sage People HR-Systems. Sie k\u00f6nnen sofort loslegen, ihre Aufgaben effektiv und effizient erf\u00fcllen und das System optimal nutzen.<\/p>\n<h3 style=\"padding-left: 40px;\"><strong>Bestehende Teammitglieder<\/strong>:<\/h3>\n<p style=\"padding-left: 40px;\">Schulungen sind nicht nur f\u00fcr neue, sondern auch f\u00fcr bestehende Mitarbeitende notwendig. Erfolgreiche Manager erkennen, dass Weiterbildungsangebote st\u00e4ndig ausgebaut werden m\u00fcssen. Wenn Sie Ihren Mitarbeitenden Auffrischungskurse oder Schulungen zu neuen Features anbieten, k\u00f6nnen diese das HR-System Sage People in vollem Umfang nutzen und damit sowohl ihre eigene als auch die Performance des gesamten Systems verbessern.<\/p>\n<h3 style=\"padding-left: 40px;\"><strong>Super-User \/ Trainer:<\/strong><\/h3>\n<p style=\"padding-left: 40px;\">Durch ihre Erfahrung in der Navigation, Fehlerbehebung und Schulung anderer sorgen diese Champions f\u00fcr reibungslose Abl\u00e4ufe und steigern die Gesamteffizienz. Investieren Sie in Weiterbildung und schaffen Sie einen sich selbst erhaltenden Wissenskreislauf innerhalb Ihres Unternehmens.<\/p>\n<p><strong>\u00a0<\/strong><\/p>\n<h2><strong>Warum in Schulungen investieren?<\/strong><\/h2>\n<p>Schulungen sind f\u00fcr die Leistung und Zufriedenheit der Mitarbeitenden von entscheidender Bedeutung. Sie steigern deren Effizienz und Engagement sowie die generelle Wettbewerbsf\u00e4higkeit. Davon profitieren sowohl Einzelne als auch das gesamte Unternehmen. Das Anbieten von Mitarbeiterschulungen zum HR-System des Unternehmens bringt unmittelbare Vorteile mit sich, wie z. B. eine h\u00f6here Produktivit\u00e4t und Pr\u00e4zision. Au\u00dferdem tr\u00e4gt es zu langfristigem strategischen Vorsprung, zur Zufriedenheit der Mitarbeitenden und zum allgemeinen Gesch\u00e4ftserfolg bei.<\/p>\n<h3 style=\"padding-left: 40px;\"><strong>Es gibt viele Gr\u00fcnde, die f\u00fcr die Investition in Mitarbeiterschulungen sprechen:<\/strong><\/h3>\n<h4 style=\"padding-left: 80px;\"><strong><span style=\"color: #0069b4;\">Gesteigerte Effizienz:<\/span><\/strong><\/h4>\n<p style=\"padding-left: 80px;\">Gut geschulte Mitarbeitende navigieren das HR-System effizienter, was den Zeitaufwand f\u00fcr Verwaltungsaufgaben und Papierkram reduziert. Dadurch wird die Produktivit\u00e4t gesteigert und es werden Kosten gespart.<\/p>\n<h4 style=\"padding-left: 80px;\"><span style=\"color: #0069b4;\"><strong>Verbesserte Genauigkeit:<\/strong> <\/span><\/h4>\n<p style=\"padding-left: 80px;\">Schulungen helfen den Mitarbeitenden, das System richtig zu nutzen, wodurch Inkorrektheiten bei der Dateneingabe, der Lohnabrechnung und anderen wichtigen HR-Funktionen reduziert werden. Das wiederum verbessert die Compliance und verhindert kostspielige Fehler.<\/p>\n<h4 style=\"padding-left: 80px;\"><span style=\"color: #0069b4;\"><strong>Gest\u00e4rktes Vertrauen der Mitarbeitenden:<\/strong> <\/span><\/h4>\n<p style=\"padding-left: 80px;\">Schulungen st\u00e4rken das Vertrauen in das und die Vertrautheit mit dem HR-System. Das best\u00e4rkt Mitarbeitende darin, das System in vollem Umfang zu verwenden, damit keine wertvollen Features ungenutzt bleiben.<\/p>\n<h4 style=\"padding-left: 80px;\"><span style=\"color: #0069b4;\"><strong>Anpassungsf\u00e4higkeit:<\/strong> <\/span><\/h4>\n<p style=\"padding-left: 80px;\">HR-Systeme erhalten h\u00e4ufig Updates und neue Features. Schulungen sorgen daf\u00fcr, dass sich die Mitarbeitenden nahtlos auf diese \u00c4nderungen einstellen k\u00f6nnen und mit den neuesten Funktionen sowie bew\u00e4hrten Verfahren auf dem Laufenden bleiben.<\/p>\n<h4 style=\"padding-left: 80px;\"><span style=\"color: #0069b4;\"><strong>H\u00f6here Mitarbeiterzufriedenheit:<\/strong> <\/span><\/h4>\n<p style=\"padding-left: 80px;\">Ein benutzerfreundliches HR-System steigert die Zufriedenheit des Personals. Mitarbeitende, die problemlos auf ihre Aufgaben zugreifen und diese verwalten k\u00f6nnen, sind motivierter und zufriedener mit ihrem Arbeitsumfeld.<\/p>\n<h4 style=\"padding-left: 80px;\"><span style=\"color: #0069b4;\"><strong>Weniger Support und Betreuung:<\/strong> <\/span><\/h4>\n<p style=\"padding-left: 80px;\">Gut geschulte Mitarbeitende ben\u00f6tigen seltener umfassende Unterst\u00fctzung bei HR-bezogenen Aufgaben. Dadurch haben Kollegen in der Personalverwaltung mehr Zeit, sich auf strategische Initiativen zu konzentrieren.<\/p>\n<h4 style=\"padding-left: 80px;\"><span style=\"color: #0069b4;\"><strong>Compliance und Risikominderung<\/strong>: <\/span><\/h4>\n<p style=\"padding-left: 80px;\">Schulungen helfen den Mitarbeitenden, HR-Richtlinien und rechtliche Anforderungen zu verstehen und einzuhalten. Dadurch wird das Risiko der Nichteinhaltung von Vorschriften und m\u00f6glicher rechtlicher Probleme f\u00fcr das Unternehmen verringert.<\/p>\n<h4 style=\"padding-left: 80px;\"><strong>Talent Development:<\/strong><\/h4>\n<p style=\"padding-left: 80px;\">Schulungen zum HR-System k\u00f6nnen Teil umfassenderer Initiativen zur Talentf\u00f6rderung sein. Die Mitarbeitenden k\u00f6nnen sich neue F\u00e4higkeiten aneignen, die auf andere Funktionen innerhalb des Unternehmens \u00fcbertragbar sind. Das unterst\u00fctzt Karriereentwicklung und Mitarbeiterbindung.<\/p>\n<h4 style=\"padding-left: 80px;\"><strong>Wettbewerbsvorteil:<\/strong><\/h4>\n<p style=\"padding-left: 80px;\">Unternehmen, die in die Weiterbildung ihrer Mitarbeitenden investieren, bekr\u00e4ftigen ihr Engagement f\u00fcr deren berufliche Weiterentwicklung. Das kann Top-Talente anziehen und als Wettbewerbsvorteil auf dem Arbeitsmarkt dienen.<\/p>\n<h4 style=\"padding-left: 80px;\"><strong>Kosteneinsparungen:<\/strong><\/h4>\n<p style=\"padding-left: 80px;\">Obwohl es sich um eine anf\u00e4ngliche Investition handelt, k\u00f6nnen Schulungen langfristig zu erheblichen Kosteneinsparungen f\u00fchren. Die Effizienz wird gesteigert, die Fehlerquote reduziert und die Abh\u00e4ngigkeit von externen HR-Dienstleistungen verringert.<\/p>\n<p>&nbsp;<\/p>\n<h2><strong>Warum sollten Sie uns als Schulungspartner w\u00e4hlen?<\/strong><\/h2>\n<p>Als erfahrener Sage People Partner verf\u00fcgen wir \u00fcber das Wissen und die Erfahrung, um sicherzustellen, dass Sie Ihr Sage People System optimal nutzen. Unsere zertifizierten Sage People Berater weisen umfassende HRIS-Kenntnisse und \u00fcber 50 Jahre technische Erfahrung bei der Implementierung und Unterst\u00fctzung von HR-Systemen auf. Unser globales Kundennetzwerk zeugt von unserer F\u00e4higkeit und unserem Erfolg bei der Erbringung au\u00dfergew\u00f6hnlicher Dienstleistungen auf der ganzen Welt.<\/p>\n<p>Vor dem Beginn der ma\u00dfgeschneiderten Schulung nehmen wir uns die Zeit, Ihre spezifischen Anforderungen und Ziele genau zu verstehen. So k\u00f6nnen wir das Programm auf den von Ihrem Team bevorzugten Ablauf abstimmen. Unser Expertenteam vermittelt Ihnen nach den besten Methoden sein fundiertes Wissen \u00fcber die optimale Verwaltung und Pflege Ihres Systems. Dar\u00fcber hinaus k\u00f6nnen wir die Schulungen auf Ihr eigenes Sage People System zuschneiden, statt die Standardversion von Sage People zu nutzen. Auf diese Weise wird sichergestellt, dass Ihr Team genau in dem System geschult wird, das es verwendet. Das macht das Ganze umso ertragreicher.<\/p>\n<p>Es ist uns eine Herzensangelegenheit, unser Wissen auf eine zug\u00e4ngliche, unterhaltsame und interaktive Art weiterzugeben. Unsere Schulungsdienste zielen darauf ab, internes Fachwissen Ihren spezifischen Anforderungen entsprechend zu erweitern und dabei sowohl die Personalabteilung als auch die Endbenutzer einzubeziehen. Wir wollen Ihre Mitarbeitenden mit den F\u00e4higkeiten und dem Verst\u00e4ndnis ausstatten, die f\u00fcr die Verwaltung und Wartung Ihres HRIS erforderlich sind. Sie sollen in der Lage sein, \u00c4nderungen vorzunehmen und neue Funktionen bereitzustellen. So senken Sie letztendlich Ihre Gesamtbetriebskosten und maximieren die Rentabilit\u00e4t Ihrer Investition in das HR-System Sage People.<\/p>\n<h2><strong>Wie hoch sind die Kosten?<\/strong><\/h2>\n<p>Schulungen werden in der Regel zu einem Stundensatz angeboten, der zum Zeitpunkt der Buchung besprochen und vereinbart wird.<\/p>\n<h2><strong>Erweiterte Schulungsoptionen<\/strong><\/h2>\n<p>Damit Ihr HR-Team und Ihre Benutzer nach der Schulung weiterhin \u00fcber den gleichen Wissensstand und die gleiche Sicherheit bei der Navigation und Verwaltung Ihres Systems verf\u00fcgen, bieten wir Pakete f\u00fcr Ad-hoc-Fernschulungen an. Das ist ein \u201eSchulungssicherheitsnetz\u201c f\u00fcr die Bew\u00e4ltigung ungewohnter Aspekte. Gleichzeitig sind die Mitarbeitenden damit immer auf dem neuesten Stand, was die Features und Funktionen angeht, die Sie in Zukunft einf\u00fchren k\u00f6nnten. Auf diese Weise k\u00f6nnen Sie sicher sein, dass Ihre Mitarbeitenden das System beherrschen und anpassungsf\u00e4hig bleiben.<\/p>\n<h2><span style=\"color: #0069b4;\"><strong>Wie gehts weiter?<\/strong><\/span><\/h2>\n<p>Wenn Sie mehr \u00fcber unsere ma\u00dfgeschneiderten Sage People Schulungen erfahren und Ihren individuellen Bedarf besprechen m\u00f6chten, kontaktieren Sie uns bitte unter <strong><span style=\"color: #0069b4;\">+44(0)1908 030360<\/span><\/strong> oder per E-Mail an <strong><span style=\"color: #0069b4;\"><a style=\"color: #0069b4;\" href=\"mailto:info@tugelapeople.com\">info@tugelapeople.com<\/a><\/span><\/strong>. Alternativ k\u00f6nnen Sie auch gerne das Formular \u201e<a href=\"https:\/\/tugelapeople.com\/de\/kontakt\/kontakt-aufnehmen\/\" data-trigger=\"popup\">Kontakt aufnehmen<\/a>\u201c ausf\u00fcllen. <span style=\"color: #0069b4;\"><span style=\"color: #5c656d;\">Ein Mitglied unseres Teams wird sich dann direkt mit Ihnen in Verbindung setzen.<\/span><\/span><\/p>\n<p>&nbsp;<\/p>\n<h3>Zum Herunterladen eines Exemplars der Schulungsangebot-Brosch\u00fcre einfach auf das nachstehende Bild klicken.<\/h3>\n<p><a href=\"https:\/\/tugelapeople.com\/wp-content\/uploads\/Bespoke-Training-for-Sage-People_V2_2023.pdf\"><img loading=\"lazy\" decoding=\"async\" class=\"size-medium wp-image-5915\" src=\"https:\/\/tugelapeople.com\/wp-content\/uploads\/Bespoke-Training-for-Sage-People-318x450.jpg\" alt=\"Wir bieten ma\u00dfgeschneiderte Schulungen f\u00fcr das Sage People HRIS an. Erfahren Sie mehr.\" width=\"318\" height=\"450\" srcset=\"https:\/\/tugelapeople.com\/wp-content\/uploads\/Bespoke-Training-for-Sage-People-318x450.jpg 318w, https:\/\/tugelapeople.com\/wp-content\/uploads\/Bespoke-Training-for-Sage-People-919x1300.jpg 919w, https:\/\/tugelapeople.com\/wp-content\/uploads\/Bespoke-Training-for-Sage-People-768x1086.jpg 768w, https:\/\/tugelapeople.com\/wp-content\/uploads\/Bespoke-Training-for-Sage-People-1086x1536.jpg 1086w, https:\/\/tugelapeople.com\/wp-content\/uploads\/Bespoke-Training-for-Sage-People.jpg 1414w\" sizes=\"auto, (max-width: 318px) 100vw, 318px\" \/><\/a><\/p>\n<p>&nbsp;<\/p>\n","protected":false},"excerpt":{"rendered":"<p>Ma\u00dfgeschneiderte Sage People Schulungen Umfassende Service- und Supportleistungen f\u00fcr Ihr HR-System Als langj\u00e4hriger und etablierter Sage People Partner mit akkreditiertem Schulungsstatus entwickeln und liefern wir weltweit hochwertige Sage People Schulungspakete&#8230;.<\/p>\n","protected":false},"author":13,"featured_media":0,"parent":7214,"menu_order":25,"comment_status":"closed","ping_status":"closed","template":"","meta":{"_acf_changed":false,"content-type":"","footnotes":""},"services":[],"offices":[],"class_list":["post-7223","page","type-page","status-publish","hentry","pagetype-service"],"acf":[],"yoast_head":"<!-- This site is optimized with the Yoast SEO plugin v26.8 - https:\/\/yoast.com\/product\/yoast-seo-wordpress\/ -->\n<title>Sage People Schulungen - Tugela People<\/title>\n<meta name=\"description\" content=\"Unsere ma\u00dfgeschneiderten Sage People Schulungspakete sind flexibel und kosteng\u00fcnstig. Finden Sie mehr dar\u00fcber heraus.\" \/>\n<meta name=\"robots\" content=\"index, follow, max-snippet:-1, max-image-preview:large, max-video-preview:-1\" \/>\n<link rel=\"canonical\" href=\"https:\/\/tugelapeople.com\/services-solutions\/hr-systems\/sage-people\/sage-training\/\" \/>\n<meta property=\"og:locale\" content=\"en_GB\" \/>\n<meta property=\"og:type\" content=\"article\" \/>\n<meta property=\"og:title\" content=\"Sage People Schulungen - Tugela People\" \/>\n<meta property=\"og:description\" content=\"Unsere ma\u00dfgeschneiderten Sage People Schulungspakete sind flexibel und kosteng\u00fcnstig. Finden Sie mehr dar\u00fcber heraus.\" \/>\n<meta property=\"og:url\" content=\"https:\/\/tugelapeople.com\/services-solutions\/hr-systems\/sage-people\/sage-training\/\" \/>\n<meta property=\"og:site_name\" content=\"Tugela People\" \/>\n<meta property=\"article:modified_time\" content=\"2024-02-21T12:18:20+00:00\" \/>\n<meta property=\"og:image\" content=\"https:\/\/tugelapeople.com\/wp-content\/uploads\/Bespoke-Training-for-Sage-People-318x450.jpg\" \/>\n<meta name=\"twitter:card\" content=\"summary_large_image\" \/>\n<script type=\"application\/ld+json\" class=\"yoast-schema-graph\">{\"@context\":\"https:\/\/schema.org\",\"@graph\":[{\"@type\":\"WebPage\",\"@id\":\"https:\/\/tugelapeople.com\/services-solutions\/hr-systems\/sage-people\/sage-training\/\",\"url\":\"https:\/\/tugelapeople.com\/services-solutions\/hr-systems\/sage-people\/sage-training\/\",\"name\":\"Sage People Schulungen - Tugela People\",\"isPartOf\":{\"@id\":\"https:\/\/tugelapeople.com\/#website\"},\"primaryImageOfPage\":{\"@id\":\"https:\/\/tugelapeople.com\/services-solutions\/hr-systems\/sage-people\/sage-training\/#primaryimage\"},\"image\":{\"@id\":\"https:\/\/tugelapeople.com\/services-solutions\/hr-systems\/sage-people\/sage-training\/#primaryimage\"},\"thumbnailUrl\":\"https:\/\/tugelapeople.com\/wp-content\/uploads\/Bespoke-Training-for-Sage-People-318x450.jpg\",\"datePublished\":\"2020-12-17T14:01:35+00:00\",\"dateModified\":\"2024-02-21T12:18:20+00:00\",\"description\":\"Unsere ma\u00dfgeschneiderten Sage People Schulungspakete sind flexibel und kosteng\u00fcnstig. Finden Sie mehr dar\u00fcber heraus.\",\"breadcrumb\":{\"@id\":\"https:\/\/tugelapeople.com\/services-solutions\/hr-systems\/sage-people\/sage-training\/#breadcrumb\"},\"inLanguage\":\"en-GB\",\"potentialAction\":[{\"@type\":\"ReadAction\",\"target\":[\"https:\/\/tugelapeople.com\/services-solutions\/hr-systems\/sage-people\/sage-training\/\"]}]},{\"@type\":\"ImageObject\",\"inLanguage\":\"en-GB\",\"@id\":\"https:\/\/tugelapeople.com\/services-solutions\/hr-systems\/sage-people\/sage-training\/#primaryimage\",\"url\":\"https:\/\/tugelapeople.com\/wp-content\/uploads\/Bespoke-Training-for-Sage-People-318x450.jpg\",\"contentUrl\":\"https:\/\/tugelapeople.com\/wp-content\/uploads\/Bespoke-Training-for-Sage-People-318x450.jpg\"},{\"@type\":\"BreadcrumbList\",\"@id\":\"https:\/\/tugelapeople.com\/services-solutions\/hr-systems\/sage-people\/sage-training\/#breadcrumb\",\"itemListElement\":[{\"@type\":\"ListItem\",\"position\":1,\"name\":\"Home\",\"item\":\"https:\/\/tugelapeople.com\/\"},{\"@type\":\"ListItem\",\"position\":2,\"name\":\"HRIS\",\"item\":\"https:\/\/tugelapeople.com\/services-solutions\/\"},{\"@type\":\"ListItem\",\"position\":3,\"name\":\"HR-Systeme\",\"item\":\"https:\/\/tugelapeople.com\/de\/hris\/hr-systeme\/\"},{\"@type\":\"ListItem\",\"position\":4,\"name\":\"Sage People\",\"item\":\"https:\/\/tugelapeople.com\/de\/hris\/hr-systeme\/sage-people\/\"},{\"@type\":\"ListItem\",\"position\":5,\"name\":\"Sage People Schulungen\"}]},{\"@type\":\"WebSite\",\"@id\":\"https:\/\/tugelapeople.com\/#website\",\"url\":\"https:\/\/tugelapeople.com\/\",\"name\":\"Tugela People\",\"description\":\"\",\"inLanguage\":\"en-GB\"}]}<\/script>\n<!-- \/ Yoast SEO plugin. -->","yoast_head_json":{"title":"Sage People Schulungen - Tugela People","description":"Unsere ma\u00dfgeschneiderten Sage People Schulungspakete sind flexibel und kosteng\u00fcnstig. Finden Sie mehr dar\u00fcber heraus.","robots":{"index":"index","follow":"follow","max-snippet":"max-snippet:-1","max-image-preview":"max-image-preview:large","max-video-preview":"max-video-preview:-1"},"canonical":"https:\/\/tugelapeople.com\/services-solutions\/hr-systems\/sage-people\/sage-training\/","og_locale":"en_GB","og_type":"article","og_title":"Sage People Schulungen - Tugela People","og_description":"Unsere ma\u00dfgeschneiderten Sage People Schulungspakete sind flexibel und kosteng\u00fcnstig. Finden Sie mehr dar\u00fcber heraus.","og_url":"https:\/\/tugelapeople.com\/services-solutions\/hr-systems\/sage-people\/sage-training\/","og_site_name":"Tugela People","article_modified_time":"2024-02-21T12:18:20+00:00","og_image":[{"url":"https:\/\/tugelapeople.com\/wp-content\/uploads\/Bespoke-Training-for-Sage-People-318x450.jpg","type":"","width":"","height":""}],"twitter_card":"summary_large_image","schema":{"@context":"https:\/\/schema.org","@graph":[{"@type":"WebPage","@id":"https:\/\/tugelapeople.com\/services-solutions\/hr-systems\/sage-people\/sage-training\/","url":"https:\/\/tugelapeople.com\/services-solutions\/hr-systems\/sage-people\/sage-training\/","name":"Sage People Schulungen - Tugela People","isPartOf":{"@id":"https:\/\/tugelapeople.com\/#website"},"primaryImageOfPage":{"@id":"https:\/\/tugelapeople.com\/services-solutions\/hr-systems\/sage-people\/sage-training\/#primaryimage"},"image":{"@id":"https:\/\/tugelapeople.com\/services-solutions\/hr-systems\/sage-people\/sage-training\/#primaryimage"},"thumbnailUrl":"https:\/\/tugelapeople.com\/wp-content\/uploads\/Bespoke-Training-for-Sage-People-318x450.jpg","datePublished":"2020-12-17T14:01:35+00:00","dateModified":"2024-02-21T12:18:20+00:00","description":"Unsere ma\u00dfgeschneiderten Sage People Schulungspakete sind flexibel und kosteng\u00fcnstig. Finden Sie mehr dar\u00fcber heraus.","breadcrumb":{"@id":"https:\/\/tugelapeople.com\/services-solutions\/hr-systems\/sage-people\/sage-training\/#breadcrumb"},"inLanguage":"en-GB","potentialAction":[{"@type":"ReadAction","target":["https:\/\/tugelapeople.com\/services-solutions\/hr-systems\/sage-people\/sage-training\/"]}]},{"@type":"ImageObject","inLanguage":"en-GB","@id":"https:\/\/tugelapeople.com\/services-solutions\/hr-systems\/sage-people\/sage-training\/#primaryimage","url":"https:\/\/tugelapeople.com\/wp-content\/uploads\/Bespoke-Training-for-Sage-People-318x450.jpg","contentUrl":"https:\/\/tugelapeople.com\/wp-content\/uploads\/Bespoke-Training-for-Sage-People-318x450.jpg"},{"@type":"BreadcrumbList","@id":"https:\/\/tugelapeople.com\/services-solutions\/hr-systems\/sage-people\/sage-training\/#breadcrumb","itemListElement":[{"@type":"ListItem","position":1,"name":"Home","item":"https:\/\/tugelapeople.com\/"},{"@type":"ListItem","position":2,"name":"HRIS","item":"https:\/\/tugelapeople.com\/services-solutions\/"},{"@type":"ListItem","position":3,"name":"HR-Systeme","item":"https:\/\/tugelapeople.com\/de\/hris\/hr-systeme\/"},{"@type":"ListItem","position":4,"name":"Sage People","item":"https:\/\/tugelapeople.com\/de\/hris\/hr-systeme\/sage-people\/"},{"@type":"ListItem","position":5,"name":"Sage People Schulungen"}]},{"@type":"WebSite","@id":"https:\/\/tugelapeople.com\/#website","url":"https:\/\/tugelapeople.com\/","name":"Tugela People","description":"","inLanguage":"en-GB"}]}},"_links":{"self":[{"href":"https:\/\/tugelapeople.com\/de\/wp-json\/wp\/v2\/pages\/7223","targetHints":{"allow":["GET"]}}],"collection":[{"href":"https:\/\/tugelapeople.com\/de\/wp-json\/wp\/v2\/pages"}],"about":[{"href":"https:\/\/tugelapeople.com\/de\/wp-json\/wp\/v2\/types\/page"}],"author":[{"embeddable":true,"href":"https:\/\/tugelapeople.com\/de\/wp-json\/wp\/v2\/users\/13"}],"replies":[{"embeddable":true,"href":"https:\/\/tugelapeople.com\/de\/wp-json\/wp\/v2\/comments?post=7223"}],"version-history":[{"count":2,"href":"https:\/\/tugelapeople.com\/de\/wp-json\/wp\/v2\/pages\/7223\/revisions"}],"predecessor-version":[{"id":7328,"href":"https:\/\/tugelapeople.com\/de\/wp-json\/wp\/v2\/pages\/7223\/revisions\/7328"}],"up":[{"embeddable":true,"href":"https:\/\/tugelapeople.com\/de\/wp-json\/wp\/v2\/pages\/7214"}],"wp:attachment":[{"href":"https:\/\/tugelapeople.com\/de\/wp-json\/wp\/v2\/media?parent=7223"}],"wp:term":[{"taxonomy":"services","embeddable":true,"href":"https:\/\/tugelapeople.com\/de\/wp-json\/wp\/v2\/services?post=7223"},{"taxonomy":"offices","embeddable":true,"href":"https:\/\/tugelapeople.com\/de\/wp-json\/wp\/v2\/offices?post=7223"}],"curies":[{"name":"wp","href":"https:\/\/api.w.org\/{rel}","templated":true}]}}