{"id":7220,"date":"2023-08-08T10:21:58","date_gmt":"2023-08-08T10:21:58","guid":{"rendered":"https:\/\/tugelapeople.com\/sage-people-managed-services\/short-order-queue-soq-service\/"},"modified":"2024-03-22T14:49:07","modified_gmt":"2024-03-22T14:49:07","slug":"short-order-queue-soq-service","status":"publish","type":"page","link":"https:\/\/tugelapeople.com\/de\/hris\/hr-systeme\/sage-people\/sage-people-managed-services\/short-order-queue-soq-service\/","title":{"rendered":"Short Order Queue (SOQ) Service"},"content":{"rendered":"<h4><span style=\"color: #0069b4;\"><strong>M\u00fcssen Sie \u00c4nderungen an bestehenden Funktionen vornehmen oder neue Funktionen in Sage People implementieren?<\/strong><\/span><\/h4>\n<h4><span style=\"color: #0069b4;\"><strong>Ben\u00f6tigen Sie f\u00fcr die Umsetzung dieser \u00c4nderungen die Unterst\u00fctzung eines erfahrenen technischen Partners?<\/strong><\/span><\/h4>\n<h2><strong>Lassen Sie uns Ihnen helfen.<\/strong><\/h2>\n<h3>Wir stellen vor: Unser Short Order Queue Service<\/h3>\n<p>Wenn Ihre Anforderungen \u00fcber die Erstkonfiguration des Systems hinausgehen, sind wir f\u00fcr Sie da, um sie zu verwirklichen. Short Order Queue (SOQ) Arbeit wird als \u201eMiniprojekte\u201c bezeichnet\u00a0 und geht \u00fcber den typischen t\u00e4glichen Support hinaus, da es eine umfangreichere Konfiguration erfordert.<\/p>\n<p>Im Gegensatz zu regul\u00e4ren Managed Services Support-Tickets erfordert die SOQ-Arbeit einen projektbasierten Ansatz.<\/p>\n<p>W\u00e4hrend der gesamten Dauer des SOQ-Projekts stellen wir in Zusammenarbeit mit unseren Kunden sicher, dass ihre Anforderungen nahtlos in Systemfunktionen umgesetzt werden. Dabei entwerfen und erstellen wir Prozesse, die auf die individuellen Bed\u00fcrfnisse unserer Kunden zugeschnitten sind.<\/p>\n<h2><strong>Wie funktioniert das?<\/strong><\/h2>\n<p>Bei der Durchf\u00fchrung von SOQ-Arbeit wird der Kunde w\u00e4hrend des gesamten Prozesses unterst\u00fctzt, von der Initiierungsphase (in der das Projekt angesto\u00dfen wird) bis zur Implementierungsphase. Wir halten uns an die bew\u00e4hrten dokumentierten Prozesse von <a href=\"https:\/\/tugelapeople.com\/de\/hris\/hr-systeme\/sage-people\/\">Sage People <\/a>, genau wie <a href=\"https:\/\/tugelapeople.com\/de\/hris\/hr-systeme\/sage-people\/support-fur-sage-people-implementierung\/\">bei einer vollst\u00e4ndigen Systemimplementierung<\/a>, um ein gr\u00fcndliches Verst\u00e4ndnis und die Umsetzung der Anforderungen unseres Kunden zu gew\u00e4hrleisten.<\/p>\n<p>Regelm\u00e4\u00dfige Treffen und Schulungen\/Coachings sind integraler Bestandteil dieses Prozesses. So k\u00f6nnen unsere Kunden miterleben, wie aus einer Idee auf dem Papier ein greifbarer, realer Prozess wird, den sie \u00fcber Jahre hinweg nutzen k\u00f6nnen. Mit unserer gezielten Unterst\u00fctzung wird Ihre Vision zur Realit\u00e4t \u2013 und wir stehen Ihnen dabei bei jedem Schritt zur Seite.<\/p>\n<p>Der Kunde erh\u00e4lt umfassenden Support, sowohl w\u00e4hrend als auch nach dem Go-live. Unsere ma\u00dfgeschneiderte Kommunikation mit Benutzerhandb\u00fcchern, Systemhinweisen und personalisierten Einf\u00fchrungsvideos geht \u00fcber den HR-Support hinaus und richtet sich an das gesamte Unternehmen. So kann die Personalabteilung des Kunden Probleme beheben und das Unternehmen durch die Umstellung f\u00fchren \u2013 und zwar in der Gewissheit, dass unser Managed Services Team bei Bedarf zus\u00e4tzliche Unterst\u00fctzung leisten kann, um einen nahtlosen und erfolgreichen \u00dcbergang zu gew\u00e4hrleisten.<\/p>\n<h2><strong>Beispiel f\u00fcr SOQ-Arbeit<\/strong><\/h2>\n<p>Unser <a href=\"https:\/\/tugelapeople.com\/de\/hris\/hr-systeme\/sage-people\/sage-people-managed-services\/\">Managed Services<\/a> Team zeichnet sich durch regelm\u00e4\u00dfige SOQ-Arbeit f\u00fcr bestehende und neue Kunden aus. Wir haben eine nachweisliche Erfolgsbilanz und sind stolz darauf, unsere Kunden mit ma\u00dfgeschneiderten L\u00f6sungen zu versorgen, die ihre HR-Prozesse verbessern und ihre Gesamteffizienz steigern.<\/p>\n<p>Unser Portfolio umfasst eine Vielzahl erfolgreicher SOQ-Projekte f\u00fcr unsere Kunden, darunter eine ausgefeilte Verg\u00fctungsplanung mit umfassenden Berechnungen, eine optimierte Automatisierung der Personalverwaltung und die Implementierung aktueller Leistungskonfigurationen. Diese Serviceleistungen sind f\u00fcr die Personalabteilung, die Manager und die Teammitglieder von unsch\u00e4tzbarem Wert.<\/p>\n<h2><strong>Warum sollten Sie mit Tugela People zusammenarbeiten?<\/strong><\/h2>\n<h3>Ganz einfach: Wir machen den Systemwechsel zum Kinderspiel!<\/h3>\n<p>Wir haben mit einer Vielzahl von Kunden zusammengearbeitet und liefern seit \u00fcber zehn Jahren erfolgreich ma\u00dfgeschneiderte L\u00f6sungen f\u00fcr Sage People. Wir wissen also, wie \u201egut\u201c aussieht.<\/p>\n<p>Ihnen wird ein spezieller HRIS-Berater zugewiesen, der sich um Ihre SOQ-Arbeit k\u00fcmmert. Dadurch, dass Sie nur diesen einen Ansprechpartner haben, ist die Kommunikation einfach und effektiv. Au\u00dferdem k\u00f6nnen wir auf diese Weise wertvolle Trends und Erfahrungen erfassen und so unser Wissen und unsere Kompetenz erweitern. Das Ergebnis ist, dass unsere Kunden die Fr\u00fcchte kontinuierlicher Verbesserungen und verbesserter Dienstleistungen ernten.<\/p>\n<p>Bestimmte Projekte erfordern zus\u00e4tzliche Genehmigungen von Sage \u2013 darum k\u00fcmmern wir uns f\u00fcr Sie. Wir stellen Ihnen eine umfassende Dokumentation zur Verf\u00fcgung, in der die von uns geleistete Arbeit und die Gr\u00fcnde daf\u00fcr genau beschrieben werden. Sie kann sich zu einem sp\u00e4teren Zeitpunkt noch als n\u00fctzlich erweisen.<\/p>\n<h4>Arbeiten Sie mit uns zusammen und profitieren Sie von einer nahtlosen und lohnenden HRIS-L\u00f6sung!<\/h4>\n<h2><\/h2>\n<h2><strong>Sie wollen mit uns arbeiten?<\/strong><\/h2>\n<p>Setzen Sie sich am besten gleich mit uns in Verbindung, um weitere Informationen zu erhalten oder Ihre SOQ-Projektanforderungen zu besprechen: Tel. <a href=\"tel:01908030360\">+44(0)1908 030360<\/a>\u00a0oder E-Mail:\u00a0<a href=\"mailto:info@tugelapeople.com\"><strong>info@tugelapeople.com<\/strong><\/a>.\u00a0Alternativ k\u00f6nnen Sie auch gerne das Formular \u201e<a href=\"https:\/\/tugelapeople.com\/de\/kontakt\/kontakt-aufnehmen\/\" data-trigger=\"popup\">Kontakt aufnehmen<\/a>\u201c ausf\u00fcllen. Ein Mitglied unseres Teams wird sich dann mit Ihnen in Verbindung setzen.<\/p>\n<p><em>\u00a0<\/em><\/p>\n","protected":false},"excerpt":{"rendered":"<p>M\u00fcssen Sie \u00c4nderungen an bestehenden Funktionen vornehmen oder neue Funktionen in Sage People implementieren? Ben\u00f6tigen Sie f\u00fcr die Umsetzung dieser \u00c4nderungen die Unterst\u00fctzung eines erfahrenen technischen Partners? Lassen Sie uns&#8230;<\/p>\n","protected":false},"author":2,"featured_media":6599,"parent":7213,"menu_order":4,"comment_status":"closed","ping_status":"closed","template":"","meta":{"_acf_changed":false,"content-type":"","footnotes":""},"services":[],"offices":[],"class_list":["post-7220","page","type-page","status-publish","has-post-thumbnail","hentry"],"acf":[],"yoast_head":"<!-- This site is optimized with the Yoast SEO plugin v26.8 - https:\/\/yoast.com\/product\/yoast-seo-wordpress\/ -->\n<title>Short Order Queue (SOQ) Service f\u00fcr Sage People | Tugela People<\/title>\n<meta name=\"description\" content=\"Technische Unterst\u00fctzung bei der Implementierung von \u00c4nderungen an Features und Funktionen in Ihrem Sage People HRIS. Erfahren Sie mehr:\" \/>\n<meta name=\"robots\" content=\"index, follow, max-snippet:-1, max-image-preview:large, max-video-preview:-1\" \/>\n<link rel=\"canonical\" href=\"https:\/\/tugelapeople.com\/de\/hris\/hr-systeme\/sage-people\/sage-people-managed-services\/short-order-queue-soq-service\/\" \/>\n<meta property=\"og:locale\" content=\"en_GB\" \/>\n<meta property=\"og:type\" content=\"article\" \/>\n<meta property=\"og:title\" content=\"Short Order Queue (SOQ) Service f\u00fcr Sage People | Tugela People\" \/>\n<meta property=\"og:description\" content=\"Technische Unterst\u00fctzung bei der Implementierung von \u00c4nderungen an Features und Funktionen in Ihrem Sage People HRIS. Erfahren Sie mehr:\" \/>\n<meta property=\"og:url\" content=\"https:\/\/tugelapeople.com\/de\/hris\/hr-systeme\/sage-people\/sage-people-managed-services\/short-order-queue-soq-service\/\" \/>\n<meta property=\"og:site_name\" content=\"Tugela People\" \/>\n<meta property=\"article:modified_time\" content=\"2024-03-22T14:49:07+00:00\" \/>\n<meta property=\"og:image\" content=\"https:\/\/tugelapeople.com\/wp-content\/uploads\/home-banner-2.jpg\" \/>\n\t<meta property=\"og:image:width\" content=\"2000\" \/>\n\t<meta property=\"og:image:height\" content=\"613\" \/>\n\t<meta property=\"og:image:type\" content=\"image\/jpeg\" \/>\n<meta name=\"twitter:card\" content=\"summary_large_image\" \/>\n<script type=\"application\/ld+json\" class=\"yoast-schema-graph\">{\"@context\":\"https:\/\/schema.org\",\"@graph\":[{\"@type\":\"WebPage\",\"@id\":\"https:\/\/tugelapeople.com\/de\/hris\/hr-systeme\/sage-people\/sage-people-managed-services\/short-order-queue-soq-service\/\",\"url\":\"https:\/\/tugelapeople.com\/de\/hris\/hr-systeme\/sage-people\/sage-people-managed-services\/short-order-queue-soq-service\/\",\"name\":\"Short Order Queue (SOQ) Service f\u00fcr Sage People | Tugela People\",\"isPartOf\":{\"@id\":\"https:\/\/tugelapeople.com\/#website\"},\"primaryImageOfPage\":{\"@id\":\"https:\/\/tugelapeople.com\/de\/hris\/hr-systeme\/sage-people\/sage-people-managed-services\/short-order-queue-soq-service\/#primaryimage\"},\"image\":{\"@id\":\"https:\/\/tugelapeople.com\/de\/hris\/hr-systeme\/sage-people\/sage-people-managed-services\/short-order-queue-soq-service\/#primaryimage\"},\"thumbnailUrl\":\"https:\/\/tugelapeople.com\/wp-content\/uploads\/home-banner-2.jpg\",\"datePublished\":\"2023-08-08T10:21:58+00:00\",\"dateModified\":\"2024-03-22T14:49:07+00:00\",\"description\":\"Technische Unterst\u00fctzung bei der Implementierung von \u00c4nderungen an Features und Funktionen in Ihrem Sage People HRIS. Erfahren Sie mehr:\",\"breadcrumb\":{\"@id\":\"https:\/\/tugelapeople.com\/de\/hris\/hr-systeme\/sage-people\/sage-people-managed-services\/short-order-queue-soq-service\/#breadcrumb\"},\"inLanguage\":\"en-GB\",\"potentialAction\":[{\"@type\":\"ReadAction\",\"target\":[\"https:\/\/tugelapeople.com\/de\/hris\/hr-systeme\/sage-people\/sage-people-managed-services\/short-order-queue-soq-service\/\"]}]},{\"@type\":\"ImageObject\",\"inLanguage\":\"en-GB\",\"@id\":\"https:\/\/tugelapeople.com\/de\/hris\/hr-systeme\/sage-people\/sage-people-managed-services\/short-order-queue-soq-service\/#primaryimage\",\"url\":\"https:\/\/tugelapeople.com\/wp-content\/uploads\/home-banner-2.jpg\",\"contentUrl\":\"https:\/\/tugelapeople.com\/wp-content\/uploads\/home-banner-2.jpg\",\"width\":2000,\"height\":613},{\"@type\":\"BreadcrumbList\",\"@id\":\"https:\/\/tugelapeople.com\/de\/hris\/hr-systeme\/sage-people\/sage-people-managed-services\/short-order-queue-soq-service\/#breadcrumb\",\"itemListElement\":[{\"@type\":\"ListItem\",\"position\":1,\"name\":\"Home\",\"item\":\"https:\/\/tugelapeople.com\/\"},{\"@type\":\"ListItem\",\"position\":2,\"name\":\"HRIS\",\"item\":\"https:\/\/tugelapeople.com\/services-solutions\/\"},{\"@type\":\"ListItem\",\"position\":3,\"name\":\"HR-Systeme\",\"item\":\"https:\/\/tugelapeople.com\/de\/hris\/hr-systeme\/\"},{\"@type\":\"ListItem\",\"position\":4,\"name\":\"Sage People\",\"item\":\"https:\/\/tugelapeople.com\/de\/hris\/hr-systeme\/sage-people\/\"},{\"@type\":\"ListItem\",\"position\":5,\"name\":\"Sage People Managed Services\",\"item\":\"https:\/\/tugelapeople.com\/de\/hris\/hr-systeme\/sage-people\/sage-people-managed-services\/\"},{\"@type\":\"ListItem\",\"position\":6,\"name\":\"Short Order Queue (SOQ) Service\"}]},{\"@type\":\"WebSite\",\"@id\":\"https:\/\/tugelapeople.com\/#website\",\"url\":\"https:\/\/tugelapeople.com\/\",\"name\":\"Tugela People\",\"description\":\"\",\"inLanguage\":\"en-GB\"}]}<\/script>\n<!-- \/ Yoast SEO plugin. -->","yoast_head_json":{"title":"Short Order Queue (SOQ) Service f\u00fcr Sage People | Tugela People","description":"Technische Unterst\u00fctzung bei der Implementierung von \u00c4nderungen an Features und Funktionen in Ihrem Sage People HRIS. Erfahren Sie mehr:","robots":{"index":"index","follow":"follow","max-snippet":"max-snippet:-1","max-image-preview":"max-image-preview:large","max-video-preview":"max-video-preview:-1"},"canonical":"https:\/\/tugelapeople.com\/de\/hris\/hr-systeme\/sage-people\/sage-people-managed-services\/short-order-queue-soq-service\/","og_locale":"en_GB","og_type":"article","og_title":"Short Order Queue (SOQ) Service f\u00fcr Sage People | Tugela People","og_description":"Technische Unterst\u00fctzung bei der Implementierung von \u00c4nderungen an Features und Funktionen in Ihrem Sage People HRIS. Erfahren Sie mehr:","og_url":"https:\/\/tugelapeople.com\/de\/hris\/hr-systeme\/sage-people\/sage-people-managed-services\/short-order-queue-soq-service\/","og_site_name":"Tugela People","article_modified_time":"2024-03-22T14:49:07+00:00","og_image":[{"width":2000,"height":613,"url":"https:\/\/tugelapeople.com\/wp-content\/uploads\/home-banner-2.jpg","type":"image\/jpeg"}],"twitter_card":"summary_large_image","schema":{"@context":"https:\/\/schema.org","@graph":[{"@type":"WebPage","@id":"https:\/\/tugelapeople.com\/de\/hris\/hr-systeme\/sage-people\/sage-people-managed-services\/short-order-queue-soq-service\/","url":"https:\/\/tugelapeople.com\/de\/hris\/hr-systeme\/sage-people\/sage-people-managed-services\/short-order-queue-soq-service\/","name":"Short Order Queue (SOQ) Service f\u00fcr Sage People | Tugela People","isPartOf":{"@id":"https:\/\/tugelapeople.com\/#website"},"primaryImageOfPage":{"@id":"https:\/\/tugelapeople.com\/de\/hris\/hr-systeme\/sage-people\/sage-people-managed-services\/short-order-queue-soq-service\/#primaryimage"},"image":{"@id":"https:\/\/tugelapeople.com\/de\/hris\/hr-systeme\/sage-people\/sage-people-managed-services\/short-order-queue-soq-service\/#primaryimage"},"thumbnailUrl":"https:\/\/tugelapeople.com\/wp-content\/uploads\/home-banner-2.jpg","datePublished":"2023-08-08T10:21:58+00:00","dateModified":"2024-03-22T14:49:07+00:00","description":"Technische Unterst\u00fctzung bei der Implementierung von \u00c4nderungen an Features und Funktionen in Ihrem Sage People HRIS. Erfahren Sie mehr:","breadcrumb":{"@id":"https:\/\/tugelapeople.com\/de\/hris\/hr-systeme\/sage-people\/sage-people-managed-services\/short-order-queue-soq-service\/#breadcrumb"},"inLanguage":"en-GB","potentialAction":[{"@type":"ReadAction","target":["https:\/\/tugelapeople.com\/de\/hris\/hr-systeme\/sage-people\/sage-people-managed-services\/short-order-queue-soq-service\/"]}]},{"@type":"ImageObject","inLanguage":"en-GB","@id":"https:\/\/tugelapeople.com\/de\/hris\/hr-systeme\/sage-people\/sage-people-managed-services\/short-order-queue-soq-service\/#primaryimage","url":"https:\/\/tugelapeople.com\/wp-content\/uploads\/home-banner-2.jpg","contentUrl":"https:\/\/tugelapeople.com\/wp-content\/uploads\/home-banner-2.jpg","width":2000,"height":613},{"@type":"BreadcrumbList","@id":"https:\/\/tugelapeople.com\/de\/hris\/hr-systeme\/sage-people\/sage-people-managed-services\/short-order-queue-soq-service\/#breadcrumb","itemListElement":[{"@type":"ListItem","position":1,"name":"Home","item":"https:\/\/tugelapeople.com\/"},{"@type":"ListItem","position":2,"name":"HRIS","item":"https:\/\/tugelapeople.com\/services-solutions\/"},{"@type":"ListItem","position":3,"name":"HR-Systeme","item":"https:\/\/tugelapeople.com\/de\/hris\/hr-systeme\/"},{"@type":"ListItem","position":4,"name":"Sage People","item":"https:\/\/tugelapeople.com\/de\/hris\/hr-systeme\/sage-people\/"},{"@type":"ListItem","position":5,"name":"Sage People Managed Services","item":"https:\/\/tugelapeople.com\/de\/hris\/hr-systeme\/sage-people\/sage-people-managed-services\/"},{"@type":"ListItem","position":6,"name":"Short Order Queue (SOQ) Service"}]},{"@type":"WebSite","@id":"https:\/\/tugelapeople.com\/#website","url":"https:\/\/tugelapeople.com\/","name":"Tugela People","description":"","inLanguage":"en-GB"}]}},"_links":{"self":[{"href":"https:\/\/tugelapeople.com\/de\/wp-json\/wp\/v2\/pages\/7220","targetHints":{"allow":["GET"]}}],"collection":[{"href":"https:\/\/tugelapeople.com\/de\/wp-json\/wp\/v2\/pages"}],"about":[{"href":"https:\/\/tugelapeople.com\/de\/wp-json\/wp\/v2\/types\/page"}],"author":[{"embeddable":true,"href":"https:\/\/tugelapeople.com\/de\/wp-json\/wp\/v2\/users\/2"}],"replies":[{"embeddable":true,"href":"https:\/\/tugelapeople.com\/de\/wp-json\/wp\/v2\/comments?post=7220"}],"version-history":[{"count":2,"href":"https:\/\/tugelapeople.com\/de\/wp-json\/wp\/v2\/pages\/7220\/revisions"}],"predecessor-version":[{"id":7321,"href":"https:\/\/tugelapeople.com\/de\/wp-json\/wp\/v2\/pages\/7220\/revisions\/7321"}],"up":[{"embeddable":true,"href":"https:\/\/tugelapeople.com\/de\/wp-json\/wp\/v2\/pages\/7213"}],"wp:featuredmedia":[{"embeddable":true,"href":"https:\/\/tugelapeople.com\/de\/wp-json\/wp\/v2\/media\/6599"}],"wp:attachment":[{"href":"https:\/\/tugelapeople.com\/de\/wp-json\/wp\/v2\/media?parent=7220"}],"wp:term":[{"taxonomy":"services","embeddable":true,"href":"https:\/\/tugelapeople.com\/de\/wp-json\/wp\/v2\/services?post=7220"},{"taxonomy":"offices","embeddable":true,"href":"https:\/\/tugelapeople.com\/de\/wp-json\/wp\/v2\/offices?post=7220"}],"curies":[{"name":"wp","href":"https:\/\/api.w.org\/{rel}","templated":true}]}}