{"id":7219,"date":"2020-12-17T14:01:35","date_gmt":"2020-12-17T14:01:35","guid":{"rendered":"https:\/\/tugelapeople.com\/sage-people-managed-services\/health-check\/"},"modified":"2024-04-09T15:04:21","modified_gmt":"2024-04-09T15:04:21","slug":"health-check","status":"publish","type":"page","link":"https:\/\/tugelapeople.com\/de\/hris\/hr-systeme\/sage-people\/sage-people-managed-services\/health-check\/","title":{"rendered":"Health Check"},"content":{"rendered":"<p><span class=\"has-inline-color\">Unser beliebter Sage People Health Check hilft Ihnen, das Beste aus Ihrem <a href=\"https:\/\/tugelapeople.com\/de\/hris\/hr-systeme\/sage-people\/\" rel=\"noopener\">Sage People System herauszuholen.<\/a><\/span><\/p>\n<p>Bei einem Health Check werden Bereiche mit Verbesserungspotenzial oder Unstimmigkeiten in Ihrem System untersucht, woraufhin wir Korrekturma\u00dfnahmen vorschlagen und gegebenenfalls Verbesserungen empfehlen. \u00a0Dadurch wird die Effizienz und Effektivit\u00e4t Ihres Sage People Systems verbessert und die Produktivit\u00e4t der Benutzer sowie ihre Akzeptanz des Systems erh\u00f6ht.<\/p>\n<h2><\/h2>\n<h2><span style=\"color: #0069b4;\"><strong><span class=\"has-inline-color\">Warum wird ein<\/span><\/strong><span class=\"has-inline-color\"> Health<\/span><strong><span class=\"has-inline-color\"> Check empfohlen?<\/span><\/strong><\/span><\/h2>\n<p><a href=\"https:\/\/www.selecthrm.co.uk\/hr-software\/792\/sage-people\" target=\"_blank\" rel=\"noopener\">HR-Systeme<\/a> entwickeln sich st\u00e4ndig weiter. Da Ihr Sage People System cloudbasiert ist, wird es oft automatisch mit neuen und verbesserten Funktionen aktualisiert, von denen Sie nichts wissen und die Sie noch nicht genutzt haben.<\/p>\n<p>Und nicht nur das System entwickelt sich weiter, auch Unternehmen entwickeln und ver\u00e4ndern sich im Laufe der Zeit. Manchmal bedeutet das, dass das HR-System, das Sie urspr\u00fcnglich eingef\u00fchrt haben, nicht mehr Ihren Anforderungen entspricht. In vielen F\u00e4llen m\u00fcssen Sie jedoch einfach das System, das Sie bereits haben, besser nutzen.<\/p>\n<p>Anforderungen \u00e4ndern sich, Prozesse entwickeln sich und Unternehmen wachsen. Mit einem Health Check k\u00f6nnen Sie sicherstellen, dass Ihr Sage People System auch weiterhin in der Lage ist, diese sich \u00e4ndernden Anforderungen zu unterst\u00fctzen.<\/p>\n<h2><\/h2>\n<h2><span style=\"color: #0069b4;\">Wie wird ein Health Check durchgef\u00fchrt?<\/span><\/h2>\n<ol>\n<li>In einem ersten Telefongespr\u00e4ch bestimmen wir die Schwerpunktbereiche und definieren den Umfang des Health Checks, woraufhin die Kosten- und Zeitfaktoren festgelegt und vereinbart werden.<\/li>\n<li>Wir beginnen mit einer gezielten Besprechung, um die Bereiche zu \u00fcberpr\u00fcfen, die in den Rahmen des Health Checks fallen. Wir planen auch einige Besprechungen zwischen dem Ihnen zugewiesenen Tugela People Spezialisten und Ihren wichtigsten Sage People System-Stakeholdern ein. Diese Besprechungen helfen uns bei der Priorisierung der Bereiche, auf die wir uns konzentrieren m\u00fcssen.<\/li>\n<li>Wir f\u00fchren den Health Check durch und dokumentieren unsere Ergebnisse und Empfehlungen.<\/li>\n<li>Die dokumentierten Ergebnisse senden wir an Sie zur\u00fcck. Dabei handelt es sich um eine Liste der untersuchten Bereiche, in der alle Unstimmigkeiten oder Probleme aufgef\u00fchrt sind, die wir bei der Konfiguration Ihres Sage People Systems festgestellt haben. Dort, wo etwas behoben werden muss oder wo es M\u00f6glichkeiten gibt, Prozesse zu verbessern, geben wir entsprechende Empfehlungen.<\/li>\n<li>Wenn Sie sich dazu entschlie\u00dfen, eine unserer Empfehlungen umzusetzen, k\u00f6nnen wir Ihnen dabei helfen, einen wirtschaftlich vertretbaren Business Case f\u00fcr die erforderlichen Investitionen zu erstellen.<\/li>\n<\/ol>\n<h2><\/h2>\n<h2><span style=\"color: #0069b4;\">Welche Vorteile bietet ein Health Check?<\/span><\/h2>\n<ul>\n<li>Im Rahmen des Health Checks wird Ihr derzeitiges Setup mit den bew\u00e4hrten Verfahren der Branche verglichen und es wird ermittelt, wie Sie Ihr HR-System am besten an die sich \u00e4ndernden Anforderungen Ihres Unternehmens anpassen k\u00f6nnen.<\/li>\n<li>Sie erhalten eine vollst\u00e4ndige Liste mit Empfehlungen einschlie\u00dflich Vorschl\u00e4gen f\u00fcr konkrete Ma\u00dfnahmen, die Ihnen dabei helfen, Ihr System auf den optimalen Stand zu bringen.<\/li>\n<li>Ihr Health Check wird von Sage People Experten durchgef\u00fchrt, die von einem Team mit umfassenden Kenntnissen und F\u00e4higkeiten im Bereich HR-Prozesse und \u00c4nderungsmanagement unterst\u00fctzt werden.<\/li>\n<li>Dank unserer umfassenden Erfahrung bei der weltweiten Implementierung und Unterst\u00fctzung von Sage People wissen wir, wie \u201egut\u201c aussieht.<\/li>\n<li>Der Health Check kann je nach Ihren Anforderungen entweder aus der Ferne oder vor Ort durchgef\u00fchrt werden.<\/li>\n<li>Er zeigt h\u00e4ufig Schulungsbedarf auf, dessen Deckung zur Steigerung der Produktivit\u00e4t und des Engagements der Mitarbeitenden beitr\u00e4gt. Als akkreditierter Partner f\u00fcr <a href=\"https:\/\/tugelapeople.com\/de\/hris\/hr-systeme\/sage-people\/sage-people-schulungen\/\" rel=\"noopener\">Sage People Schulungen<\/a><br \/>\nk\u00f6nnen wir auch diesen Service anbieten.<\/li>\n<li>Ein Partner, der Sie auch in Zukunft unterst\u00fctzt: Je mehr wir \u00fcber Ihre Arbeitsweise erfahren, desto besser k\u00f6nnen wir \u00fcber unsere <a href=\"https:\/\/tugelapeople.com\/de\/hris\/hr-systeme\/sage-people\/sage-people-managed-services\/\">Managed Services<\/a> Abteilung kontinuierlichen Support anbieten.<\/li>\n<\/ul>\n<h2><\/h2>\n<h3><span style=\"color: #0069b4;\">All diese Informationen und mehr finden Sie in unserer Brosch\u00fcre zum Thema Health Check<\/span><\/h3>\n<p><strong><span style=\"color: #0069b4;\">Zum Herunterladen einfach auf das folgende Bild klicken:<\/span><\/strong><\/p>\n<p><a href=\"https:\/\/tugelapeople.com\/wp-content\/uploads\/TP_Sage-People-Health-Check-brochure-1.pdf\"><img loading=\"lazy\" decoding=\"async\" class=\"alignnone wp-image-4016\" src=\"https:\/\/tugelapeople.com\/wp-content\/uploads\/Health-Check-Brochure-cover-image.png\" alt=\"Managed Services Health Check f\u00fcr Ihr Sage People HRIS. Mehr\" width=\"314\" height=\"442\" \/><\/a><\/p>\n<h2><\/h2>\n<h2><\/h2>\n<h2><\/h2>\n<h2><\/h2>\n<h2><\/h2>\n<h2><\/h2>\n<h2><\/h2>\n<h2><\/h2>\n<h2><\/h2>\n<h2><span style=\"color: #0069b4;\">Wie gehts weiter?<\/span><\/h2>\n<p>Wenn Sie mehr \u00fcber unser Serviceangebot erfahren oder Ihre potenziellen Anforderungen besprechen m\u00f6chten, wenden Sie sich bitte an uns unter Tel. <a href=\"tel:01908030360\">+44(0)1908 030360<\/a>\u00a0oder per E-Mail an:\u00a0<a href=\"mailto:info@tugelapeople.com\">info@tugelapeople.com<\/a>.\u00a0Alternativ k\u00f6nnen Sie auch gerne das Formular \u201e<a href=\"https:\/\/tugelapeople.com\/de\/kontakt\/kontakt-aufnehmen\/\" data-trigger=\"popup\">Kontakt aufnehmen<\/a>\u201c ausf\u00fcllen. Ein Mitglied unseres Teams wird sich dann mit Ihnen in Verbindung setzen.<\/p>\n<p>&nbsp;<\/p>\n<h3>Alle Einzelheiten zu unserem Managed Services Support f\u00fcr Sage People finden Sie in unserer Brosch\u00fcre.<\/h3>\n<p>Zum Herunterladen einfach auf das folgende Bild klicken:<\/p>\n<p><a href=\"https:\/\/tugelapeople.com\/wp-content\/uploads\/Tugela-People-Managed-Services-for-Sage-People_brochure.pdf\"><img loading=\"lazy\" decoding=\"async\" class=\"size-medium wp-image-5527\" src=\"https:\/\/tugelapeople.com\/wp-content\/uploads\/TP-MS-for-Sage-People-brochure-2023-min-318x450.jpg\" alt=\"Optimieren Sie Ihr Sage People HRIS mit Managed Services. Mehr erfahren\" width=\"318\" height=\"450\" \/><\/a><\/p>\n","protected":false},"excerpt":{"rendered":"<p>Unser beliebter Sage People Health Check hilft Ihnen, das Beste aus Ihrem Sage People System herauszuholen. Bei einem Health Check werden Bereiche mit Verbesserungspotenzial oder Unstimmigkeiten in Ihrem System untersucht,&#8230;<\/p>\n","protected":false},"author":13,"featured_media":6599,"parent":7213,"menu_order":6,"comment_status":"closed","ping_status":"closed","template":"","meta":{"_acf_changed":false,"content-type":"","footnotes":""},"services":[],"offices":[],"class_list":["post-7219","page","type-page","status-publish","has-post-thumbnail","hentry","pagetype-service"],"acf":[],"yoast_head":"<!-- This site is optimized with the Yoast SEO plugin v26.8 - https:\/\/yoast.com\/product\/yoast-seo-wordpress\/ -->\n<title>Sage People HRIS Health Check | Tugela People<\/title>\n<meta name=\"description\" content=\"Unser beliebter Sage People Health Check hilft Ihnen, das Beste aus Ihrem Sage People System herauszuholen. Erfahren Sie mehr.\" \/>\n<meta name=\"robots\" content=\"index, follow, max-snippet:-1, max-image-preview:large, max-video-preview:-1\" \/>\n<link rel=\"canonical\" href=\"https:\/\/tugelapeople.com\/services-solutions\/hr-systems\/sage-people\/sage-managed-services\/sage-health-check\/\" \/>\n<meta property=\"og:locale\" content=\"en_GB\" \/>\n<meta property=\"og:type\" content=\"article\" \/>\n<meta property=\"og:title\" content=\"Sage People HRIS Health Check | Tugela People\" \/>\n<meta property=\"og:description\" content=\"Unser beliebter Sage People Health Check hilft Ihnen, das Beste aus Ihrem Sage People System herauszuholen. Erfahren Sie mehr.\" \/>\n<meta property=\"og:url\" content=\"https:\/\/tugelapeople.com\/services-solutions\/hr-systems\/sage-people\/sage-managed-services\/sage-health-check\/\" \/>\n<meta property=\"og:site_name\" content=\"Tugela People\" \/>\n<meta property=\"article:modified_time\" content=\"2024-04-09T15:04:21+00:00\" \/>\n<meta property=\"og:image\" content=\"https:\/\/tugelapeople.com\/wp-content\/uploads\/home-banner-2.jpg\" \/>\n\t<meta property=\"og:image:width\" content=\"2000\" \/>\n\t<meta property=\"og:image:height\" content=\"613\" \/>\n\t<meta property=\"og:image:type\" content=\"image\/jpeg\" \/>\n<meta name=\"twitter:card\" content=\"summary_large_image\" \/>\n<script type=\"application\/ld+json\" class=\"yoast-schema-graph\">{\"@context\":\"https:\/\/schema.org\",\"@graph\":[{\"@type\":\"WebPage\",\"@id\":\"https:\/\/tugelapeople.com\/services-solutions\/hr-systems\/sage-people\/sage-managed-services\/sage-health-check\/\",\"url\":\"https:\/\/tugelapeople.com\/services-solutions\/hr-systems\/sage-people\/sage-managed-services\/sage-health-check\/\",\"name\":\"Sage People HRIS Health Check | Tugela People\",\"isPartOf\":{\"@id\":\"https:\/\/tugelapeople.com\/#website\"},\"primaryImageOfPage\":{\"@id\":\"https:\/\/tugelapeople.com\/services-solutions\/hr-systems\/sage-people\/sage-managed-services\/sage-health-check\/#primaryimage\"},\"image\":{\"@id\":\"https:\/\/tugelapeople.com\/services-solutions\/hr-systems\/sage-people\/sage-managed-services\/sage-health-check\/#primaryimage\"},\"thumbnailUrl\":\"https:\/\/tugelapeople.com\/wp-content\/uploads\/home-banner-2.jpg\",\"datePublished\":\"2020-12-17T14:01:35+00:00\",\"dateModified\":\"2024-04-09T15:04:21+00:00\",\"description\":\"Unser beliebter Sage People Health Check hilft Ihnen, das Beste aus Ihrem Sage People System herauszuholen. Erfahren Sie mehr.\",\"breadcrumb\":{\"@id\":\"https:\/\/tugelapeople.com\/services-solutions\/hr-systems\/sage-people\/sage-managed-services\/sage-health-check\/#breadcrumb\"},\"inLanguage\":\"en-GB\",\"potentialAction\":[{\"@type\":\"ReadAction\",\"target\":[\"https:\/\/tugelapeople.com\/services-solutions\/hr-systems\/sage-people\/sage-managed-services\/sage-health-check\/\"]}]},{\"@type\":\"ImageObject\",\"inLanguage\":\"en-GB\",\"@id\":\"https:\/\/tugelapeople.com\/services-solutions\/hr-systems\/sage-people\/sage-managed-services\/sage-health-check\/#primaryimage\",\"url\":\"https:\/\/tugelapeople.com\/wp-content\/uploads\/home-banner-2.jpg\",\"contentUrl\":\"https:\/\/tugelapeople.com\/wp-content\/uploads\/home-banner-2.jpg\",\"width\":2000,\"height\":613},{\"@type\":\"BreadcrumbList\",\"@id\":\"https:\/\/tugelapeople.com\/services-solutions\/hr-systems\/sage-people\/sage-managed-services\/sage-health-check\/#breadcrumb\",\"itemListElement\":[{\"@type\":\"ListItem\",\"position\":1,\"name\":\"Home\",\"item\":\"https:\/\/tugelapeople.com\/\"},{\"@type\":\"ListItem\",\"position\":2,\"name\":\"HRIS\",\"item\":\"https:\/\/tugelapeople.com\/services-solutions\/\"},{\"@type\":\"ListItem\",\"position\":3,\"name\":\"HR-Systeme\",\"item\":\"https:\/\/tugelapeople.com\/de\/hris\/hr-systeme\/\"},{\"@type\":\"ListItem\",\"position\":4,\"name\":\"Sage People\",\"item\":\"https:\/\/tugelapeople.com\/de\/hris\/hr-systeme\/sage-people\/\"},{\"@type\":\"ListItem\",\"position\":5,\"name\":\"Sage People Managed Services\",\"item\":\"https:\/\/tugelapeople.com\/de\/hris\/hr-systeme\/sage-people\/sage-people-managed-services\/\"},{\"@type\":\"ListItem\",\"position\":6,\"name\":\"Health Check\"}]},{\"@type\":\"WebSite\",\"@id\":\"https:\/\/tugelapeople.com\/#website\",\"url\":\"https:\/\/tugelapeople.com\/\",\"name\":\"Tugela People\",\"description\":\"\",\"inLanguage\":\"en-GB\"}]}<\/script>\n<!-- \/ Yoast SEO plugin. -->","yoast_head_json":{"title":"Sage People HRIS Health Check | Tugela People","description":"Unser beliebter Sage People Health Check hilft Ihnen, das Beste aus Ihrem Sage People System herauszuholen. Erfahren Sie mehr.","robots":{"index":"index","follow":"follow","max-snippet":"max-snippet:-1","max-image-preview":"max-image-preview:large","max-video-preview":"max-video-preview:-1"},"canonical":"https:\/\/tugelapeople.com\/services-solutions\/hr-systems\/sage-people\/sage-managed-services\/sage-health-check\/","og_locale":"en_GB","og_type":"article","og_title":"Sage People HRIS Health Check | Tugela People","og_description":"Unser beliebter Sage People Health Check hilft Ihnen, das Beste aus Ihrem Sage People System herauszuholen. Erfahren Sie mehr.","og_url":"https:\/\/tugelapeople.com\/services-solutions\/hr-systems\/sage-people\/sage-managed-services\/sage-health-check\/","og_site_name":"Tugela People","article_modified_time":"2024-04-09T15:04:21+00:00","og_image":[{"width":2000,"height":613,"url":"https:\/\/tugelapeople.com\/wp-content\/uploads\/home-banner-2.jpg","type":"image\/jpeg"}],"twitter_card":"summary_large_image","schema":{"@context":"https:\/\/schema.org","@graph":[{"@type":"WebPage","@id":"https:\/\/tugelapeople.com\/services-solutions\/hr-systems\/sage-people\/sage-managed-services\/sage-health-check\/","url":"https:\/\/tugelapeople.com\/services-solutions\/hr-systems\/sage-people\/sage-managed-services\/sage-health-check\/","name":"Sage People HRIS Health Check | Tugela People","isPartOf":{"@id":"https:\/\/tugelapeople.com\/#website"},"primaryImageOfPage":{"@id":"https:\/\/tugelapeople.com\/services-solutions\/hr-systems\/sage-people\/sage-managed-services\/sage-health-check\/#primaryimage"},"image":{"@id":"https:\/\/tugelapeople.com\/services-solutions\/hr-systems\/sage-people\/sage-managed-services\/sage-health-check\/#primaryimage"},"thumbnailUrl":"https:\/\/tugelapeople.com\/wp-content\/uploads\/home-banner-2.jpg","datePublished":"2020-12-17T14:01:35+00:00","dateModified":"2024-04-09T15:04:21+00:00","description":"Unser beliebter Sage People Health Check hilft Ihnen, das Beste aus Ihrem Sage People System herauszuholen. Erfahren Sie mehr.","breadcrumb":{"@id":"https:\/\/tugelapeople.com\/services-solutions\/hr-systems\/sage-people\/sage-managed-services\/sage-health-check\/#breadcrumb"},"inLanguage":"en-GB","potentialAction":[{"@type":"ReadAction","target":["https:\/\/tugelapeople.com\/services-solutions\/hr-systems\/sage-people\/sage-managed-services\/sage-health-check\/"]}]},{"@type":"ImageObject","inLanguage":"en-GB","@id":"https:\/\/tugelapeople.com\/services-solutions\/hr-systems\/sage-people\/sage-managed-services\/sage-health-check\/#primaryimage","url":"https:\/\/tugelapeople.com\/wp-content\/uploads\/home-banner-2.jpg","contentUrl":"https:\/\/tugelapeople.com\/wp-content\/uploads\/home-banner-2.jpg","width":2000,"height":613},{"@type":"BreadcrumbList","@id":"https:\/\/tugelapeople.com\/services-solutions\/hr-systems\/sage-people\/sage-managed-services\/sage-health-check\/#breadcrumb","itemListElement":[{"@type":"ListItem","position":1,"name":"Home","item":"https:\/\/tugelapeople.com\/"},{"@type":"ListItem","position":2,"name":"HRIS","item":"https:\/\/tugelapeople.com\/services-solutions\/"},{"@type":"ListItem","position":3,"name":"HR-Systeme","item":"https:\/\/tugelapeople.com\/de\/hris\/hr-systeme\/"},{"@type":"ListItem","position":4,"name":"Sage People","item":"https:\/\/tugelapeople.com\/de\/hris\/hr-systeme\/sage-people\/"},{"@type":"ListItem","position":5,"name":"Sage People Managed Services","item":"https:\/\/tugelapeople.com\/de\/hris\/hr-systeme\/sage-people\/sage-people-managed-services\/"},{"@type":"ListItem","position":6,"name":"Health Check"}]},{"@type":"WebSite","@id":"https:\/\/tugelapeople.com\/#website","url":"https:\/\/tugelapeople.com\/","name":"Tugela People","description":"","inLanguage":"en-GB"}]}},"_links":{"self":[{"href":"https:\/\/tugelapeople.com\/de\/wp-json\/wp\/v2\/pages\/7219","targetHints":{"allow":["GET"]}}],"collection":[{"href":"https:\/\/tugelapeople.com\/de\/wp-json\/wp\/v2\/pages"}],"about":[{"href":"https:\/\/tugelapeople.com\/de\/wp-json\/wp\/v2\/types\/page"}],"author":[{"embeddable":true,"href":"https:\/\/tugelapeople.com\/de\/wp-json\/wp\/v2\/users\/13"}],"replies":[{"embeddable":true,"href":"https:\/\/tugelapeople.com\/de\/wp-json\/wp\/v2\/comments?post=7219"}],"version-history":[{"count":3,"href":"https:\/\/tugelapeople.com\/de\/wp-json\/wp\/v2\/pages\/7219\/revisions"}],"predecessor-version":[{"id":7541,"href":"https:\/\/tugelapeople.com\/de\/wp-json\/wp\/v2\/pages\/7219\/revisions\/7541"}],"up":[{"embeddable":true,"href":"https:\/\/tugelapeople.com\/de\/wp-json\/wp\/v2\/pages\/7213"}],"wp:featuredmedia":[{"embeddable":true,"href":"https:\/\/tugelapeople.com\/de\/wp-json\/wp\/v2\/media\/6599"}],"wp:attachment":[{"href":"https:\/\/tugelapeople.com\/de\/wp-json\/wp\/v2\/media?parent=7219"}],"wp:term":[{"taxonomy":"services","embeddable":true,"href":"https:\/\/tugelapeople.com\/de\/wp-json\/wp\/v2\/services?post=7219"},{"taxonomy":"offices","embeddable":true,"href":"https:\/\/tugelapeople.com\/de\/wp-json\/wp\/v2\/offices?post=7219"}],"curies":[{"name":"wp","href":"https:\/\/api.w.org\/{rel}","templated":true}]}}