{"id":7218,"date":"2021-03-31T11:19:34","date_gmt":"2021-03-31T11:19:34","guid":{"rendered":"https:\/\/tugelapeople.com\/sage-people-managed-services\/prufung-der-technischen-umsetzung\/"},"modified":"2024-04-18T10:16:12","modified_gmt":"2024-04-18T10:16:12","slug":"pruefung-der-technischen-umsetzung","status":"publish","type":"page","link":"https:\/\/tugelapeople.com\/de\/hris\/hr-systeme\/sage-people\/sage-people-managed-services\/pruefung-der-technischen-umsetzung\/","title":{"rendered":"Pr\u00fcfung der technischen Umsetzung"},"content":{"rendered":"<h2><strong>Realisieren Sie den ROI Ihres Sage People HR-Systems<\/strong><\/h2>\n<p><iframe loading=\"lazy\" src=\"https:\/\/www.youtube.com\/embed\/gMKzpwKREug\" width=\"560\" height=\"315\" frameborder=\"0\" allowfullscreen=\"allowfullscreen\"><\/iframe><\/p>\n<p>&nbsp;<\/p>\n<p>Sind Sie mit der Leistung Ihres Sage People HRIS zufrieden? Nutzen Sie alle verf\u00fcgbaren Features? Entspricht es den Anforderungen Ihres Unternehmens und passt es sich an die wachsenden Bed\u00fcrfnisse des Unternehmens an?<\/p>\n<h2><strong>Realisierung des ROI Ihres Systems<\/strong><\/h2>\n<p>Es ist \u00e4u\u00dferst wichtig zu wissen, wie effizient Ihr <a href=\"https:\/\/tugelapeople.com\/de\/hris\/hr-systeme\/sage-people\/\" rel=\"noopener\">Sage People HR-System<\/a> arbeitet und ob Sie sein Potenzial voll aussch\u00f6pfen und gleichzeitig Ihre strategischen Gesch\u00e4ftsziele erreichen. Sage People bringt regelm\u00e4\u00dfig neue Updates und Funktionen heraus, die Sie vielleicht noch nicht kennen oder nicht nutzen. Dar\u00fcber hinaus haben die letzten Jahre erhebliche Ver\u00e4nderungen mit sich gebracht, an die sich Unternehmen schnell anpassen m\u00fcssen. Damit sind die Anforderungen an die HR-Teams gestiegen, ihre Praktiken und Prozesse mit denen des gesamten Unternehmens abzustimmen und die Mitarbeitenden zu unterst\u00fctzen.<\/p>\n<p>Durch eine Pr\u00fcfung der technischen Umsetzung gewinnen Sie ein gr\u00fcndliches Verst\u00e4ndnis Ihres Systems und decken etwaige L\u00fccken auf, die sich im Laufe der Zeit durch die Weiterentwicklung der Systeme und die ver\u00e4nderten Gesch\u00e4ftsanforderungen ergeben haben. Der Prozess beinhaltet einen technischen Durchlauf Ihrer Sage People Funktionen und zeigt Ihnen, welche Bereiche des Systems Sie nutzen und welche nicht. Dabei werden Schl\u00fcsselbereiche hervorgehoben, die weiterentwickelt werden m\u00fcssen, und es wird eine System-Roadmap erstellt, die auf Ihren Priorit\u00e4ten und unseren Empfehlungen basiert.<\/p>\n<h2>Was sind die Vorteile?<\/h2>\n<ul>\n<li><span class=\"S1PPyQ\">\u00dcberpr\u00fcfen Sie, ob Ihr System Ihren Bed\u00fcrfnissen entspricht und f\u00fcr zuk\u00fcnftige Anforderungen ger\u00fcstet ist;<\/span><\/li>\n<li><span class=\"S1PPyQ\">Verbessern Sie Ihr System;<\/span><\/li>\n<li><span class=\"S1PPyQ\">Ermitteln und planen Sie den Bedarf an zus\u00e4tzlichen Investitionen und Schulungen sowie zus\u00e4tzlichem Support;<\/span><\/li>\n<li><span class=\"S1PPyQ\">Profitieren Sie von allen neuen Funktionen.<\/span><\/li>\n<\/ul>\n<h2><\/h2>\n<h2><strong>Ein einfacher, problemloser Prozess in 4 Schritten<\/strong><\/h2>\n<p><strong><span style=\"color: #0069b4;\">Als Erstes<\/span><\/strong> fordern Sie eine \u00dcbersicht der technischen Anpassung Ihres Sage People HR-Systems an. Einer unserer <strong>erfahrenen Managed Services HRIS-Berater<\/strong> vereinbart dann einen Gespr\u00e4chstermin mit Ihnen, um Ihre <strong>Systempriorit\u00e4ten<\/strong> und die Schwerpunktbereiche zu bestimmen.<\/p>\n<p><span style=\"color: #0069b4;\"><strong>Zweitens<\/strong><\/span> wird eine\u00a0<strong><span class=\"S1PPyQ\">gemeinsame \u00dcberpr\u00fcfung<\/span><\/strong><span class=\"S1PPyQ\"> Ihres Sage People Systems und seiner Funktionen vorgenommen, um festzustellen, wo noch Entwicklungsm\u00f6glichkeiten bestehen.<\/span><\/p>\n<p><strong><span style=\"color: #0069b4;\">Drittens<\/span><\/strong> werden <span class=\"S1PPyQ\">die Ergebnisse der \u00dcberpr\u00fcfung dokumentiert und Ihnen in <\/span><span class=\"S1PPyQ\">einem<strong> detaillierten schriftlichen Bericht vorgelegt. Er enth\u00e4lt unsere Erkenntnisse, Empfehlungen und Ratschl\u00e4ge<\/strong><\/span><span class=\"S1PPyQ\"> bez\u00fcglich der besten n\u00e4chsten Schritte f\u00fcr Ihr Unternehmen auf der Grundlage Ihrer Priorit\u00e4ten.<\/span><\/p>\n<p><strong><span style=\"color: #0069b4;\">Dann fehlt nur noch<\/span><\/strong> der letzte <span class=\"S1PPyQ\">Schritt \u2013 ein Gespr\u00e4ch dar\u00fcber, <\/span><span class=\"S1PPyQ\"><strong>wie die Empfehlungen umgesetzt werden sollen<\/strong>.<\/span><span class=\"S1PPyQ\"> Das kann in Form eines weiteren Systemchecks, der Planung eines zus\u00e4tzlichen Projekts oder der Bereitstellung von kontinuierlichem Support durch unser Managed Services Team geschehen.<\/span><\/p>\n<h3><span style=\"color: #0069b4;\"><a href=\"https:\/\/tugelapeople.com\/wp-content\/uploads\/TP_Managed-Services_Sage-People-Technical-Adoption-Overview_Jun-23.pdf\">Mehr erfahren Sie in der folgenden Brosch\u00fcre:<\/a><\/span><\/h3>\n<p><a href=\"https:\/\/tugelapeople.com\/wp-content\/uploads\/TP_Managed-Services_Sage-People-Technical-Adoption-Overview_Jun-23.pdf\"><img loading=\"lazy\" decoding=\"async\" class=\" wp-image-5480\" src=\"https:\/\/tugelapeople.com\/wp-content\/uploads\/MS-Technical-Adoption-Overview_Jun-23-min-318x450.jpg\" alt=\"Nehmen Sie eine Pr\u00fcfung der technischen Umsetzung Ihres Sage People HRIS vor, um zu verstehen, ob es Ihren Anforderungen entspricht. Mehr erfahren\" width=\"315\" height=\"446\" srcset=\"https:\/\/tugelapeople.com\/wp-content\/uploads\/MS-Technical-Adoption-Overview_Jun-23-min-318x450.jpg 318w, https:\/\/tugelapeople.com\/wp-content\/uploads\/MS-Technical-Adoption-Overview_Jun-23-min-919x1300.jpg 919w, https:\/\/tugelapeople.com\/wp-content\/uploads\/MS-Technical-Adoption-Overview_Jun-23-min-768x1086.jpg 768w, https:\/\/tugelapeople.com\/wp-content\/uploads\/MS-Technical-Adoption-Overview_Jun-23-min-1086x1536.jpg 1086w, https:\/\/tugelapeople.com\/wp-content\/uploads\/MS-Technical-Adoption-Overview_Jun-23-min.jpg 1414w\" sizes=\"auto, (max-width: 315px) 100vw, 315px\" \/><\/a><\/p>\n<h2>Was halten unsere Kunden von diesem Service?<\/h2>\n<h5><em>\u201eDer Vorteil f\u00fcr NPE ist, dass Sie alle verf\u00fcgbaren Pakete abdecken. Einige kannte ich schon, aber von anderen wusste ich nicht mal, dass sie existieren. Jetzt bin ich mir sicher, dass wir sie einf\u00fchren m\u00fcssen. Der zweite Vorteil ist, dass Sie mir viele gute Ideen wie auf einer Wunschliste schriftlich festhalten. All das, was ich in den letzten zwei Jahren implementieren wollte, aber aus Zeitmangel nicht vollst\u00e4ndig weiterverfolgen konnte.\u00a0Wir haben gemeinsam einen Plan f\u00fcr die Verbesserungen in den n\u00e4chsten 12 Monaten (vielleicht auch l\u00e4nger) erstellt, was ich sehr spannend finde.\u201c<\/em><\/h5>\n<h5>Barry Vaux, Vizepr\u00e4sident, Nikon Precision Europe GmbH<\/h5>\n<div>\n<div>\n<hr \/>\n<h5><em>\u201eIch bin sehr dankbar, dass Sie als Unternehmen in der Lage sind, uns das zu bieten. Es hat unserem Unternehmen geholfen, sich neu zu gruppieren, unsere Prozesse zu \u00fcberdenken und klar zu sehen, wo wir besser werden k\u00f6nnen. Das verbessert nicht nur die Arbeitsweise im Bereich HR, sondern das ganze Unternehmen profitiert davon, da unsere Prozesse reibungsloser ablaufen.\u201c<\/em><\/h5>\n<h5><strong>Janine Hammonds, HRIS-Analystin, U-blox<\/strong><\/h5>\n<hr \/>\n<\/div>\n<\/div>\n<h5><em><span class=\"S1PPyQ\">\u201eTugela People erwies sich als professionell, vertraut mit Sage People, geduldig und aufmerksam bei der Einrichtung der Supportleistungen und der Durchf\u00fchrung der zu Beginn erforderlichen Pr\u00fcfung der technischen Umsetzung. Dar\u00fcber hinaus ist das Team reaktionsschnell, flexibel und sehr umg\u00e4nglich.\u201c<\/span><\/em><\/h5>\n<h5 class=\"_04xlpA direction-ltr align-end para-style-body\"><strong><span class=\"S1PPyQ\">David Stephenson, Personalleiter,\u00a0<\/span><span class=\"S1PPyQ\">Laird Thermal Systems<\/span><\/strong><\/h5>\n<hr \/>\n<div>\n<div>\n<h5><em><span class=\"S1PPyQ\">\u201eAls der technische Anpassungsprozess abgeschlossen war, konnte ich besser verstehen, warum wir das System zuvor als zu kompliziert empfanden und es nicht so funktionierte, wie wir es brauchten.\u201c<\/span><\/em><\/h5>\n<div>\n<h5 class=\"_04xlpA direction-ltr align-end para-style-body\"><strong><span class=\"S1PPyQ\">Kunde von Managed Services auf Vertragsbasis,\u00a0<\/span><span class=\"S1PPyQ\">Fertigungsindustrie<\/span><\/strong><\/h5>\n<hr \/>\n<\/div>\n<\/div>\n<\/div>\n<h2><\/h2>\n<h2>So fordern Sie Ihre Pr\u00fcfung der technischen Umsetzung an<\/h2>\n<p>Wenn Sie eine Pr\u00fcfung der technischen Umsetzung anfordern oder Ihre Anforderungen besprechen m\u00f6chten, kontaktieren Sie uns bitte unter der Telefonnummer <a href=\"tel:01908030360\">+44(0)1908 030360<\/a>\u00a0oder per E-Mail:\u00a0<a href=\"mailto:info@tugelapeople.com\">info@tugelapeople.com<\/a>. Alternativ k\u00f6nnen Sie auch gerne das Formular \u201e<a href=\"https:\/\/tugelapeople.com\/de\/kontakt\/kontakt-aufnehmen\/\" data-trigger=\"popup\">Kontakt aufnehmen<\/a>\u201c ausf\u00fcllen. Ein Mitglied unseres Teams wird sich dann mit Ihnen in Verbindung setzen.<\/p>\n<p>&nbsp;<\/p>\n<h2><strong>Warum sollten Sie mit Tugela People zusammenarbeiten?<\/strong><\/h2>\n<p>Wir von Tugela People sind ein bevorzugter Sage People Partner und implementieren und unterst\u00fctzen Sage People seit der Gr\u00fcndung unseres Unternehmens im Jahr 2012. Wir kombinieren auf einzigartige Weise die technische Erfahrung von Sage People mit fundierten Kenntnissen im Bereich HR-Prozesse und \u00c4nderungsmanagement. So stellen wir sicher, dass Sie das Beste aus Ihrer Systeminvestition herausholen. Wir bieten umfassende Supportleistungen f\u00fcr Sage People an, darunter Implementierungen, Projektmanagement, Managed Services, Health Checks und eine Reihe von Schulungsoptionen auf Vertrags- oder Projektbasis.<\/p>\n<p>Jamie Wilkins, Betriebsleiter, sagt: <em>\u201eWir haben einer Reihe von Kunden geholfen, die bereits den Implementierungsprozess durchlaufen haben und sich fragen, wie es weitergeht. Sei es, dass sie das, was bereits vorhanden ist, aufgrund von gesch\u00e4ftlichen Ver\u00e4nderungen verbessern oder die Vorteile neuer Funktionen nutzen wollen. Mit unserer Hilfe haben Kunden erfolgreich eine System-Roadmap als Teil unserer Pr\u00fcfung der technischen Umsetzung entwickelt, um das Potenzial von Sage People freizusetzen und das Unternehmen weiter zu unterst\u00fctzen.<\/em><\/p>\n<p><em>Als erfahrenes und technisch versiertes Team, das auch im Personalwesen t\u00e4tig ist, wissen wir, wie \u201egut&#8221; aussieht. Eine Pr\u00fcfung der technischen Umsetzung ist ein hervorragender Ausgangspunkt, um Ihr Sage People System auf der Grundlage unserer Expertenempfehlungen dorthin zu bringen, wo es sein soll.\u201c<\/em><\/p>\n<p>&nbsp;<\/p>\n<h3>Alle Einzelheiten zu unserem Managed Services Support f\u00fcr Sage People finden Sie in unserer Brosch\u00fcre.<\/h3>\n<p><strong>Zum Herunterladen einfach auf <a href=\"https:\/\/tugelapeople.com\/wp-content\/uploads\/TP_Managed-Services-for-Sage-People-brochure_2023.pdf\">das folgende Bild klicken:<\/a><\/strong><\/p>\n<p><a href=\"https:\/\/tugelapeople.com\/wp-content\/uploads\/TP_Managed-Services-for-Sage-People-brochure_2023.pdf\"><img loading=\"lazy\" decoding=\"async\" class=\"size-medium wp-image-5527\" src=\"https:\/\/tugelapeople.com\/wp-content\/uploads\/TP-MS-for-Sage-People-brochure-2023-min-318x450.jpg\" alt=\"Optimieren Sie Ihr Sage People HRIS mit Managed Services. Mehr erfahren\" width=\"318\" height=\"450\" \/><\/a><\/p>\n","protected":false},"excerpt":{"rendered":"<p>Realisieren Sie den ROI Ihres Sage People HR-Systems &nbsp; Sind Sie mit der Leistung Ihres Sage People HRIS zufrieden? Nutzen Sie alle verf\u00fcgbaren Features? Entspricht es den Anforderungen Ihres Unternehmens&#8230;<\/p>\n","protected":false},"author":2,"featured_media":6599,"parent":7213,"menu_order":6,"comment_status":"closed","ping_status":"closed","template":"","meta":{"_acf_changed":false,"content-type":"","footnotes":""},"services":[],"offices":[],"class_list":["post-7218","page","type-page","status-publish","has-post-thumbnail","hentry"],"acf":[],"yoast_head":"<!-- This site is optimized with the Yoast SEO plugin v26.8 - https:\/\/yoast.com\/product\/yoast-seo-wordpress\/ -->\n<title>Sage People HRIS \u2013 Pr\u00fcfung der Umsetzung | Tugela People<\/title>\n<meta name=\"description\" content=\"Unterst\u00fctzt Ihr Sage People HRIS Ihre Gesch\u00e4ftsziele? Nehmen Sie jetzt eine Pr\u00fcfung der technischen Umsetzung vor. Erfahren Sie mehr.\" \/>\n<meta name=\"robots\" content=\"index, follow, max-snippet:-1, max-image-preview:large, max-video-preview:-1\" \/>\n<link rel=\"canonical\" href=\"https:\/\/tugelapeople.com\/services-solutions\/hr-systems\/sage-people\/sage-managed-services\/sage-people-adoption-overview\/\" \/>\n<meta property=\"og:locale\" content=\"en_GB\" \/>\n<meta property=\"og:type\" content=\"article\" \/>\n<meta property=\"og:title\" content=\"Sage People HRIS \u2013 Pr\u00fcfung der Umsetzung | Tugela People\" \/>\n<meta property=\"og:description\" content=\"Unterst\u00fctzt Ihr Sage People HRIS Ihre Gesch\u00e4ftsziele? Nehmen Sie jetzt eine Pr\u00fcfung der technischen Umsetzung vor. Erfahren Sie mehr.\" \/>\n<meta property=\"og:url\" content=\"https:\/\/tugelapeople.com\/services-solutions\/hr-systems\/sage-people\/sage-managed-services\/sage-people-adoption-overview\/\" \/>\n<meta property=\"og:site_name\" content=\"Tugela People\" \/>\n<meta property=\"article:modified_time\" content=\"2024-04-18T10:16:12+00:00\" \/>\n<meta property=\"og:image\" content=\"https:\/\/tugelapeople.com\/wp-content\/uploads\/home-banner-2.jpg\" \/>\n\t<meta property=\"og:image:width\" content=\"2000\" \/>\n\t<meta property=\"og:image:height\" content=\"613\" \/>\n\t<meta property=\"og:image:type\" content=\"image\/jpeg\" \/>\n<meta name=\"twitter:card\" content=\"summary_large_image\" \/>\n<script type=\"application\/ld+json\" class=\"yoast-schema-graph\">{\"@context\":\"https:\/\/schema.org\",\"@graph\":[{\"@type\":\"WebPage\",\"@id\":\"https:\/\/tugelapeople.com\/services-solutions\/hr-systems\/sage-people\/sage-managed-services\/sage-people-adoption-overview\/\",\"url\":\"https:\/\/tugelapeople.com\/services-solutions\/hr-systems\/sage-people\/sage-managed-services\/sage-people-adoption-overview\/\",\"name\":\"Sage People HRIS \u2013 Pr\u00fcfung der Umsetzung | Tugela People\",\"isPartOf\":{\"@id\":\"https:\/\/tugelapeople.com\/#website\"},\"primaryImageOfPage\":{\"@id\":\"https:\/\/tugelapeople.com\/services-solutions\/hr-systems\/sage-people\/sage-managed-services\/sage-people-adoption-overview\/#primaryimage\"},\"image\":{\"@id\":\"https:\/\/tugelapeople.com\/services-solutions\/hr-systems\/sage-people\/sage-managed-services\/sage-people-adoption-overview\/#primaryimage\"},\"thumbnailUrl\":\"https:\/\/tugelapeople.com\/wp-content\/uploads\/home-banner-2.jpg\",\"datePublished\":\"2021-03-31T11:19:34+00:00\",\"dateModified\":\"2024-04-18T10:16:12+00:00\",\"description\":\"Unterst\u00fctzt Ihr Sage People HRIS Ihre Gesch\u00e4ftsziele? Nehmen Sie jetzt eine Pr\u00fcfung der technischen Umsetzung vor. Erfahren Sie mehr.\",\"breadcrumb\":{\"@id\":\"https:\/\/tugelapeople.com\/services-solutions\/hr-systems\/sage-people\/sage-managed-services\/sage-people-adoption-overview\/#breadcrumb\"},\"inLanguage\":\"en-GB\",\"potentialAction\":[{\"@type\":\"ReadAction\",\"target\":[\"https:\/\/tugelapeople.com\/services-solutions\/hr-systems\/sage-people\/sage-managed-services\/sage-people-adoption-overview\/\"]}]},{\"@type\":\"ImageObject\",\"inLanguage\":\"en-GB\",\"@id\":\"https:\/\/tugelapeople.com\/services-solutions\/hr-systems\/sage-people\/sage-managed-services\/sage-people-adoption-overview\/#primaryimage\",\"url\":\"https:\/\/tugelapeople.com\/wp-content\/uploads\/home-banner-2.jpg\",\"contentUrl\":\"https:\/\/tugelapeople.com\/wp-content\/uploads\/home-banner-2.jpg\",\"width\":2000,\"height\":613},{\"@type\":\"BreadcrumbList\",\"@id\":\"https:\/\/tugelapeople.com\/services-solutions\/hr-systems\/sage-people\/sage-managed-services\/sage-people-adoption-overview\/#breadcrumb\",\"itemListElement\":[{\"@type\":\"ListItem\",\"position\":1,\"name\":\"Home\",\"item\":\"https:\/\/tugelapeople.com\/\"},{\"@type\":\"ListItem\",\"position\":2,\"name\":\"HRIS\",\"item\":\"https:\/\/tugelapeople.com\/services-solutions\/\"},{\"@type\":\"ListItem\",\"position\":3,\"name\":\"HR-Systeme\",\"item\":\"https:\/\/tugelapeople.com\/de\/hris\/hr-systeme\/\"},{\"@type\":\"ListItem\",\"position\":4,\"name\":\"Sage People\",\"item\":\"https:\/\/tugelapeople.com\/de\/hris\/hr-systeme\/sage-people\/\"},{\"@type\":\"ListItem\",\"position\":5,\"name\":\"Sage People Managed Services\",\"item\":\"https:\/\/tugelapeople.com\/de\/hris\/hr-systeme\/sage-people\/sage-people-managed-services\/\"},{\"@type\":\"ListItem\",\"position\":6,\"name\":\"Pr\u00fcfung der technischen Umsetzung\"}]},{\"@type\":\"WebSite\",\"@id\":\"https:\/\/tugelapeople.com\/#website\",\"url\":\"https:\/\/tugelapeople.com\/\",\"name\":\"Tugela People\",\"description\":\"\",\"inLanguage\":\"en-GB\"}]}<\/script>\n<!-- \/ Yoast SEO plugin. -->","yoast_head_json":{"title":"Sage People HRIS \u2013 Pr\u00fcfung der Umsetzung | Tugela People","description":"Unterst\u00fctzt Ihr Sage People HRIS Ihre Gesch\u00e4ftsziele? Nehmen Sie jetzt eine Pr\u00fcfung der technischen Umsetzung vor. Erfahren Sie mehr.","robots":{"index":"index","follow":"follow","max-snippet":"max-snippet:-1","max-image-preview":"max-image-preview:large","max-video-preview":"max-video-preview:-1"},"canonical":"https:\/\/tugelapeople.com\/services-solutions\/hr-systems\/sage-people\/sage-managed-services\/sage-people-adoption-overview\/","og_locale":"en_GB","og_type":"article","og_title":"Sage People HRIS \u2013 Pr\u00fcfung der Umsetzung | Tugela People","og_description":"Unterst\u00fctzt Ihr Sage People HRIS Ihre Gesch\u00e4ftsziele? Nehmen Sie jetzt eine Pr\u00fcfung der technischen Umsetzung vor. Erfahren Sie mehr.","og_url":"https:\/\/tugelapeople.com\/services-solutions\/hr-systems\/sage-people\/sage-managed-services\/sage-people-adoption-overview\/","og_site_name":"Tugela People","article_modified_time":"2024-04-18T10:16:12+00:00","og_image":[{"width":2000,"height":613,"url":"https:\/\/tugelapeople.com\/wp-content\/uploads\/home-banner-2.jpg","type":"image\/jpeg"}],"twitter_card":"summary_large_image","schema":{"@context":"https:\/\/schema.org","@graph":[{"@type":"WebPage","@id":"https:\/\/tugelapeople.com\/services-solutions\/hr-systems\/sage-people\/sage-managed-services\/sage-people-adoption-overview\/","url":"https:\/\/tugelapeople.com\/services-solutions\/hr-systems\/sage-people\/sage-managed-services\/sage-people-adoption-overview\/","name":"Sage People HRIS \u2013 Pr\u00fcfung der Umsetzung | Tugela People","isPartOf":{"@id":"https:\/\/tugelapeople.com\/#website"},"primaryImageOfPage":{"@id":"https:\/\/tugelapeople.com\/services-solutions\/hr-systems\/sage-people\/sage-managed-services\/sage-people-adoption-overview\/#primaryimage"},"image":{"@id":"https:\/\/tugelapeople.com\/services-solutions\/hr-systems\/sage-people\/sage-managed-services\/sage-people-adoption-overview\/#primaryimage"},"thumbnailUrl":"https:\/\/tugelapeople.com\/wp-content\/uploads\/home-banner-2.jpg","datePublished":"2021-03-31T11:19:34+00:00","dateModified":"2024-04-18T10:16:12+00:00","description":"Unterst\u00fctzt Ihr Sage People HRIS Ihre Gesch\u00e4ftsziele? Nehmen Sie jetzt eine Pr\u00fcfung der technischen Umsetzung vor. Erfahren Sie mehr.","breadcrumb":{"@id":"https:\/\/tugelapeople.com\/services-solutions\/hr-systems\/sage-people\/sage-managed-services\/sage-people-adoption-overview\/#breadcrumb"},"inLanguage":"en-GB","potentialAction":[{"@type":"ReadAction","target":["https:\/\/tugelapeople.com\/services-solutions\/hr-systems\/sage-people\/sage-managed-services\/sage-people-adoption-overview\/"]}]},{"@type":"ImageObject","inLanguage":"en-GB","@id":"https:\/\/tugelapeople.com\/services-solutions\/hr-systems\/sage-people\/sage-managed-services\/sage-people-adoption-overview\/#primaryimage","url":"https:\/\/tugelapeople.com\/wp-content\/uploads\/home-banner-2.jpg","contentUrl":"https:\/\/tugelapeople.com\/wp-content\/uploads\/home-banner-2.jpg","width":2000,"height":613},{"@type":"BreadcrumbList","@id":"https:\/\/tugelapeople.com\/services-solutions\/hr-systems\/sage-people\/sage-managed-services\/sage-people-adoption-overview\/#breadcrumb","itemListElement":[{"@type":"ListItem","position":1,"name":"Home","item":"https:\/\/tugelapeople.com\/"},{"@type":"ListItem","position":2,"name":"HRIS","item":"https:\/\/tugelapeople.com\/services-solutions\/"},{"@type":"ListItem","position":3,"name":"HR-Systeme","item":"https:\/\/tugelapeople.com\/de\/hris\/hr-systeme\/"},{"@type":"ListItem","position":4,"name":"Sage People","item":"https:\/\/tugelapeople.com\/de\/hris\/hr-systeme\/sage-people\/"},{"@type":"ListItem","position":5,"name":"Sage People Managed Services","item":"https:\/\/tugelapeople.com\/de\/hris\/hr-systeme\/sage-people\/sage-people-managed-services\/"},{"@type":"ListItem","position":6,"name":"Pr\u00fcfung der technischen Umsetzung"}]},{"@type":"WebSite","@id":"https:\/\/tugelapeople.com\/#website","url":"https:\/\/tugelapeople.com\/","name":"Tugela People","description":"","inLanguage":"en-GB"}]}},"_links":{"self":[{"href":"https:\/\/tugelapeople.com\/de\/wp-json\/wp\/v2\/pages\/7218","targetHints":{"allow":["GET"]}}],"collection":[{"href":"https:\/\/tugelapeople.com\/de\/wp-json\/wp\/v2\/pages"}],"about":[{"href":"https:\/\/tugelapeople.com\/de\/wp-json\/wp\/v2\/types\/page"}],"author":[{"embeddable":true,"href":"https:\/\/tugelapeople.com\/de\/wp-json\/wp\/v2\/users\/2"}],"replies":[{"embeddable":true,"href":"https:\/\/tugelapeople.com\/de\/wp-json\/wp\/v2\/comments?post=7218"}],"version-history":[{"count":4,"href":"https:\/\/tugelapeople.com\/de\/wp-json\/wp\/v2\/pages\/7218\/revisions"}],"predecessor-version":[{"id":7645,"href":"https:\/\/tugelapeople.com\/de\/wp-json\/wp\/v2\/pages\/7218\/revisions\/7645"}],"up":[{"embeddable":true,"href":"https:\/\/tugelapeople.com\/de\/wp-json\/wp\/v2\/pages\/7213"}],"wp:featuredmedia":[{"embeddable":true,"href":"https:\/\/tugelapeople.com\/de\/wp-json\/wp\/v2\/media\/6599"}],"wp:attachment":[{"href":"https:\/\/tugelapeople.com\/de\/wp-json\/wp\/v2\/media?parent=7218"}],"wp:term":[{"taxonomy":"services","embeddable":true,"href":"https:\/\/tugelapeople.com\/de\/wp-json\/wp\/v2\/services?post=7218"},{"taxonomy":"offices","embeddable":true,"href":"https:\/\/tugelapeople.com\/de\/wp-json\/wp\/v2\/offices?post=7218"}],"curies":[{"name":"wp","href":"https:\/\/api.w.org\/{rel}","templated":true}]}}