{"id":7217,"date":"2021-12-15T12:59:54","date_gmt":"2021-12-15T12:59:54","guid":{"rendered":"https:\/\/tugelapeople.com\/sage-people-managed-services\/vorubergehende-administrative-unterstutzung\/"},"modified":"2024-04-09T15:02:24","modified_gmt":"2024-04-09T15:02:24","slug":"voruebergehende-administrative-unterstuetzung","status":"publish","type":"page","link":"https:\/\/tugelapeople.com\/de\/hris\/hr-systeme\/sage-people\/sage-people-managed-services\/voruebergehende-administrative-unterstuetzung\/","title":{"rendered":"Vor\u00fcbergehende administrative Unterst\u00fctzung"},"content":{"rendered":"<h2><strong><span style=\"color: #0069b4;\">Brauchen Sie vor\u00fcbergehende administrative Unterst\u00fctzung f\u00fcr Ihr Sage People HRIS?<\/span><\/strong><\/h2>\n<p style=\"text-align: center;\"><iframe loading=\"lazy\" src=\"https:\/\/www.youtube.com\/embed\/uscB2Wgu76c\" width=\"560\" height=\"315\" frameborder=\"0\" allowfullscreen=\"allowfullscreen\"><\/iframe><\/p>\n<p>&nbsp;<\/p>\n<p>In Unternehmen gibt es oft eine L\u00fccke in dieser wichtigen Funktion, z.\u00a0B. durch Elternzeit, Versetzung, Bildungsurlaub oder Langzeiterkrankung.<\/p>\n<p>Als Teil unseres Managed Services Angebots bieten wir dieses Support-Paket f\u00fcr alle Kunden an, die f\u00fcr einen bestimmten, begrenzten Zeitraum eine Vertretung ben\u00f6tigen. Mit unserer Hilfe finden Sie problemlos eine Teilzeitkraft, die \u00fcber die erforderlichen F\u00e4higkeiten und Kenntnisse zur Verwaltung Ihres Systems verf\u00fcgt.<\/p>\n<p>Die Dauer des Vertrags und die damit verbundene Anzahl der Supportstunden k\u00f6nnen an Ihre genauen Anforderungen angepasst werden.<\/p>\n<p>&nbsp;<\/p>\n<h2><\/h2>\n<h2><strong>Was k\u00f6nnen Sie von diesem Service erwarten?<\/strong><\/h2>\n<p>Ihnen wird ein spezieller Managed Services Berater zur Seite gestellt, der w\u00e4hrend der Dauer des Vertrags die erste Anlaufstelle f\u00fcr Ihr HR-Team ist und Sie bei allen Fragen zum Sage People System unterst\u00fctzt und sich um die L\u00f6sung k\u00fcmmert. Der Berater \u00fcbernimmt auch den Endbenutzer-Support und bearbeitet und beantwortet alle Anfragen, die direkt oder \u00fcber das Support-Postfach Ihres Unternehmens gestellt werden.<\/p>\n<p>Vor Aufnahme der T\u00e4tigkeit macht sich der von Ihnen beauftragte Managed Services Berater in einer 4-st\u00fcndigen \u201eLite-Touch\u201c-Systemeinweisung mit der Einrichtung und Konfiguration Ihres Sage People Systems vertraut. So k\u00f6nnen wir Ihr System sicher verwalten, eventuell auftretende Probleme l\u00f6sen und Anfragen bearbeiten, die direkt von Ihrem HR-Team oder anderen Teilen des Unternehmens kommen.<\/p>\n<p>&nbsp;<\/p>\n<h2><\/h2>\n<h2><strong>Die Vorteile<\/strong><\/h2>\n<p>Wenn Sie \u00fcber ausreichende Personalressourcen mit den entsprechenden Qualifikationen verf\u00fcgen, k\u00f6nnen Sie Ihr Sage People System auch weiterhin erfolgreich nutzen. Unsere Sage People Berater verf\u00fcgen \u00fcber umfangreiche Erfahrung in den Bereichen HRIS, Systemimplementierung und Personalwesen. Sie sorgen daf\u00fcr, dass Ihr System w\u00e4hrend der Vertragslaufzeit vollst\u00e4ndig unterst\u00fctzt und gepflegt wird.<\/p>\n<p><strong><span style=\"color: #0069b4;\">Lesen Sie unser <a style=\"color: #0069b4;\" href=\"https:\/\/tugelapeople.com\/blog\/sage-people-hr-admin-cover-on-tap\/\" rel=\"noopener\">Fallbeispiel \u00fcber den Service, den wir f\u00fcr WaterAid erbracht haben<\/a>:<\/span><\/strong><\/p>\n<p>&nbsp;<\/p>\n<h2><\/h2>\n<h2>Hilfe ist jederzeit verf\u00fcgbar<\/h2>\n<p>Wenn Sie mehr \u00fcber unser Serviceangebot erfahren oder Ihre potenziellen Anforderungen besprechen m\u00f6chten, wenden Sie sich bitte an uns unter Tel.\u00a0<a href=\"tel:01908030360\">+44(0)1908 030360<\/a>\u00a0oder per E-Mail an:\u00a0<a href=\"mailto:info@tugelapeople.com\">info@tugelapeople.com<\/a>.\u00a0Alternativ k\u00f6nnen Sie auch gerne das Formular \u201e<a href=\"https:\/\/tugelapeople.com\/de\/kontakt\/kontakt-aufnehmen\/\" data-trigger=\"popup\">Kontakt aufnehmen<\/a>\u201c ausf\u00fcllen. Ein Mitglied unseres Teams wird sich dann mit Ihnen in Verbindung setzen.<\/p>\n<p>&nbsp;<\/p>\n<h3>Alle Einzelheiten zu unserem Managed Services Support f\u00fcr Sage People finden Sie in unserer Brosch\u00fcre.<\/h3>\n<p><strong>Zum Herunterladen einfach auf das folgende Bild klicken:<\/strong><\/p>\n<p><a href=\"https:\/\/tugelapeople.com\/wp-content\/uploads\/Tugela-People-Managed-Services-for-Sage-People_brochure.pdf\"><img loading=\"lazy\" decoding=\"async\" class=\"size-medium wp-image-5527\" src=\"https:\/\/tugelapeople.com\/wp-content\/uploads\/TP-MS-for-Sage-People-brochure-2023-min-318x450.jpg\" alt=\"Optimieren Sie Ihr Sage People HRIS mit Managed Services. Mehr erfahren\" width=\"318\" height=\"450\" \/><\/a><\/p>\n<p>&nbsp;<\/p>\n","protected":false},"excerpt":{"rendered":"<p>Brauchen Sie vor\u00fcbergehende administrative Unterst\u00fctzung f\u00fcr Ihr Sage People HRIS? &nbsp; In Unternehmen gibt es oft eine L\u00fccke in dieser wichtigen Funktion, z.\u00a0B. durch Elternzeit, Versetzung, Bildungsurlaub oder Langzeiterkrankung. Als&#8230;<\/p>\n","protected":false},"author":2,"featured_media":6599,"parent":7213,"menu_order":3,"comment_status":"closed","ping_status":"closed","template":"","meta":{"_acf_changed":false,"content-type":"","footnotes":""},"services":[],"offices":[],"class_list":["post-7217","page","type-page","status-publish","has-post-thumbnail","hentry"],"acf":[],"yoast_head":"<!-- This site is optimized with the Yoast SEO plugin v26.8 - https:\/\/yoast.com\/product\/yoast-seo-wordpress\/ -->\n<title>Vor\u00fcbergehender Support f\u00fcr Sage People HRIS | Tugela People<\/title>\n<meta name=\"description\" content=\"\u00dcber unsere Abteilung Managed Services bieten wir Ihnen vor\u00fcbergehende administrative Unterst\u00fctzung f\u00fcr Ihr Sage People HRIS. Mehr erfahren.\" \/>\n<meta name=\"robots\" content=\"index, follow, max-snippet:-1, max-image-preview:large, max-video-preview:-1\" \/>\n<link rel=\"canonical\" href=\"https:\/\/tugelapeople.com\/services-solutions\/hr-systems\/sage-people\/sage-managed-services\/temporary-admin-cover\/\" \/>\n<meta property=\"og:locale\" content=\"en_GB\" \/>\n<meta property=\"og:type\" content=\"article\" \/>\n<meta property=\"og:title\" content=\"Vor\u00fcbergehender Support f\u00fcr Sage People HRIS | Tugela People\" \/>\n<meta property=\"og:description\" content=\"\u00dcber unsere Abteilung Managed Services bieten wir Ihnen vor\u00fcbergehende administrative Unterst\u00fctzung f\u00fcr Ihr Sage People HRIS. Mehr erfahren.\" \/>\n<meta property=\"og:url\" content=\"https:\/\/tugelapeople.com\/services-solutions\/hr-systems\/sage-people\/sage-managed-services\/temporary-admin-cover\/\" \/>\n<meta property=\"og:site_name\" content=\"Tugela People\" \/>\n<meta property=\"article:modified_time\" content=\"2024-04-09T15:02:24+00:00\" \/>\n<meta property=\"og:image\" content=\"https:\/\/tugelapeople.com\/wp-content\/uploads\/home-banner-2.jpg\" \/>\n\t<meta property=\"og:image:width\" content=\"2000\" \/>\n\t<meta property=\"og:image:height\" content=\"613\" \/>\n\t<meta property=\"og:image:type\" content=\"image\/jpeg\" \/>\n<meta name=\"twitter:card\" content=\"summary_large_image\" \/>\n<script type=\"application\/ld+json\" class=\"yoast-schema-graph\">{\"@context\":\"https:\/\/schema.org\",\"@graph\":[{\"@type\":\"WebPage\",\"@id\":\"https:\/\/tugelapeople.com\/services-solutions\/hr-systems\/sage-people\/sage-managed-services\/temporary-admin-cover\/\",\"url\":\"https:\/\/tugelapeople.com\/services-solutions\/hr-systems\/sage-people\/sage-managed-services\/temporary-admin-cover\/\",\"name\":\"Vor\u00fcbergehender Support f\u00fcr Sage People HRIS | Tugela People\",\"isPartOf\":{\"@id\":\"https:\/\/tugelapeople.com\/#website\"},\"primaryImageOfPage\":{\"@id\":\"https:\/\/tugelapeople.com\/services-solutions\/hr-systems\/sage-people\/sage-managed-services\/temporary-admin-cover\/#primaryimage\"},\"image\":{\"@id\":\"https:\/\/tugelapeople.com\/services-solutions\/hr-systems\/sage-people\/sage-managed-services\/temporary-admin-cover\/#primaryimage\"},\"thumbnailUrl\":\"https:\/\/tugelapeople.com\/wp-content\/uploads\/home-banner-2.jpg\",\"datePublished\":\"2021-12-15T12:59:54+00:00\",\"dateModified\":\"2024-04-09T15:02:24+00:00\",\"description\":\"\u00dcber unsere Abteilung Managed Services bieten wir Ihnen vor\u00fcbergehende administrative Unterst\u00fctzung f\u00fcr Ihr Sage People HRIS. Mehr erfahren.\",\"breadcrumb\":{\"@id\":\"https:\/\/tugelapeople.com\/services-solutions\/hr-systems\/sage-people\/sage-managed-services\/temporary-admin-cover\/#breadcrumb\"},\"inLanguage\":\"en-GB\",\"potentialAction\":[{\"@type\":\"ReadAction\",\"target\":[\"https:\/\/tugelapeople.com\/services-solutions\/hr-systems\/sage-people\/sage-managed-services\/temporary-admin-cover\/\"]}]},{\"@type\":\"ImageObject\",\"inLanguage\":\"en-GB\",\"@id\":\"https:\/\/tugelapeople.com\/services-solutions\/hr-systems\/sage-people\/sage-managed-services\/temporary-admin-cover\/#primaryimage\",\"url\":\"https:\/\/tugelapeople.com\/wp-content\/uploads\/home-banner-2.jpg\",\"contentUrl\":\"https:\/\/tugelapeople.com\/wp-content\/uploads\/home-banner-2.jpg\",\"width\":2000,\"height\":613},{\"@type\":\"BreadcrumbList\",\"@id\":\"https:\/\/tugelapeople.com\/services-solutions\/hr-systems\/sage-people\/sage-managed-services\/temporary-admin-cover\/#breadcrumb\",\"itemListElement\":[{\"@type\":\"ListItem\",\"position\":1,\"name\":\"Home\",\"item\":\"https:\/\/tugelapeople.com\/\"},{\"@type\":\"ListItem\",\"position\":2,\"name\":\"HRIS\",\"item\":\"https:\/\/tugelapeople.com\/services-solutions\/\"},{\"@type\":\"ListItem\",\"position\":3,\"name\":\"HR-Systeme\",\"item\":\"https:\/\/tugelapeople.com\/de\/hris\/hr-systeme\/\"},{\"@type\":\"ListItem\",\"position\":4,\"name\":\"Sage People\",\"item\":\"https:\/\/tugelapeople.com\/de\/hris\/hr-systeme\/sage-people\/\"},{\"@type\":\"ListItem\",\"position\":5,\"name\":\"Sage People Managed Services\",\"item\":\"https:\/\/tugelapeople.com\/de\/hris\/hr-systeme\/sage-people\/sage-people-managed-services\/\"},{\"@type\":\"ListItem\",\"position\":6,\"name\":\"Vor\u00fcbergehende administrative Unterst\u00fctzung\"}]},{\"@type\":\"WebSite\",\"@id\":\"https:\/\/tugelapeople.com\/#website\",\"url\":\"https:\/\/tugelapeople.com\/\",\"name\":\"Tugela People\",\"description\":\"\",\"inLanguage\":\"en-GB\"}]}<\/script>\n<!-- \/ Yoast SEO plugin. -->","yoast_head_json":{"title":"Vor\u00fcbergehender Support f\u00fcr Sage People HRIS | Tugela People","description":"\u00dcber unsere Abteilung Managed Services bieten wir Ihnen vor\u00fcbergehende administrative Unterst\u00fctzung f\u00fcr Ihr Sage People HRIS. Mehr erfahren.","robots":{"index":"index","follow":"follow","max-snippet":"max-snippet:-1","max-image-preview":"max-image-preview:large","max-video-preview":"max-video-preview:-1"},"canonical":"https:\/\/tugelapeople.com\/services-solutions\/hr-systems\/sage-people\/sage-managed-services\/temporary-admin-cover\/","og_locale":"en_GB","og_type":"article","og_title":"Vor\u00fcbergehender Support f\u00fcr Sage People HRIS | Tugela People","og_description":"\u00dcber unsere Abteilung Managed Services bieten wir Ihnen vor\u00fcbergehende administrative Unterst\u00fctzung f\u00fcr Ihr Sage People HRIS. Mehr erfahren.","og_url":"https:\/\/tugelapeople.com\/services-solutions\/hr-systems\/sage-people\/sage-managed-services\/temporary-admin-cover\/","og_site_name":"Tugela People","article_modified_time":"2024-04-09T15:02:24+00:00","og_image":[{"width":2000,"height":613,"url":"https:\/\/tugelapeople.com\/wp-content\/uploads\/home-banner-2.jpg","type":"image\/jpeg"}],"twitter_card":"summary_large_image","schema":{"@context":"https:\/\/schema.org","@graph":[{"@type":"WebPage","@id":"https:\/\/tugelapeople.com\/services-solutions\/hr-systems\/sage-people\/sage-managed-services\/temporary-admin-cover\/","url":"https:\/\/tugelapeople.com\/services-solutions\/hr-systems\/sage-people\/sage-managed-services\/temporary-admin-cover\/","name":"Vor\u00fcbergehender Support f\u00fcr Sage People HRIS | Tugela People","isPartOf":{"@id":"https:\/\/tugelapeople.com\/#website"},"primaryImageOfPage":{"@id":"https:\/\/tugelapeople.com\/services-solutions\/hr-systems\/sage-people\/sage-managed-services\/temporary-admin-cover\/#primaryimage"},"image":{"@id":"https:\/\/tugelapeople.com\/services-solutions\/hr-systems\/sage-people\/sage-managed-services\/temporary-admin-cover\/#primaryimage"},"thumbnailUrl":"https:\/\/tugelapeople.com\/wp-content\/uploads\/home-banner-2.jpg","datePublished":"2021-12-15T12:59:54+00:00","dateModified":"2024-04-09T15:02:24+00:00","description":"\u00dcber unsere Abteilung Managed Services bieten wir Ihnen vor\u00fcbergehende administrative Unterst\u00fctzung f\u00fcr Ihr Sage People HRIS. Mehr erfahren.","breadcrumb":{"@id":"https:\/\/tugelapeople.com\/services-solutions\/hr-systems\/sage-people\/sage-managed-services\/temporary-admin-cover\/#breadcrumb"},"inLanguage":"en-GB","potentialAction":[{"@type":"ReadAction","target":["https:\/\/tugelapeople.com\/services-solutions\/hr-systems\/sage-people\/sage-managed-services\/temporary-admin-cover\/"]}]},{"@type":"ImageObject","inLanguage":"en-GB","@id":"https:\/\/tugelapeople.com\/services-solutions\/hr-systems\/sage-people\/sage-managed-services\/temporary-admin-cover\/#primaryimage","url":"https:\/\/tugelapeople.com\/wp-content\/uploads\/home-banner-2.jpg","contentUrl":"https:\/\/tugelapeople.com\/wp-content\/uploads\/home-banner-2.jpg","width":2000,"height":613},{"@type":"BreadcrumbList","@id":"https:\/\/tugelapeople.com\/services-solutions\/hr-systems\/sage-people\/sage-managed-services\/temporary-admin-cover\/#breadcrumb","itemListElement":[{"@type":"ListItem","position":1,"name":"Home","item":"https:\/\/tugelapeople.com\/"},{"@type":"ListItem","position":2,"name":"HRIS","item":"https:\/\/tugelapeople.com\/services-solutions\/"},{"@type":"ListItem","position":3,"name":"HR-Systeme","item":"https:\/\/tugelapeople.com\/de\/hris\/hr-systeme\/"},{"@type":"ListItem","position":4,"name":"Sage People","item":"https:\/\/tugelapeople.com\/de\/hris\/hr-systeme\/sage-people\/"},{"@type":"ListItem","position":5,"name":"Sage People Managed Services","item":"https:\/\/tugelapeople.com\/de\/hris\/hr-systeme\/sage-people\/sage-people-managed-services\/"},{"@type":"ListItem","position":6,"name":"Vor\u00fcbergehende administrative Unterst\u00fctzung"}]},{"@type":"WebSite","@id":"https:\/\/tugelapeople.com\/#website","url":"https:\/\/tugelapeople.com\/","name":"Tugela People","description":"","inLanguage":"en-GB"}]}},"_links":{"self":[{"href":"https:\/\/tugelapeople.com\/de\/wp-json\/wp\/v2\/pages\/7217","targetHints":{"allow":["GET"]}}],"collection":[{"href":"https:\/\/tugelapeople.com\/de\/wp-json\/wp\/v2\/pages"}],"about":[{"href":"https:\/\/tugelapeople.com\/de\/wp-json\/wp\/v2\/types\/page"}],"author":[{"embeddable":true,"href":"https:\/\/tugelapeople.com\/de\/wp-json\/wp\/v2\/users\/2"}],"replies":[{"embeddable":true,"href":"https:\/\/tugelapeople.com\/de\/wp-json\/wp\/v2\/comments?post=7217"}],"version-history":[{"count":3,"href":"https:\/\/tugelapeople.com\/de\/wp-json\/wp\/v2\/pages\/7217\/revisions"}],"predecessor-version":[{"id":7540,"href":"https:\/\/tugelapeople.com\/de\/wp-json\/wp\/v2\/pages\/7217\/revisions\/7540"}],"up":[{"embeddable":true,"href":"https:\/\/tugelapeople.com\/de\/wp-json\/wp\/v2\/pages\/7213"}],"wp:featuredmedia":[{"embeddable":true,"href":"https:\/\/tugelapeople.com\/de\/wp-json\/wp\/v2\/media\/6599"}],"wp:attachment":[{"href":"https:\/\/tugelapeople.com\/de\/wp-json\/wp\/v2\/media?parent=7217"}],"wp:term":[{"taxonomy":"services","embeddable":true,"href":"https:\/\/tugelapeople.com\/de\/wp-json\/wp\/v2\/services?post=7217"},{"taxonomy":"offices","embeddable":true,"href":"https:\/\/tugelapeople.com\/de\/wp-json\/wp\/v2\/offices?post=7217"}],"curies":[{"name":"wp","href":"https:\/\/api.w.org\/{rel}","templated":true}]}}