{"id":7216,"date":"2021-12-15T12:55:18","date_gmt":"2021-12-15T12:55:18","guid":{"rendered":"https:\/\/tugelapeople.com\/sage-people-managed-services\/support-pakete\/"},"modified":"2024-04-09T15:00:58","modified_gmt":"2024-04-09T15:00:58","slug":"support-pakete","status":"publish","type":"page","link":"https:\/\/tugelapeople.com\/de\/hris\/hr-systeme\/sage-people\/sage-people-managed-services\/support-pakete\/","title":{"rendered":"Support-Pakete"},"content":{"rendered":"<h2><strong>Zuverl\u00e4ssiger und fachkundiger Ad-hoc-Support auf Abruf<\/strong><\/h2>\n<p>Sind Sie auf der Suche nach einem erfahrenen und seri\u00f6sen technischen Verwaltungssupport f\u00fcr Ihr Sage People HRIS, ohne sich an einen laufenden Jahresvertrag f\u00fcr Managed Services binden zu m\u00fcssen? Unser Managed Service Angebot umfasst jetzt Support-Pakete, die eine bestimmte Anzahl von Stunden \u00fcber einen bestimmten Zeitraum bieten. Sie entscheiden, wie viel Support Sie brauchen und wie Sie ihn nutzen.<\/p>\n<h2><strong>Wir stellen vor: Support-Pakete<\/strong><\/h2>\n<p>Dieses Angebot ist ideal f\u00fcr Kunden, die Unterst\u00fctzung nach Bedarf ben\u00f6tigen. Es eignet sich auch f\u00fcr Situationen, in denen der ben\u00f6tigte Support nicht die Einbindung eines assoziierten Partners f\u00fcr Short Order Queue (SOQ) Arbeit erfordert. Dazu geh\u00f6ren Systemabfragen, administrative Aufgaben, Erweiterungsanfragen, Konfiguration, Probleml\u00f6sung, das Schreiben von Berichten, Workflow-Anpassungen, das Laden von Daten, das Hinzuf\u00fcgen\/Bearbeiten von WX-Inhalten sowie, falls gew\u00fcnscht, Coaching\/Anleitung.<\/p>\n<p>Dar\u00fcber hinaus k\u00f6nnen Support-Pakete erworben werden, um einen bestehenden Servicevertrag in Zeiten hoher Nachfrage oder bei Bedarf an zus\u00e4tzlichen Stunden au\u00dferhalb des Servicevertrags zu variablen Zeiten zu erg\u00e4nzen.<\/p>\n<p>Alle Sage People HRIS-Probleme k\u00f6nnen schnell von einem Berater gel\u00f6st werden, der Ihre Bed\u00fcrfnisse und Systemeinstellungen kennt.<\/p>\n<h2><strong>Das Angebot:<\/strong><\/h2>\n<h3><strong>Support-Optionen Bronze\/Silber\/Gold\/Platin<\/strong><\/h3>\n<p>Anstatt sich zu einer monatlichen Festgeb\u00fchr zu verpflichten, k\u00f6nnen Kunden im Voraus bezahlte Pakete in kleinerem Umfang erwerben, je nachdem, wie viele Stunden an Support sie ben\u00f6tigen. Sie entscheiden, wie viel Support Sie brauchen und wie Sie ihn nutzen:<\/p>\n<p><img loading=\"lazy\" decoding=\"async\" class=\"alignnone \" src=\"https:\/\/tugelapeople.com\/wp-content\/uploads\/MS-Bundles-UK-pricing_external.png\" width=\"840\" height=\"189\" \/><\/p>\n<div class=\"mceTemp\"><\/div>\n<h3><strong>Im Rahmen dieses Angebots:<\/strong><\/h3>\n<ul>\n<li>Die Kunden haben ab Vertragsbeginn 12 Monate Zeit, die vereinbarten Stunden in Anspruch zu nehmen.<\/li>\n<li>Der Support pro Monat ist auf 4 Stunden begrenzt. Kunden k\u00f6nnen jedoch in jedem Monat zus\u00e4tzliche Stunden anfordern. Diese werden vorbehaltlich des Einverst\u00e4ndnisses und der Verf\u00fcgbarkeit von Managed Services gew\u00e4hrt. Anfragen nach zus\u00e4tzlicher Zeit werden von Fall zu Fall gepr\u00fcft. Wir bem\u00fchen uns, sie zu ber\u00fccksichtigen. Wir empfehlen jedoch, die zugewiesene Zeit innerhalb des vereinbarten Zeitraums zu nutzen, um Entt\u00e4uschungen zu vermeiden.<\/li>\n<li>Wir legen gro\u00dfen Wert darauf, Ihr System zu kennen, um die L\u00f6sungszeit zu verk\u00fcrzen. Deswegen wird zu Beginn des Vertrags eine 4-st\u00fcndige \u201eLite-Touch\u201c-Systemeinweisung durchgef\u00fchrt. Sie gibt dem Managed Services Team die Gelegenheit, die Einrichtung und Konfiguration Ihres Sage People Systems zu \u00fcberpr\u00fcfen und Ihre zuk\u00fcnftigen Anforderungen mit Ihnen zu besprechen.<\/li>\n<\/ul>\n<p>&nbsp;<\/p>\n<h2><strong>Wie genau sieht der Support aus?<\/strong><\/h2>\n<ul>\n<li>Ihr Team wird tagt\u00e4glich unterst\u00fctzt und Sie haben die M\u00f6glichkeit, sich bei Bedarf an Ihren Managed Services Berater zu wenden, um zus\u00e4tzlichen Support zu erhalten. Auf diese Weise k\u00f6nnen Systemprobleme schnell von einem Berater gel\u00f6st werden, der Ihr System und Ihre Anforderungen kennt.<\/li>\n<li>Wir nutzen unser internes Fachwissen in den Bereichen Systemimplementierung, Schulung und Projektmanagement, um Fragen zu kl\u00e4ren, bevor wir uns an Sage People wenden. So stellen wir eine rasche L\u00f6sung von Problemen sicher.<\/li>\n<li>Wir arbeiten gemeinsam mit Ihnen daran, das System so zu nutzen, dass Ihre Ziele erreicht werden und machen Vorschl\u00e4ge, wie Sie neue Versionen einsetzen k\u00f6nnen, um Ihr Unternehmen vorw\u00e4rtszubringen.<\/li>\n<\/ul>\n<p>&nbsp;<\/p>\n<h2><strong>Die Vorteile<\/strong><\/h2>\n<p>Eine angemessene Personalst\u00e4rke und Mitarbeitende mit den erforderlichen F\u00e4higkeiten sind f\u00fcr die erfolgreiche Nutzung Ihres Sage People Systems von gr\u00f6\u00dfter Bedeutung. Wenn Sie mit unserer Managed Services Abteilung zusammenarbeiten, stellen wir Ihnen das Know-how zur optimalen Nutzung Ihres Sage People HR-Systems zur Verf\u00fcgung. Sie k\u00f6nnen sich darauf verlassen, dass Sie in guten H\u00e4nden sind, denn unsere zertifizierten Sage People Berater verf\u00fcgen \u00fcber umfangreiche Erfahrung in den Bereichen HRIS, Systemimplementierung und Personalwesen.<\/p>\n<p>Wir nutzen unsere gro\u00dfe Erfahrung, um Ihr System kontinuierlich zu verbessern. So wird Ihr Unternehmen intelligenter und es er\u00f6ffnen sich mehr M\u00f6glichkeiten.<\/p>\n<h3><\/h3>\n<h3>Alle Einzelheiten zu unseren Support-Paketen f\u00fcr Sage People finden Sie in unserer Brosch\u00fcre.<\/h3>\n<p><strong>Zum Herunterladen einfach auf das folgende Bild klicken:<\/strong><\/p>\n<p><a href=\"https:\/\/tugelapeople.com\/wp-content\/uploads\/TP-MS-Bundles-support_English_external_website-version.pdf\"><img loading=\"lazy\" decoding=\"async\" class=\"alignnone \" src=\"https:\/\/tugelapeople.com\/wp-content\/uploads\/Brochure-cover_TP-MS-Bundles-support_English_external-min-scaled.jpg\" width=\"303\" height=\"428\" \/><\/a><\/p>\n<h2>Hilfe ist jederzeit verf\u00fcgbar<\/h2>\n<p>Wenn Sie mehr \u00fcber unser Serviceangebot erfahren oder Ihre potenziellen Anforderungen besprechen m\u00f6chten, wenden Sie sich bitte an uns unter Tel. <a href=\"tel:01908030360\">+44(0)1908 030368<\/a>\u00a0oder per E-Mail an:\u00a0<a href=\"mailto:info@tugelapeople.com\">info@tugelapeople.com<\/a>.\u00a0Alternativ k\u00f6nnen Sie auch gerne das Formular \u201e<a href=\"https:\/\/tugelapeople.com\/de\/kontakt\/kontakt-aufnehmen\/\" data-trigger=\"popup\">Kontakt aufnehmen<\/a>\u201c ausf\u00fcllen. Ein Mitglied unseres Teams wird sich dann mit Ihnen in Verbindung setzen.<\/p>\n<p>&nbsp;<\/p>\n<h3>Alle Einzelheiten zu unserem Managed Services Support f\u00fcr Sage People finden Sie in unserer Brosch\u00fcre.<\/h3>\n<p><strong>Zum Herunterladen einfach auf das folgende Bild klicken:<\/strong><\/p>\n<p><a href=\"https:\/\/tugelapeople.com\/wp-content\/uploads\/Tugela-People-Managed-Services-for-Sage-People_brochure.pdf\"><img loading=\"lazy\" decoding=\"async\" class=\" wp-image-5527\" src=\"https:\/\/tugelapeople.com\/wp-content\/uploads\/TP-MS-for-Sage-People-brochure-2023-min-318x450.jpg\" alt=\"Optimieren Sie Ihr Sage People HRIS mit Managed Services. Mehr erfahren\" width=\"316\" height=\"447\" \/><\/a><\/p>\n<p>&nbsp;<\/p>\n<p>&nbsp;<\/p>\n","protected":false},"excerpt":{"rendered":"<p>Zuverl\u00e4ssiger und fachkundiger Ad-hoc-Support auf Abruf Sind Sie auf der Suche nach einem erfahrenen und seri\u00f6sen technischen Verwaltungssupport f\u00fcr Ihr Sage People HRIS, ohne sich an einen laufenden Jahresvertrag f\u00fcr&#8230;<\/p>\n","protected":false},"author":2,"featured_media":6599,"parent":7213,"menu_order":2,"comment_status":"closed","ping_status":"closed","template":"","meta":{"_acf_changed":false,"content-type":"","footnotes":""},"services":[],"offices":[],"class_list":["post-7216","page","type-page","status-publish","has-post-thumbnail","hentry"],"acf":[],"yoast_head":"<!-- This site is optimized with the Yoast SEO plugin v26.8 - https:\/\/yoast.com\/product\/yoast-seo-wordpress\/ -->\n<title>Sage People HRIS Support-Pakete | Tugela People<\/title>\n<meta name=\"description\" content=\"\u00dcber unsere Abteilung Managed Services bieten wir Support-Pakete f\u00fcr Ihr Sage People HRIS an. Mehr erfahren.\" \/>\n<meta name=\"robots\" content=\"index, follow, max-snippet:-1, max-image-preview:large, max-video-preview:-1\" \/>\n<link rel=\"canonical\" href=\"https:\/\/tugelapeople.com\/services-solutions\/hr-systems\/sage-people\/sage-managed-services\/support-bundles\/\" \/>\n<meta property=\"og:locale\" content=\"en_GB\" \/>\n<meta property=\"og:type\" content=\"article\" \/>\n<meta property=\"og:title\" content=\"Sage People HRIS Support-Pakete | Tugela People\" \/>\n<meta property=\"og:description\" content=\"\u00dcber unsere Abteilung Managed Services bieten wir Support-Pakete f\u00fcr Ihr Sage People HRIS an. Mehr erfahren.\" \/>\n<meta property=\"og:url\" content=\"https:\/\/tugelapeople.com\/services-solutions\/hr-systems\/sage-people\/sage-managed-services\/support-bundles\/\" \/>\n<meta property=\"og:site_name\" content=\"Tugela People\" \/>\n<meta property=\"article:modified_time\" content=\"2024-04-09T15:00:58+00:00\" \/>\n<meta property=\"og:image\" content=\"https:\/\/tugelapeople.com\/wp-content\/uploads\/home-banner-2.jpg\" \/>\n\t<meta property=\"og:image:width\" content=\"2000\" \/>\n\t<meta property=\"og:image:height\" content=\"613\" \/>\n\t<meta property=\"og:image:type\" content=\"image\/jpeg\" \/>\n<meta name=\"twitter:card\" content=\"summary_large_image\" \/>\n<script type=\"application\/ld+json\" class=\"yoast-schema-graph\">{\"@context\":\"https:\/\/schema.org\",\"@graph\":[{\"@type\":\"WebPage\",\"@id\":\"https:\/\/tugelapeople.com\/services-solutions\/hr-systems\/sage-people\/sage-managed-services\/support-bundles\/\",\"url\":\"https:\/\/tugelapeople.com\/services-solutions\/hr-systems\/sage-people\/sage-managed-services\/support-bundles\/\",\"name\":\"Sage People HRIS Support-Pakete | Tugela People\",\"isPartOf\":{\"@id\":\"https:\/\/tugelapeople.com\/#website\"},\"primaryImageOfPage\":{\"@id\":\"https:\/\/tugelapeople.com\/services-solutions\/hr-systems\/sage-people\/sage-managed-services\/support-bundles\/#primaryimage\"},\"image\":{\"@id\":\"https:\/\/tugelapeople.com\/services-solutions\/hr-systems\/sage-people\/sage-managed-services\/support-bundles\/#primaryimage\"},\"thumbnailUrl\":\"https:\/\/tugelapeople.com\/wp-content\/uploads\/home-banner-2.jpg\",\"datePublished\":\"2021-12-15T12:55:18+00:00\",\"dateModified\":\"2024-04-09T15:00:58+00:00\",\"description\":\"\u00dcber unsere Abteilung Managed Services bieten wir Support-Pakete f\u00fcr Ihr Sage People HRIS an. Mehr erfahren.\",\"breadcrumb\":{\"@id\":\"https:\/\/tugelapeople.com\/services-solutions\/hr-systems\/sage-people\/sage-managed-services\/support-bundles\/#breadcrumb\"},\"inLanguage\":\"en-GB\",\"potentialAction\":[{\"@type\":\"ReadAction\",\"target\":[\"https:\/\/tugelapeople.com\/services-solutions\/hr-systems\/sage-people\/sage-managed-services\/support-bundles\/\"]}]},{\"@type\":\"ImageObject\",\"inLanguage\":\"en-GB\",\"@id\":\"https:\/\/tugelapeople.com\/services-solutions\/hr-systems\/sage-people\/sage-managed-services\/support-bundles\/#primaryimage\",\"url\":\"https:\/\/tugelapeople.com\/wp-content\/uploads\/home-banner-2.jpg\",\"contentUrl\":\"https:\/\/tugelapeople.com\/wp-content\/uploads\/home-banner-2.jpg\",\"width\":2000,\"height\":613},{\"@type\":\"BreadcrumbList\",\"@id\":\"https:\/\/tugelapeople.com\/services-solutions\/hr-systems\/sage-people\/sage-managed-services\/support-bundles\/#breadcrumb\",\"itemListElement\":[{\"@type\":\"ListItem\",\"position\":1,\"name\":\"Home\",\"item\":\"https:\/\/tugelapeople.com\/\"},{\"@type\":\"ListItem\",\"position\":2,\"name\":\"HRIS\",\"item\":\"https:\/\/tugelapeople.com\/services-solutions\/\"},{\"@type\":\"ListItem\",\"position\":3,\"name\":\"HR-Systeme\",\"item\":\"https:\/\/tugelapeople.com\/de\/hris\/hr-systeme\/\"},{\"@type\":\"ListItem\",\"position\":4,\"name\":\"Sage People\",\"item\":\"https:\/\/tugelapeople.com\/de\/hris\/hr-systeme\/sage-people\/\"},{\"@type\":\"ListItem\",\"position\":5,\"name\":\"Sage People Managed Services\",\"item\":\"https:\/\/tugelapeople.com\/de\/hris\/hr-systeme\/sage-people\/sage-people-managed-services\/\"},{\"@type\":\"ListItem\",\"position\":6,\"name\":\"Support-Pakete\"}]},{\"@type\":\"WebSite\",\"@id\":\"https:\/\/tugelapeople.com\/#website\",\"url\":\"https:\/\/tugelapeople.com\/\",\"name\":\"Tugela People\",\"description\":\"\",\"inLanguage\":\"en-GB\"}]}<\/script>\n<!-- \/ Yoast SEO plugin. -->","yoast_head_json":{"title":"Sage People HRIS Support-Pakete | Tugela People","description":"\u00dcber unsere Abteilung Managed Services bieten wir Support-Pakete f\u00fcr Ihr Sage People HRIS an. Mehr erfahren.","robots":{"index":"index","follow":"follow","max-snippet":"max-snippet:-1","max-image-preview":"max-image-preview:large","max-video-preview":"max-video-preview:-1"},"canonical":"https:\/\/tugelapeople.com\/services-solutions\/hr-systems\/sage-people\/sage-managed-services\/support-bundles\/","og_locale":"en_GB","og_type":"article","og_title":"Sage People HRIS Support-Pakete | Tugela People","og_description":"\u00dcber unsere Abteilung Managed Services bieten wir Support-Pakete f\u00fcr Ihr Sage People HRIS an. Mehr erfahren.","og_url":"https:\/\/tugelapeople.com\/services-solutions\/hr-systems\/sage-people\/sage-managed-services\/support-bundles\/","og_site_name":"Tugela People","article_modified_time":"2024-04-09T15:00:58+00:00","og_image":[{"width":2000,"height":613,"url":"https:\/\/tugelapeople.com\/wp-content\/uploads\/home-banner-2.jpg","type":"image\/jpeg"}],"twitter_card":"summary_large_image","schema":{"@context":"https:\/\/schema.org","@graph":[{"@type":"WebPage","@id":"https:\/\/tugelapeople.com\/services-solutions\/hr-systems\/sage-people\/sage-managed-services\/support-bundles\/","url":"https:\/\/tugelapeople.com\/services-solutions\/hr-systems\/sage-people\/sage-managed-services\/support-bundles\/","name":"Sage People HRIS Support-Pakete | Tugela People","isPartOf":{"@id":"https:\/\/tugelapeople.com\/#website"},"primaryImageOfPage":{"@id":"https:\/\/tugelapeople.com\/services-solutions\/hr-systems\/sage-people\/sage-managed-services\/support-bundles\/#primaryimage"},"image":{"@id":"https:\/\/tugelapeople.com\/services-solutions\/hr-systems\/sage-people\/sage-managed-services\/support-bundles\/#primaryimage"},"thumbnailUrl":"https:\/\/tugelapeople.com\/wp-content\/uploads\/home-banner-2.jpg","datePublished":"2021-12-15T12:55:18+00:00","dateModified":"2024-04-09T15:00:58+00:00","description":"\u00dcber unsere Abteilung Managed Services bieten wir Support-Pakete f\u00fcr Ihr Sage People HRIS an. Mehr erfahren.","breadcrumb":{"@id":"https:\/\/tugelapeople.com\/services-solutions\/hr-systems\/sage-people\/sage-managed-services\/support-bundles\/#breadcrumb"},"inLanguage":"en-GB","potentialAction":[{"@type":"ReadAction","target":["https:\/\/tugelapeople.com\/services-solutions\/hr-systems\/sage-people\/sage-managed-services\/support-bundles\/"]}]},{"@type":"ImageObject","inLanguage":"en-GB","@id":"https:\/\/tugelapeople.com\/services-solutions\/hr-systems\/sage-people\/sage-managed-services\/support-bundles\/#primaryimage","url":"https:\/\/tugelapeople.com\/wp-content\/uploads\/home-banner-2.jpg","contentUrl":"https:\/\/tugelapeople.com\/wp-content\/uploads\/home-banner-2.jpg","width":2000,"height":613},{"@type":"BreadcrumbList","@id":"https:\/\/tugelapeople.com\/services-solutions\/hr-systems\/sage-people\/sage-managed-services\/support-bundles\/#breadcrumb","itemListElement":[{"@type":"ListItem","position":1,"name":"Home","item":"https:\/\/tugelapeople.com\/"},{"@type":"ListItem","position":2,"name":"HRIS","item":"https:\/\/tugelapeople.com\/services-solutions\/"},{"@type":"ListItem","position":3,"name":"HR-Systeme","item":"https:\/\/tugelapeople.com\/de\/hris\/hr-systeme\/"},{"@type":"ListItem","position":4,"name":"Sage People","item":"https:\/\/tugelapeople.com\/de\/hris\/hr-systeme\/sage-people\/"},{"@type":"ListItem","position":5,"name":"Sage People Managed Services","item":"https:\/\/tugelapeople.com\/de\/hris\/hr-systeme\/sage-people\/sage-people-managed-services\/"},{"@type":"ListItem","position":6,"name":"Support-Pakete"}]},{"@type":"WebSite","@id":"https:\/\/tugelapeople.com\/#website","url":"https:\/\/tugelapeople.com\/","name":"Tugela People","description":"","inLanguage":"en-GB"}]}},"_links":{"self":[{"href":"https:\/\/tugelapeople.com\/de\/wp-json\/wp\/v2\/pages\/7216","targetHints":{"allow":["GET"]}}],"collection":[{"href":"https:\/\/tugelapeople.com\/de\/wp-json\/wp\/v2\/pages"}],"about":[{"href":"https:\/\/tugelapeople.com\/de\/wp-json\/wp\/v2\/types\/page"}],"author":[{"embeddable":true,"href":"https:\/\/tugelapeople.com\/de\/wp-json\/wp\/v2\/users\/2"}],"replies":[{"embeddable":true,"href":"https:\/\/tugelapeople.com\/de\/wp-json\/wp\/v2\/comments?post=7216"}],"version-history":[{"count":6,"href":"https:\/\/tugelapeople.com\/de\/wp-json\/wp\/v2\/pages\/7216\/revisions"}],"predecessor-version":[{"id":7539,"href":"https:\/\/tugelapeople.com\/de\/wp-json\/wp\/v2\/pages\/7216\/revisions\/7539"}],"up":[{"embeddable":true,"href":"https:\/\/tugelapeople.com\/de\/wp-json\/wp\/v2\/pages\/7213"}],"wp:featuredmedia":[{"embeddable":true,"href":"https:\/\/tugelapeople.com\/de\/wp-json\/wp\/v2\/media\/6599"}],"wp:attachment":[{"href":"https:\/\/tugelapeople.com\/de\/wp-json\/wp\/v2\/media?parent=7216"}],"wp:term":[{"taxonomy":"services","embeddable":true,"href":"https:\/\/tugelapeople.com\/de\/wp-json\/wp\/v2\/services?post=7216"},{"taxonomy":"offices","embeddable":true,"href":"https:\/\/tugelapeople.com\/de\/wp-json\/wp\/v2\/offices?post=7216"}],"curies":[{"name":"wp","href":"https:\/\/api.w.org\/{rel}","templated":true}]}}