{"id":7215,"date":"2021-12-15T12:42:03","date_gmt":"2021-12-15T12:42:03","guid":{"rendered":"https:\/\/tugelapeople.com\/sage-people-managed-services\/monatlicher-service-auf-vertragsbasis\/"},"modified":"2024-04-09T14:50:55","modified_gmt":"2024-04-09T14:50:55","slug":"monatlicher-service-auf-vertragsbasis","status":"publish","type":"page","link":"https:\/\/tugelapeople.com\/de\/hris\/hr-systeme\/sage-people\/sage-people-managed-services\/monatlicher-service-auf-vertragsbasis\/","title":{"rendered":"Monatlicher Service auf Vertragsbasis"},"content":{"rendered":"<p>Wenn Sie mit unserem Managed Services Team zusammenarbeiten, stellen wir Ihnen das Know-how zur bestm\u00f6glichen Nutzung Ihres Sage People HR-Systems zur Verf\u00fcgung.<\/p>\n<h3><span style=\"color: #0069b4;\"><strong>Diese Managed Service Option basiert auf einem Standardvertrag mit einer Laufzeit von 12 Monaten und einem Minimum von 8 Stunden Support pro Monat.<\/strong><\/span><\/h3>\n<h2><strong>Was k\u00f6nnen Sie von diesem Service erwarten?<\/strong><\/h2>\n<h3 style=\"padding-left: 40px;\"><strong>Ihre Herausforderungen, unsere L\u00f6sungen<\/strong><\/h3>\n<p style=\"padding-left: 40px;\">Da wir wissen, dass jedes Unternehmen anders ist, arbeiten wir von Anfang an mit Ihnen zusammen, um Ihre aktuellen HRIS-Herausforderungen und gew\u00fcnschten Ziele zu ermitteln.<\/p>\n<h3 style=\"padding-left: 40px;\"><strong>Implementierung<\/strong><\/h3>\n<p style=\"padding-left: 40px;\">Innerhalb des Managed Services Teams steht Ihnen ein fester Ansprechpartner zur Verf\u00fcgung, der f\u00fcr eine effiziente und zeitnahe Bearbeitung Ihrer Fragen und Supportanfragen sorgt.<\/p>\n<h3 style=\"padding-left: 40px;\"><strong>Regelm\u00e4\u00dfige \u00dcberpr\u00fcfungen<\/strong><\/h3>\n<p style=\"padding-left: 40px;\">Wir bewerten den Service, den Sie erhalten, durch regelm\u00e4\u00dfige Treffen und viertelj\u00e4hrliche Leistungs\u00fcberpr\u00fcfungen kontinuierlich. So stellen wir sicher, dass er Ihnen n\u00fctzt und Ihren Erwartungen und Anforderungen entspricht.<\/p>\n<h3 style=\"padding-left: 40px;\"><strong>Schulung und F\u00f6rderung<\/strong><\/h3>\n<p style=\"padding-left: 40px;\">Mit unserem Ansatz geben wir Ihnen und Ihrem Team die M\u00f6glichkeit, Ihr eigenes System zu nutzen und zu pflegen.<\/p>\n<p>&nbsp;<\/p>\n<h2><\/h2>\n<h2><strong>Wie genau sieht der Support aus?<\/strong><\/h2>\n<p>Zu Beginn Ihres Managed Services Vertrags f\u00fchren wir eine erste Systempr\u00fcfung durch, um uns mit Ihrem Setup und Ihren Problemen vertraut zu machen. So k\u00f6nnen wir eine System-Roadmap erstellen und w\u00e4hrend der Vertragslaufzeit proaktiv handeln.<\/p>\n<ul>\n<li style=\"list-style-type: none;\">\n<ul>\n<li><strong><span style=\"color: #0069b4;\">T\u00e4gliche Verwaltung<\/span><\/strong>\n<ul>\n<li>Erstellen und Planen von Berichten<\/li>\n<li>Laden der Daten<\/li>\n<\/ul>\n<\/li>\n<li><span style=\"color: #0069b4;\"><strong>T\u00e4glicher Support,<\/strong><\/span> einschlie\u00dflich, aber nicht beschr\u00e4nkt auf:\n<ul>\n<li>Systemkonfiguration<\/li>\n<li>Fehlersuche und -behebung bei Problemen<\/li>\n<li>Beratung zu bew\u00e4hrten Verfahren<\/li>\n<\/ul>\n<\/li>\n<li><strong><span style=\"color: #0069b4;\">Gr\u00f6\u00dfere Projekte<\/span><\/strong>\n<ul>\n<li>Systemintegration und Automatisierung<\/li>\n<li>Schulung\/Coaching von bestehenden Mitarbeitenden und neuen Kollegen<\/li>\n<\/ul>\n<\/li>\n<li><strong><span style=\"color: #0069b4;\">Ihr Team wird tagt\u00e4glich unterst\u00fctzt und kann sich bei Bedarf an Ihren Managed Services Berater wenden, um zus\u00e4tzliche Unterst\u00fctzung zu erhalten<\/span><\/strong>. Auf diese Weise k\u00f6nnen Systemprobleme schnell von einem Berater gel\u00f6st werden, der Ihr System und Ihre Anforderungen kennt.<\/li>\n<li>Wir nutzen unser <strong><span style=\"color: #0069b4;\">internes Fachwissen in den Bereichen Systemimplementierung, Schulung und Projektmanagement,<\/span> <\/strong>um Fragen zu kl\u00e4ren, bevor wir uns an Sage People wenden \u2013 so stellen wir eine rasche L\u00f6sung der Angelegenheiten sicher.<\/li>\n<li>Wir arbeiten gemeinsam mit Ihnen daran, <strong><span style=\"color: #0069b4;\">das System so zu nutzen, dass Ihre Ziele erreicht werden<\/span><\/strong> und machen Vorschl\u00e4ge, wie Sie neue Versionen einsetzen k\u00f6nnen, um Ihr Unternehmen vorw\u00e4rtszubringen.<\/li>\n<\/ul>\n<\/li>\n<\/ul>\n<p>&nbsp;<\/p>\n<h2><\/h2>\n<h2><\/h2>\n<h2><\/h2>\n<h2><\/h2>\n<h2><strong>Zu den Vorteilen, die Sie durch die Zusammenarbeit mit unserem Managed Services Team erzielen k\u00f6nnen, geh\u00f6ren:<\/strong><\/h2>\n<ul>\n<li style=\"list-style-type: none;\">\n<ul>\n<li>Optimale Systemleistung<\/li>\n<li>Erweiterter Support f\u00fcr die Verwaltung<\/li>\n<li>Verbesserungen entsprechend den Ver\u00e4nderungen und dem Wachstum Ihres Unternehmens<\/li>\n<li>Selbstst\u00e4ndigkeitsf\u00f6rderung der Benutzer bei der Systemverwaltung durch Coaching und Anleitung<\/li>\n<li>Erh\u00f6hte Datensicherheit<\/li>\n<li>Verbesserter ROI und bessere Kostenkontrolle<\/li>\n<li>Verbessertes Risikomanagement<\/li>\n<li>Gesch\u00e4ftskontinuit\u00e4t \u2013 weniger Ausfallzeiten und eine gest\u00e4rkte Arbeitsumgebung f\u00fcr Ihre Mitarbeitenden<\/li>\n<li>H\u00f6here Effizienz und Produktivit\u00e4t<\/li>\n<li>Zus\u00e4tzliche Ressourcen bei Bedarf<\/li>\n<li>Einhaltung der Sage People Best-Practice-Vorgaben durch Ihr System<\/li>\n<\/ul>\n<\/li>\n<\/ul>\n<p><strong>\u00a0<\/strong><\/p>\n<h2><\/h2>\n<h2><\/h2>\n<h2>Hilfe ist jederzeit verf\u00fcgbar<\/h2>\n<p>Wenn Sie mehr \u00fcber unser Serviceangebot erfahren oder Ihre potenziellen Anforderungen besprechen m\u00f6chten, wenden Sie sich bitte an uns unter Tel. <a href=\"tel:01908030360\">+44(0)1908 030360<\/a>\u00a0oder per E-Mail an:\u00a0<a href=\"mailto:info@tugelapeople.com\">info@tugelapeople.com<\/a>.\u00a0Alternativ k\u00f6nnen Sie auch gerne das Formular \u201e<a href=\"https:\/\/tugelapeople.com\/de\/kontakt\/kontakt-aufnehmen\/\" data-trigger=\"popup\">Kontakt aufnehmen<\/a>\u201c ausf\u00fcllen. Ein Mitglied unseres Teams wird sich dann mit Ihnen in Verbindung setzen.<\/p>\n<p>&nbsp;<\/p>\n<h3>Alle Einzelheiten zu unserem Managed Services Support f\u00fcr Sage People finden Sie in unserer Brosch\u00fcre.<\/h3>\n<p><strong>Zum Herunterladen einfach auf das folgende Bild klicken:<\/strong><\/p>\n<p><a href=\"https:\/\/tugelapeople.com\/wp-content\/uploads\/Tugela-People-Managed-Services-for-Sage-People_brochure.pdf\"><img loading=\"lazy\" decoding=\"async\" class=\" wp-image-5527\" src=\"https:\/\/tugelapeople.com\/wp-content\/uploads\/TP-MS-for-Sage-People-brochure-2023-min-318x450.jpg\" alt=\"Optimieren Sie Ihr Sage People HRIS mit Managed Services. Mehr erfahren\" width=\"301\" height=\"426\" \/><\/a><\/p>\n<p>&nbsp;<\/p>\n<p>&nbsp;<\/p>\n","protected":false},"excerpt":{"rendered":"<p>Wenn Sie mit unserem Managed Services Team zusammenarbeiten, stellen wir Ihnen das Know-how zur bestm\u00f6glichen Nutzung Ihres Sage People HR-Systems zur Verf\u00fcgung. Diese Managed Service Option basiert auf einem Standardvertrag&#8230;<\/p>\n","protected":false},"author":2,"featured_media":6599,"parent":7213,"menu_order":0,"comment_status":"closed","ping_status":"closed","template":"","meta":{"_acf_changed":false,"content-type":"","footnotes":""},"services":[],"offices":[],"class_list":["post-7215","page","type-page","status-publish","has-post-thumbnail","hentry"],"acf":[],"yoast_head":"<!-- This site is optimized with the Yoast SEO plugin v26.8 - https:\/\/yoast.com\/product\/yoast-seo-wordpress\/ -->\n<title>Sage People Managed Services auf Vertragsbasis | Tugela People<\/title>\n<meta name=\"description\" content=\"Wir bieten Ihnen Managed Services f\u00fcr Ihr Sage People HRIS \u00fcber einen festen Vertrag mit mind. 8 Stunden Support pro Monat. Mehr erfahren\" \/>\n<meta name=\"robots\" content=\"index, follow, max-snippet:-1, max-image-preview:large, max-video-preview:-1\" \/>\n<link rel=\"canonical\" href=\"https:\/\/tugelapeople.com\/services-solutions\/hr-systems\/sage-people\/sage-managed-services\/retained-monthly-service\/\" \/>\n<meta property=\"og:locale\" content=\"en_GB\" \/>\n<meta property=\"og:type\" content=\"article\" \/>\n<meta property=\"og:title\" content=\"Sage People Managed Services auf Vertragsbasis | Tugela People\" \/>\n<meta property=\"og:description\" content=\"Wir bieten Ihnen Managed Services f\u00fcr Ihr Sage People HRIS \u00fcber einen festen Vertrag mit mind. 8 Stunden Support pro Monat. Mehr erfahren\" \/>\n<meta property=\"og:url\" content=\"https:\/\/tugelapeople.com\/services-solutions\/hr-systems\/sage-people\/sage-managed-services\/retained-monthly-service\/\" \/>\n<meta property=\"og:site_name\" content=\"Tugela People\" \/>\n<meta property=\"article:modified_time\" content=\"2024-04-09T14:50:55+00:00\" \/>\n<meta property=\"og:image\" content=\"https:\/\/tugelapeople.com\/wp-content\/uploads\/home-banner-2.jpg\" \/>\n\t<meta property=\"og:image:width\" content=\"2000\" \/>\n\t<meta property=\"og:image:height\" content=\"613\" \/>\n\t<meta property=\"og:image:type\" content=\"image\/jpeg\" \/>\n<meta name=\"twitter:card\" content=\"summary_large_image\" \/>\n<script type=\"application\/ld+json\" class=\"yoast-schema-graph\">{\"@context\":\"https:\/\/schema.org\",\"@graph\":[{\"@type\":\"WebPage\",\"@id\":\"https:\/\/tugelapeople.com\/services-solutions\/hr-systems\/sage-people\/sage-managed-services\/retained-monthly-service\/\",\"url\":\"https:\/\/tugelapeople.com\/services-solutions\/hr-systems\/sage-people\/sage-managed-services\/retained-monthly-service\/\",\"name\":\"Sage People Managed Services auf Vertragsbasis | Tugela People\",\"isPartOf\":{\"@id\":\"https:\/\/tugelapeople.com\/#website\"},\"primaryImageOfPage\":{\"@id\":\"https:\/\/tugelapeople.com\/services-solutions\/hr-systems\/sage-people\/sage-managed-services\/retained-monthly-service\/#primaryimage\"},\"image\":{\"@id\":\"https:\/\/tugelapeople.com\/services-solutions\/hr-systems\/sage-people\/sage-managed-services\/retained-monthly-service\/#primaryimage\"},\"thumbnailUrl\":\"https:\/\/tugelapeople.com\/wp-content\/uploads\/home-banner-2.jpg\",\"datePublished\":\"2021-12-15T12:42:03+00:00\",\"dateModified\":\"2024-04-09T14:50:55+00:00\",\"description\":\"Wir bieten Ihnen Managed Services f\u00fcr Ihr Sage People HRIS \u00fcber einen festen Vertrag mit mind. 8 Stunden Support pro Monat. Mehr erfahren\",\"breadcrumb\":{\"@id\":\"https:\/\/tugelapeople.com\/services-solutions\/hr-systems\/sage-people\/sage-managed-services\/retained-monthly-service\/#breadcrumb\"},\"inLanguage\":\"en-GB\",\"potentialAction\":[{\"@type\":\"ReadAction\",\"target\":[\"https:\/\/tugelapeople.com\/services-solutions\/hr-systems\/sage-people\/sage-managed-services\/retained-monthly-service\/\"]}]},{\"@type\":\"ImageObject\",\"inLanguage\":\"en-GB\",\"@id\":\"https:\/\/tugelapeople.com\/services-solutions\/hr-systems\/sage-people\/sage-managed-services\/retained-monthly-service\/#primaryimage\",\"url\":\"https:\/\/tugelapeople.com\/wp-content\/uploads\/home-banner-2.jpg\",\"contentUrl\":\"https:\/\/tugelapeople.com\/wp-content\/uploads\/home-banner-2.jpg\",\"width\":2000,\"height\":613},{\"@type\":\"BreadcrumbList\",\"@id\":\"https:\/\/tugelapeople.com\/services-solutions\/hr-systems\/sage-people\/sage-managed-services\/retained-monthly-service\/#breadcrumb\",\"itemListElement\":[{\"@type\":\"ListItem\",\"position\":1,\"name\":\"Home\",\"item\":\"https:\/\/tugelapeople.com\/\"},{\"@type\":\"ListItem\",\"position\":2,\"name\":\"HRIS\",\"item\":\"https:\/\/tugelapeople.com\/services-solutions\/\"},{\"@type\":\"ListItem\",\"position\":3,\"name\":\"HR-Systeme\",\"item\":\"https:\/\/tugelapeople.com\/de\/hris\/hr-systeme\/\"},{\"@type\":\"ListItem\",\"position\":4,\"name\":\"Sage People\",\"item\":\"https:\/\/tugelapeople.com\/de\/hris\/hr-systeme\/sage-people\/\"},{\"@type\":\"ListItem\",\"position\":5,\"name\":\"Sage People Managed Services\",\"item\":\"https:\/\/tugelapeople.com\/de\/hris\/hr-systeme\/sage-people\/sage-people-managed-services\/\"},{\"@type\":\"ListItem\",\"position\":6,\"name\":\"Monatlicher Service auf Vertragsbasis\"}]},{\"@type\":\"WebSite\",\"@id\":\"https:\/\/tugelapeople.com\/#website\",\"url\":\"https:\/\/tugelapeople.com\/\",\"name\":\"Tugela People\",\"description\":\"\",\"inLanguage\":\"en-GB\"}]}<\/script>\n<!-- \/ Yoast SEO plugin. -->","yoast_head_json":{"title":"Sage People Managed Services auf Vertragsbasis | Tugela People","description":"Wir bieten Ihnen Managed Services f\u00fcr Ihr Sage People HRIS \u00fcber einen festen Vertrag mit mind. 8 Stunden Support pro Monat. Mehr erfahren","robots":{"index":"index","follow":"follow","max-snippet":"max-snippet:-1","max-image-preview":"max-image-preview:large","max-video-preview":"max-video-preview:-1"},"canonical":"https:\/\/tugelapeople.com\/services-solutions\/hr-systems\/sage-people\/sage-managed-services\/retained-monthly-service\/","og_locale":"en_GB","og_type":"article","og_title":"Sage People Managed Services auf Vertragsbasis | Tugela People","og_description":"Wir bieten Ihnen Managed Services f\u00fcr Ihr Sage People HRIS \u00fcber einen festen Vertrag mit mind. 8 Stunden Support pro Monat. Mehr erfahren","og_url":"https:\/\/tugelapeople.com\/services-solutions\/hr-systems\/sage-people\/sage-managed-services\/retained-monthly-service\/","og_site_name":"Tugela People","article_modified_time":"2024-04-09T14:50:55+00:00","og_image":[{"width":2000,"height":613,"url":"https:\/\/tugelapeople.com\/wp-content\/uploads\/home-banner-2.jpg","type":"image\/jpeg"}],"twitter_card":"summary_large_image","schema":{"@context":"https:\/\/schema.org","@graph":[{"@type":"WebPage","@id":"https:\/\/tugelapeople.com\/services-solutions\/hr-systems\/sage-people\/sage-managed-services\/retained-monthly-service\/","url":"https:\/\/tugelapeople.com\/services-solutions\/hr-systems\/sage-people\/sage-managed-services\/retained-monthly-service\/","name":"Sage People Managed Services auf Vertragsbasis | Tugela People","isPartOf":{"@id":"https:\/\/tugelapeople.com\/#website"},"primaryImageOfPage":{"@id":"https:\/\/tugelapeople.com\/services-solutions\/hr-systems\/sage-people\/sage-managed-services\/retained-monthly-service\/#primaryimage"},"image":{"@id":"https:\/\/tugelapeople.com\/services-solutions\/hr-systems\/sage-people\/sage-managed-services\/retained-monthly-service\/#primaryimage"},"thumbnailUrl":"https:\/\/tugelapeople.com\/wp-content\/uploads\/home-banner-2.jpg","datePublished":"2021-12-15T12:42:03+00:00","dateModified":"2024-04-09T14:50:55+00:00","description":"Wir bieten Ihnen Managed Services f\u00fcr Ihr Sage People HRIS \u00fcber einen festen Vertrag mit mind. 8 Stunden Support pro Monat. Mehr erfahren","breadcrumb":{"@id":"https:\/\/tugelapeople.com\/services-solutions\/hr-systems\/sage-people\/sage-managed-services\/retained-monthly-service\/#breadcrumb"},"inLanguage":"en-GB","potentialAction":[{"@type":"ReadAction","target":["https:\/\/tugelapeople.com\/services-solutions\/hr-systems\/sage-people\/sage-managed-services\/retained-monthly-service\/"]}]},{"@type":"ImageObject","inLanguage":"en-GB","@id":"https:\/\/tugelapeople.com\/services-solutions\/hr-systems\/sage-people\/sage-managed-services\/retained-monthly-service\/#primaryimage","url":"https:\/\/tugelapeople.com\/wp-content\/uploads\/home-banner-2.jpg","contentUrl":"https:\/\/tugelapeople.com\/wp-content\/uploads\/home-banner-2.jpg","width":2000,"height":613},{"@type":"BreadcrumbList","@id":"https:\/\/tugelapeople.com\/services-solutions\/hr-systems\/sage-people\/sage-managed-services\/retained-monthly-service\/#breadcrumb","itemListElement":[{"@type":"ListItem","position":1,"name":"Home","item":"https:\/\/tugelapeople.com\/"},{"@type":"ListItem","position":2,"name":"HRIS","item":"https:\/\/tugelapeople.com\/services-solutions\/"},{"@type":"ListItem","position":3,"name":"HR-Systeme","item":"https:\/\/tugelapeople.com\/de\/hris\/hr-systeme\/"},{"@type":"ListItem","position":4,"name":"Sage People","item":"https:\/\/tugelapeople.com\/de\/hris\/hr-systeme\/sage-people\/"},{"@type":"ListItem","position":5,"name":"Sage People Managed Services","item":"https:\/\/tugelapeople.com\/de\/hris\/hr-systeme\/sage-people\/sage-people-managed-services\/"},{"@type":"ListItem","position":6,"name":"Monatlicher Service auf Vertragsbasis"}]},{"@type":"WebSite","@id":"https:\/\/tugelapeople.com\/#website","url":"https:\/\/tugelapeople.com\/","name":"Tugela People","description":"","inLanguage":"en-GB"}]}},"_links":{"self":[{"href":"https:\/\/tugelapeople.com\/de\/wp-json\/wp\/v2\/pages\/7215","targetHints":{"allow":["GET"]}}],"collection":[{"href":"https:\/\/tugelapeople.com\/de\/wp-json\/wp\/v2\/pages"}],"about":[{"href":"https:\/\/tugelapeople.com\/de\/wp-json\/wp\/v2\/types\/page"}],"author":[{"embeddable":true,"href":"https:\/\/tugelapeople.com\/de\/wp-json\/wp\/v2\/users\/2"}],"replies":[{"embeddable":true,"href":"https:\/\/tugelapeople.com\/de\/wp-json\/wp\/v2\/comments?post=7215"}],"version-history":[{"count":3,"href":"https:\/\/tugelapeople.com\/de\/wp-json\/wp\/v2\/pages\/7215\/revisions"}],"predecessor-version":[{"id":7531,"href":"https:\/\/tugelapeople.com\/de\/wp-json\/wp\/v2\/pages\/7215\/revisions\/7531"}],"up":[{"embeddable":true,"href":"https:\/\/tugelapeople.com\/de\/wp-json\/wp\/v2\/pages\/7213"}],"wp:featuredmedia":[{"embeddable":true,"href":"https:\/\/tugelapeople.com\/de\/wp-json\/wp\/v2\/media\/6599"}],"wp:attachment":[{"href":"https:\/\/tugelapeople.com\/de\/wp-json\/wp\/v2\/media?parent=7215"}],"wp:term":[{"taxonomy":"services","embeddable":true,"href":"https:\/\/tugelapeople.com\/de\/wp-json\/wp\/v2\/services?post=7215"},{"taxonomy":"offices","embeddable":true,"href":"https:\/\/tugelapeople.com\/de\/wp-json\/wp\/v2\/offices?post=7215"}],"curies":[{"name":"wp","href":"https:\/\/api.w.org\/{rel}","templated":true}]}}