{"id":7210,"date":"2020-12-17T14:01:35","date_gmt":"2020-12-17T14:01:35","guid":{"rendered":"https:\/\/tugelapeople.com\/sage-people-integration\/"},"modified":"2024-03-12T12:25:52","modified_gmt":"2024-03-12T12:25:52","slug":"sage-people-integration","status":"publish","type":"page","link":"https:\/\/tugelapeople.com\/de\/hris\/hr-systeme\/sage-people\/sage-people-integration\/","title":{"rendered":"Sage People Integration"},"content":{"rendered":"<p>Wir erleichtern die Integration des <a href=\"https:\/\/tugelapeople.com\/de\/hris\/hr-systeme\/sage-people\/\">HR-Systems Sage People<\/a> mit einer Reihe von HR-Technologien, einschlie\u00dflich:<\/p>\n<ul>\n<li>Stellenausschreibungen<\/li>\n<li>DocuSign<\/li>\n<li>Personalmanagement<\/li>\n<li>Lernmanagement<\/li>\n<li>Kostenverwaltung<\/li>\n<li>Lohnabrechnung<\/li>\n<\/ul>\n<p>&nbsp;<\/p>\n<p>Wir bieten au\u00dferdem Integrationsservices f\u00fcr verwandte Technologien wie Single Sign-On (SSO) und Active Directory (AD) sowie API-Integration f\u00fcr andere Anwendungen wie Finanzen, Beschaffung und Customer Relationship Management.<\/p>\n<p>Dar\u00fcber hinaus verf\u00fcgt Tugela People \u00fcber umfangreiche Salesforce-Kenntnisse. Da Sage People auf der Salesforce-Plattform aufbaut, sind diese Kenntnisse \u00e4u\u00dferst wertvoll.<\/p>\n<p>Durch unseren effizienten und effektiven Integrationsservice erweitern globale Unternehmen mit mehreren Standorten und 50 bis 5000 Mitarbeitenden ihr Know-how \u00fcber Sage People. Mit unserer langj\u00e4hrigen Erfahrung und einem Team hochqualifizierter und sachkundiger Personalberater k\u00f6nnen wir die von Ihnen gew\u00e4hlte Technologie schnell in Sage People integrieren. Das erlaubt die unmittelbare Nutzung der neuen, verbesserten und nahtlosen Funktionen und l\u00e4sst Sie m\u00f6gliche Schwierigkeiten bei der Integration umgehen.<\/p>\n<p><a href=\"https:\/\/tugelapeople.com\/de\/ueber-uns\/unsere-mitarbeitenden\/\">Tugela People hat ein internes Team<\/a> mit fundierten Kenntnissen im Bereich API-Integration, das ein Webscript erstellen kann. \u00dcber eine API wird Ihr Sage People System mit anderen externen Plattformen verbunden und so ein Informationsaustausch in Echtzeit zwischen beiden Systemen erm\u00f6glicht. Da die Berater von Tugela People \u00fcber die erforderliche Expertise zur API-Integration von Sage People und Salesforce verf\u00fcgen, brauchen Sie daf\u00fcr nicht separat Entwickler beauftragen. Wir besprechen alle diese Details zur erfolgreichen Implementierung Ihrer API-Integration rechtzeitig mit Ihnen, damit wir Ihnen einen ganzheitlichen Service bieten k\u00f6nnen.<\/p>\n<h2><span style=\"color: #0069b4;\">Kosteng\u00fcnstiger Support der Integration von Sage People<\/span><\/h2>\n<p>Wir f\u00fchren die Integration schnell und problemlos durch\u00a0\u2013 und Sie nutzen die Vorteile schon in k\u00fcrzester Zeit. Dank unserer langj\u00e4hrigen Erfahrung kennen wir die besten Verfahren und garantieren die Einrichtung der neuen Schnittstelle auf eine Art, die die optimale Nutzung der erweiterten Funktionen ohne Verz\u00f6gerung erm\u00f6glicht.<\/p>\n<p>Mit einer Kombination aus partnerschaftlichem Ansatz und strukturierter Methodik sorgt der f\u00fcr Sie und die Integration zust\u00e4ndige Projektmanager von Tugela People daf\u00fcr, dass die Ergebnisse von Anfang an definiert und dann gem\u00e4\u00df dem vereinbarten Zeitplan umgesetzt werden.<\/p>\n<h2><span style=\"color: #0069b4;\">Warum sollten Sie die Integration uns \u00fcberlassen?<\/span><\/h2>\n<p>Als erster akkreditierter und bevorzugter Sage People Partner in Gro\u00dfbritannien sind wir autorisiert, eine Reihe von Supportleistungen f\u00fcr Sage People anzubieten. Sie k\u00f6nnen sich also darauf verlassen, dass wir die Aufgabe p\u00fcnktlich und budgetgerecht erledigen.<\/p>\n<p>Nach \u00fcber 140 Systemimplementierungen kennen wir uns bestens mit Sage People aus und wissen, wie man Integrationen effizient, kosteng\u00fcnstig und benutzerfreundlich gestaltet. Wir werden:<\/p>\n<ul>\n<li>die Integrationszeit durch unsere fundierten Fachkenntnisse verk\u00fcrzen.<\/li>\n<li>sicherstellen, dass keine Doppelarbeit anf\u00e4llt.<\/li>\n<li>die neuen Funktionen einbinden und dem Team beim Einarbeiten helfen.<\/li>\n<\/ul>\n<p>&nbsp;<\/p>\n<p>Sie sind ein Unternehmen mit mehreren Standorten und haben nicht die Zeit oder das technische Fachwissen, um Ihr Integrationsprojekt selbst zu verwalten? Dann sprechen Sie mit Tugela People, den Experten f\u00fcr die Integration von Sage People.<\/p>\n<p>Noch unsicher? Lesen Sie, was unsere\u00a0<a href=\"https:\/\/tugelapeople.com\/de\/ueber-uns\/kundenstimmen\/\" rel=\"noopener\">Kunden \u00fcber uns sagen<\/a>\u00a0und\u00a0<a href=\"https:\/\/tugelapeople.com\/de\/ueber-uns\/\">warum Sie Tugela People nutzen sollten<\/a>.<\/p>\n<h2><span style=\"color: #0069b4;\">Weitere Sage People Supportleistungen<\/span><\/h2>\n<p>\u00dcber unsere\u00a0<a href=\"https:\/\/tugelapeople.com\/de\/hris\/hr-systeme\/sage-people\/sage-people-managed-services\/\" rel=\"noopener\">Managed Services<\/a> bieten wir Ihnen Support zur <a href=\"https:\/\/tugelapeople.com\/de\/hris\/hr-systeme\/sage-people\/support-fur-sage-people-implementierung\/\" rel=\"noopener\">Implementierung<\/a> von Sage People, zum\u00a0<a href=\"https:\/\/tugelapeople.com\/de\/hris\/hr-systeme\/sage-people\/sage-people-projektmanagement\/\" rel=\"noopener\">Projektmanagement<\/a>, zu <a href=\"https:\/\/tugelapeople.com\/de\/hris\/hr-systeme\/sage-people\/sage-people-schulungen\/\" rel=\"noopener\">Schulungen<\/a> sowie Support nach der Implementierung.<\/p>\n<h2><span style=\"color: #0069b4;\">Wie gehts weiter?<\/span><\/h2>\n<p>Wenn Ihr Unternehmen einen fachkundigen Partner f\u00fcr die Integration von Sage People ben\u00f6tigt, kontaktieren Sie uns unter der Telefonnummer <strong><span style=\"color: #0069b4;\">+44(0)1908 030360<\/span> <\/strong>oder per E-Mail an: <a href=\"mailto:info@tugelapeople.com\">info@tugelapeople.com<\/a>. Alternativ k\u00f6nnen Sie auch gerne das Formular <a href=\"https:\/\/tugelapeople.com\/de\/kontakt\/kontakt-aufnehmen\/\" data-trigger=\"popup\">Kontakt aufnehmen\u00a0<\/a> ausf\u00fcllen. Wir werden uns dann mit Ihnen in Verbindung setzen.<\/p>\n","protected":false},"excerpt":{"rendered":"<p>Wir erleichtern die Integration des HR-Systems Sage People mit einer Reihe von HR-Technologien, einschlie\u00dflich: Stellenausschreibungen DocuSign Personalmanagement Lernmanagement Kostenverwaltung Lohnabrechnung &nbsp; Wir bieten au\u00dferdem Integrationsservices f\u00fcr verwandte Technologien wie Single&#8230;<\/p>\n","protected":false},"author":13,"featured_media":0,"parent":7214,"menu_order":15,"comment_status":"closed","ping_status":"closed","template":"","meta":{"_acf_changed":false,"content-type":"","footnotes":""},"services":[],"offices":[],"class_list":["post-7210","page","type-page","status-publish","hentry","pagetype-service"],"acf":[],"yoast_head":"<!-- This site is optimized with the Yoast SEO plugin v26.8 - https:\/\/yoast.com\/product\/yoast-seo-wordpress\/ -->\n<title>Sage People Integration - Tugela People<\/title>\n<meta name=\"description\" content=\"Wir erleichtern die Integration Ihres Sage People HR-Systems mit einer Reihe von HR-Technologien und anderen Anwendungen. Erfahren Sie mehr.\" \/>\n<meta name=\"robots\" content=\"index, follow, max-snippet:-1, max-image-preview:large, max-video-preview:-1\" \/>\n<link rel=\"canonical\" href=\"https:\/\/tugelapeople.com\/services-solutions\/hr-systems\/sage-people\/integration\/\" \/>\n<meta property=\"og:locale\" content=\"en_GB\" \/>\n<meta property=\"og:type\" content=\"article\" \/>\n<meta property=\"og:title\" content=\"Sage People Integration - Tugela People\" \/>\n<meta property=\"og:description\" content=\"Wir erleichtern die Integration Ihres Sage People HR-Systems mit einer Reihe von HR-Technologien und anderen Anwendungen. Erfahren Sie mehr.\" \/>\n<meta property=\"og:url\" content=\"https:\/\/tugelapeople.com\/services-solutions\/hr-systems\/sage-people\/integration\/\" \/>\n<meta property=\"og:site_name\" content=\"Tugela People\" \/>\n<meta property=\"article:modified_time\" content=\"2024-03-12T12:25:52+00:00\" \/>\n<meta name=\"twitter:card\" content=\"summary_large_image\" \/>\n<script type=\"application\/ld+json\" class=\"yoast-schema-graph\">{\"@context\":\"https:\/\/schema.org\",\"@graph\":[{\"@type\":\"WebPage\",\"@id\":\"https:\/\/tugelapeople.com\/services-solutions\/hr-systems\/sage-people\/integration\/\",\"url\":\"https:\/\/tugelapeople.com\/services-solutions\/hr-systems\/sage-people\/integration\/\",\"name\":\"Sage People Integration - Tugela People\",\"isPartOf\":{\"@id\":\"https:\/\/tugelapeople.com\/#website\"},\"datePublished\":\"2020-12-17T14:01:35+00:00\",\"dateModified\":\"2024-03-12T12:25:52+00:00\",\"description\":\"Wir erleichtern die Integration Ihres Sage People HR-Systems mit einer Reihe von HR-Technologien und anderen Anwendungen. Erfahren Sie mehr.\",\"breadcrumb\":{\"@id\":\"https:\/\/tugelapeople.com\/services-solutions\/hr-systems\/sage-people\/integration\/#breadcrumb\"},\"inLanguage\":\"en-GB\",\"potentialAction\":[{\"@type\":\"ReadAction\",\"target\":[\"https:\/\/tugelapeople.com\/services-solutions\/hr-systems\/sage-people\/integration\/\"]}]},{\"@type\":\"BreadcrumbList\",\"@id\":\"https:\/\/tugelapeople.com\/services-solutions\/hr-systems\/sage-people\/integration\/#breadcrumb\",\"itemListElement\":[{\"@type\":\"ListItem\",\"position\":1,\"name\":\"Home\",\"item\":\"https:\/\/tugelapeople.com\/\"},{\"@type\":\"ListItem\",\"position\":2,\"name\":\"HRIS\",\"item\":\"https:\/\/tugelapeople.com\/services-solutions\/\"},{\"@type\":\"ListItem\",\"position\":3,\"name\":\"HR-Systeme\",\"item\":\"https:\/\/tugelapeople.com\/de\/hris\/hr-systeme\/\"},{\"@type\":\"ListItem\",\"position\":4,\"name\":\"Sage People\",\"item\":\"https:\/\/tugelapeople.com\/de\/hris\/hr-systeme\/sage-people\/\"},{\"@type\":\"ListItem\",\"position\":5,\"name\":\"Sage People Integration\"}]},{\"@type\":\"WebSite\",\"@id\":\"https:\/\/tugelapeople.com\/#website\",\"url\":\"https:\/\/tugelapeople.com\/\",\"name\":\"Tugela People\",\"description\":\"\",\"inLanguage\":\"en-GB\"}]}<\/script>\n<!-- \/ Yoast SEO plugin. -->","yoast_head_json":{"title":"Sage People Integration - Tugela People","description":"Wir erleichtern die Integration Ihres Sage People HR-Systems mit einer Reihe von HR-Technologien und anderen Anwendungen. Erfahren Sie mehr.","robots":{"index":"index","follow":"follow","max-snippet":"max-snippet:-1","max-image-preview":"max-image-preview:large","max-video-preview":"max-video-preview:-1"},"canonical":"https:\/\/tugelapeople.com\/services-solutions\/hr-systems\/sage-people\/integration\/","og_locale":"en_GB","og_type":"article","og_title":"Sage People Integration - Tugela People","og_description":"Wir erleichtern die Integration Ihres Sage People HR-Systems mit einer Reihe von HR-Technologien und anderen Anwendungen. Erfahren Sie mehr.","og_url":"https:\/\/tugelapeople.com\/services-solutions\/hr-systems\/sage-people\/integration\/","og_site_name":"Tugela People","article_modified_time":"2024-03-12T12:25:52+00:00","twitter_card":"summary_large_image","schema":{"@context":"https:\/\/schema.org","@graph":[{"@type":"WebPage","@id":"https:\/\/tugelapeople.com\/services-solutions\/hr-systems\/sage-people\/integration\/","url":"https:\/\/tugelapeople.com\/services-solutions\/hr-systems\/sage-people\/integration\/","name":"Sage People Integration - Tugela People","isPartOf":{"@id":"https:\/\/tugelapeople.com\/#website"},"datePublished":"2020-12-17T14:01:35+00:00","dateModified":"2024-03-12T12:25:52+00:00","description":"Wir erleichtern die Integration Ihres Sage People HR-Systems mit einer Reihe von HR-Technologien und anderen Anwendungen. Erfahren Sie mehr.","breadcrumb":{"@id":"https:\/\/tugelapeople.com\/services-solutions\/hr-systems\/sage-people\/integration\/#breadcrumb"},"inLanguage":"en-GB","potentialAction":[{"@type":"ReadAction","target":["https:\/\/tugelapeople.com\/services-solutions\/hr-systems\/sage-people\/integration\/"]}]},{"@type":"BreadcrumbList","@id":"https:\/\/tugelapeople.com\/services-solutions\/hr-systems\/sage-people\/integration\/#breadcrumb","itemListElement":[{"@type":"ListItem","position":1,"name":"Home","item":"https:\/\/tugelapeople.com\/"},{"@type":"ListItem","position":2,"name":"HRIS","item":"https:\/\/tugelapeople.com\/services-solutions\/"},{"@type":"ListItem","position":3,"name":"HR-Systeme","item":"https:\/\/tugelapeople.com\/de\/hris\/hr-systeme\/"},{"@type":"ListItem","position":4,"name":"Sage People","item":"https:\/\/tugelapeople.com\/de\/hris\/hr-systeme\/sage-people\/"},{"@type":"ListItem","position":5,"name":"Sage People Integration"}]},{"@type":"WebSite","@id":"https:\/\/tugelapeople.com\/#website","url":"https:\/\/tugelapeople.com\/","name":"Tugela People","description":"","inLanguage":"en-GB"}]}},"_links":{"self":[{"href":"https:\/\/tugelapeople.com\/de\/wp-json\/wp\/v2\/pages\/7210","targetHints":{"allow":["GET"]}}],"collection":[{"href":"https:\/\/tugelapeople.com\/de\/wp-json\/wp\/v2\/pages"}],"about":[{"href":"https:\/\/tugelapeople.com\/de\/wp-json\/wp\/v2\/types\/page"}],"author":[{"embeddable":true,"href":"https:\/\/tugelapeople.com\/de\/wp-json\/wp\/v2\/users\/13"}],"replies":[{"embeddable":true,"href":"https:\/\/tugelapeople.com\/de\/wp-json\/wp\/v2\/comments?post=7210"}],"version-history":[{"count":5,"href":"https:\/\/tugelapeople.com\/de\/wp-json\/wp\/v2\/pages\/7210\/revisions"}],"predecessor-version":[{"id":7382,"href":"https:\/\/tugelapeople.com\/de\/wp-json\/wp\/v2\/pages\/7210\/revisions\/7382"}],"up":[{"embeddable":true,"href":"https:\/\/tugelapeople.com\/de\/wp-json\/wp\/v2\/pages\/7214"}],"wp:attachment":[{"href":"https:\/\/tugelapeople.com\/de\/wp-json\/wp\/v2\/media?parent=7210"}],"wp:term":[{"taxonomy":"services","embeddable":true,"href":"https:\/\/tugelapeople.com\/de\/wp-json\/wp\/v2\/services?post=7210"},{"taxonomy":"offices","embeddable":true,"href":"https:\/\/tugelapeople.com\/de\/wp-json\/wp\/v2\/offices?post=7210"}],"curies":[{"name":"wp","href":"https:\/\/api.w.org\/{rel}","templated":true}]}}