{"id":7209,"date":"2023-08-09T10:49:08","date_gmt":"2023-08-09T10:49:08","guid":{"rendered":"https:\/\/tugelapeople.com\/hris-tool-kits\/"},"modified":"2024-03-22T14:48:17","modified_gmt":"2024-03-22T14:48:17","slug":"hris-tool-kits","status":"publish","type":"page","link":"https:\/\/tugelapeople.com\/de\/hris\/hr-systeme\/sage-people\/sage-people-managed-services\/hris-tool-kits\/","title":{"rendered":"HRIS Tool-Kits"},"content":{"rendered":"<h3><span class=\"WdYUQQ text-decoration-none text-strikethrough-none\">Sch\u00f6pfen Sie das volle Potenzial Ihres Sage People HR-Systems aus<\/span><\/h3>\n<h2><span class=\"WdYUQQ text-decoration-none text-strikethrough-none\">Unsere HRIS Tool-Kits f\u00fcr Sie<\/span><\/h2>\n<p><span class=\"WdYUQQ text-decoration-none text-strikethrough-none\">Die heutige Unternehmenslandschaft ist st\u00e4ndig im Wandel. Um nachhaltig wachsen zu k\u00f6nnen, ist es unerl\u00e4sslich, Trends und Herausforderungen im Personalwesen anzugehen. <\/span><\/p>\n<p><span class=\"WdYUQQ text-decoration-none text-strikethrough-none\">Unsere Tool-Kits sind eine zuverl\u00e4ssige L\u00f6sung und wurden entwickelt, um H\u00fcrden auszur\u00e4umen. Sie gew\u00e4hrleisten, dass Ihr Sage People HRIS \u00fcber die neuesten Features und Funktionalit\u00e4t verf\u00fcgt und Sie das Maximum aus Ihrem HR-System herausholen. <\/span><\/p>\n<p><span class=\"WdYUQQ text-decoration-none text-strikethrough-none\">Jedes Tool-Kit ist ein bew\u00e4hrtes Paket aus professionellen Konfigurationen. Sie werden f\u00fcr eine schnelle und effektive Bereitstellung konzipiert und geben Ihnen eine optimierte und nahtlose L\u00f6sung an die Hand.<\/span><\/p>\n<h3><span class=\"WdYUQQ text-decoration-none text-strikethrough-none\">Ein bew\u00e4hrter Implementierungsprozess<\/span><\/h3>\n<p><span class=\"WdYUQQ text-decoration-none text-strikethrough-none\">Bei der Implementierung Ihres Tool-Kits f\u00fchren wir Sie unterst\u00fctzend durch den gesamten Prozess von der Initiierungsphase (Projekt-Kick-off) bis zur Bereitstellungsphase (Funktions-Roll-out).<\/span><\/p>\n<p><span class=\"WdYUQQ text-decoration-none text-strikethrough-none\">Damit wir die Anforderungen unserer Kunden l\u00fcckenlos nachvollziehen und umsetzen k\u00f6nnen, folgen wir einem erprobten und dokumentierten Systemimplementierungsverfahren.<\/span><\/p>\n<p><span class=\"WdYUQQ text-decoration-none text-strikethrough-none\">Diese Methode garantiert, dass die Bed\u00fcrfnisse unserer Kunden erf\u00fcllt werden und das entsprechende Tool-Kit nahtlos ins System integriert wird.<\/span><\/p>\n<hr \/>\n<h2><\/h2>\n<h2><span class=\"WdYUQQ text-decoration-none text-strikethrough-none\">Tool-Kit: Diversit\u00e4t und Inklusion (D&amp;I)<\/span><\/h2>\n<h3><span class=\"WdYUQQ text-decoration-none text-strikethrough-none\">Der Nutzen der Erfassung von D&amp;I<\/span><\/h3>\n<p><span class=\"WdYUQQ text-decoration-none text-strikethrough-none\">Durch die Erfassung von D&amp;I-Daten k\u00f6nnen Unternehmen Fortschritte messen, Bereiche f\u00fcr Verbesserung ermitteln sowie Diversit\u00e4t und Inklusion in der Belegschaft umsetzen. Das stellt sicher, dass diverse Gruppen angemessen repr\u00e4sentiert sind, Vorurteile abgebaut werden und Chancengleichheit f\u00fcr alle gef\u00f6rdert wird. Auch Compliance mit lokalen Anforderungen und ethischen Verpflichtungen l\u00e4sst sich so gew\u00e4hrleisten.<\/span><\/p>\n<p><span class=\"WdYUQQ text-decoration-none text-strikethrough-none\">Die Erhebung verschiedener Daten wie Geschlecht, Herkunft, Alter oder Vorhandensein einer Behinderung erm\u00f6glicht Unternehmen, die Repr\u00e4sentation der Gruppen zu bewerten und Verbesserungsbedarf zu erkennen.<\/span><\/p>\n<p><span class=\"WdYUQQ text-decoration-none text-strikethrough-none\">\u00dcber D&amp;I-Erfassung lassen sich dar\u00fcber hinaus die Wirksamkeit von Diversit\u00e4tsinitiativen und -richtlinien analysieren und positive Ergebnisse feststellen, wie etwa Talentanwerbung, verst\u00e4rktes Mitarbeiterengagement, reduzierte Fluktuation und verbesserte Performance. Die Ver\u00f6ffentlichung von Diversit\u00e4tsstatistiken f\u00f6rdert Transparenz und Verantwortlichkeit und belegt den Einsatz eines Unternehmens f\u00fcr seine Diversit\u00e4tsziele.<\/span><\/p>\n<p><span class=\"WdYUQQ text-decoration-none text-strikethrough-none\">Zudem hilft D&amp;I-Erfassung, Missverh\u00e4ltnisse und Hindernisse aufzudecken. Hier kann das Unternehmen ansetzen und Chancengleichheit\u00a0\u2013 und somit ein wirklich inklusives Arbeitsumfeld\u00a0\u2013 schaffen.<\/span><\/p>\n<h3><span class=\"WdYUQQ text-decoration-none text-strikethrough-none\">Ihr Tool-Kit D&amp;I<\/span><\/h3>\n<p><span class=\"WdYUQQ text-decoration-none text-strikethrough-none\">Ziel dieses Tool-Kits ist, zu gew\u00e4hrleisten, dass Ihr Sage People HR-System f\u00fcr die Erfassung, Pr\u00fcfung und Analyse der D&amp;I-Daten Ihres Unternehmens in Anlehnung an Best Practices eingerichtet ist.<\/span><\/p>\n<p><span class=\"WdYUQQ text-decoration-none text-strikethrough-none\">Zur reibungslosen Implementierung bieten wir unseren Kunden vor der ersten Sitzung ein umfassendes Discovery Document an. Dieses Dokument beinhaltet wesentliche Aspekte, darunter:<\/span><\/p>\n<ul>\n<li>Auswahl wichtiger D&amp;I-Felder<\/li>\n<li>Pr\u00e4ferenzen zur Einrichtung einer benutzerfreundlichen Oberfl\u00e4che zur Eingabe von D&amp;I-Daten durch Mitarbeitende<\/li>\n<li>Auf die Bed\u00fcrfnisse des HR-Teams zugeschnittene Anzeigepr\u00e4ferenzen<\/li>\n<li>Anforderungen an die Einrichtung relevanter D&amp;I-Dashboards und -Berichte<\/li>\n<\/ul>\n<p>&nbsp;<\/p>\n<p><span class=\"WdYUQQ text-decoration-none text-strikethrough-none\">Indem wir diese Aspekte proaktiv angehen, schaffen wir optimale Voraussetzungen f\u00fcr eine erfolgreiche und effiziente Implementierung Ihrer D&amp;I-Initiativen.<\/span><\/p>\n<p><span class=\"WdYUQQ text-decoration-none text-strikethrough-none\">F\u00fcr diesen Service berechnen wir einen Festpreis von 3.000\u00a0\u00a3. Dies beinhaltet die M\u00f6glichkeit zur Vornahme kleiner Konfigurations\u00e4nderungen gem\u00e4\u00df Ihren spezifischen Anforderungen.<\/span><\/p>\n<h4 style=\"text-align: center;\"><span class=\"WdYUQQ text-decoration-none text-strikethrough-none\">Ihr Wandel zu einem diverseren und inklusiveren Arbeitsort ist bei unserem engagierten Team in besten H\u00e4nden. <\/span><\/h4>\n<h4 style=\"text-align: center;\"><span class=\"WdYUQQ text-decoration-none text-strikethrough-none\">Gemeinsam stellen wir die Weichen f\u00fcr mehr Inklusion und Diversit\u00e4t in Ihrem Unternehmen!<\/span><\/h4>\n<hr \/>\n<h2><\/h2>\n<h2><span class=\"WdYUQQ text-decoration-none text-strikethrough-none\">Tool-Kit: Migration von Objectives zu Enhanced Objectives<\/span><\/h2>\n<p><span class=\"WdYUQQ text-decoration-none text-strikethrough-none\">Dieses Tool-Kit wurde f\u00fcr Kunden entwickelt, die vom Prozess \u201eObjectives\u201c zum neuen, verbesserten Zielprozess, \u201eEnhanced Objectives\u201c \u00fcbergehen wollen. Sage People hat diese verbesserte Funktionalit\u00e4t eingef\u00fchrt, um die Einbettung von nachhaltigem Leistungsmanagement in allt\u00e4gliche Aktivit\u00e4ten zu unterst\u00fctzen sowie Engagement und Produktivit\u00e4t von Mitarbeitenden zu f\u00f6rdern.<\/span><\/p>\n<h3><span class=\"WdYUQQ text-decoration-none text-strikethrough-none\">Warum migrieren?<\/span><\/h3>\n<p><span class=\"WdYUQQ text-decoration-none text-strikethrough-none\">Enhanced Objectives liefert ein optimiertes Nutzererlebnis. Die entsprechende Herangehensweise an Management, Beobachtung und Koordination von Zielen ist interaktiver.<\/span><\/p>\n<p><span class=\"WdYUQQ text-decoration-none text-strikethrough-none\">Mit Enhanced Objectives k\u00f6nnen Mitarbeitende und F\u00fchrungskr\u00e4fte individuelle Ziele setzen, die flexibel, koordiniert und schrittweise erreichbar sind. Ziele k\u00f6nnen als Einzel- oder Gruppenziele kategorisiert werden, denen sich Aufgaben zuordnen lassen. Teammitglieder und F\u00fchrungskr\u00e4fte k\u00f6nnen \u00dcberpr\u00fcfungen zu den Zielen hinzuf\u00fcgen und auf fr\u00fchere \u00dcberpr\u00fcfungen bestimmter Ziele zugreifen.<\/span><\/p>\n<p><span class=\"WdYUQQ text-decoration-none text-strikethrough-none\">Neu ist auch die Funktion \u201eweitere Beobachter\u201c, mit der andere Teammitglieder nachverfolgte Ziele einsehen k\u00f6nnen. Bei Bedarf k\u00f6nnen sie sogar ihre Ziele mit denen koordinieren, die sie beobachten. Die Kombination von Enhanced Objectives mit Conversations und Feedback verbessert den gesamten Leistungs\u00fcberpr\u00fcfungsprozess und sorgt f\u00fcr eine umfassende Rundumsicht.<\/span><\/p>\n<h3><span class=\"WdYUQQ text-decoration-none text-strikethrough-none\">Ihr Tool-Kit Migration von Objectives zu Enhanced Objectives<\/span><\/h3>\n<p><span class=\"WdYUQQ text-decoration-none text-strikethrough-none\">Ziel dieses Tool-Kits ist der reibungslose \u00dcbergang zu Enhanced Objectives. Als Teil dieses Prozesses bieten wir unseren Kunden vor der ersten Sitzung ein umfassendes Discovery Document an. Dieses Dokument beinhaltet wesentliche Aspekte, darunter:<\/span><\/p>\n<ul>\n<li>Identifizierung wichtiger, auf den Prozess bezogener Felder<\/li>\n<li>Definition von E-Mail-Benachrichtigungen<\/li>\n<li>Auswahl und Benennung von \u00dcberpr\u00fcfungsfeldern<\/li>\n<li>M\u00f6glichkeit zur \u00dcbernahme vergangener Ziele in den neuen Prozess<\/li>\n<\/ul>\n<p>&nbsp;<\/p>\n<p><span class=\"WdYUQQ text-decoration-none text-strikethrough-none\">F\u00fcr diesen Service berechnen wir einen Festpreis von 2.500\u00a0\u00a3. Dies beinhaltet die M\u00f6glichkeit zur Vornahme kleiner Konfigurations\u00e4nderungen gem\u00e4\u00df Ihren spezifischen Anforderungen.<\/span><\/p>\n<p><span class=\"WdYUQQ text-decoration-none text-strikethrough-none\">Machen Sie sich das Wissen unserer erfahrenen HRIS-Berater zunutze, die schon viele erfolgreiche Funktionsimplementierungen f\u00fcr unsere Kunden durchgef\u00fchrt haben. Dank ihrer wertvollen Expertise liefern wir Ihnen eine nahtlose und effektive Implementierung, die auf Ihre Bed\u00fcrfnisse zugeschnitten ist.<\/span><\/p>\n<h4 style=\"text-align: center;\"><span class=\"WdYUQQ text-decoration-none text-strikethrough-none\">Begr\u00fc\u00dfen Sie den Wandel und setzen Sie das Potenzial Ihres Leistungsmanagements frei!<\/span><\/h4>\n<hr \/>\n<h2><\/h2>\n<h2><span class=\"WdYUQQ text-decoration-none text-strikethrough-none\">Tool-Kit: Migration von HR Request zu People Management Workflow (PMW)<\/span><\/h2>\n<p><span class=\"WdYUQQ text-decoration-none text-strikethrough-none\">Dieses Tool-Kit wurde entwickelt, damit Kunden von der veralteten Sage People HR Request-Funktionalit\u00e4t auf die neue Oberfl\u00e4che, People Management Workflow (PMW), umstellen k\u00f6nnen.<\/span><\/p>\n<p><span class=\"WdYUQQ text-decoration-none text-strikethrough-none\">Dies entspricht der Ank\u00fcndigung von Sage People, nach der der veraltete WX-Prozess f\u00fcr HR Requests mit dem Y24.2-Release (M\u00e4rz 2024) eingestellt wird und alle Kunden die Migration bis Januar 2024 abschlie\u00dfen m\u00fcssen.<\/span><\/p>\n<h3><span class=\"WdYUQQ text-decoration-none text-strikethrough-none\">Warum migrieren?<\/span><\/h3>\n<p><span class=\"WdYUQQ text-decoration-none text-strikethrough-none\">Die vorhandene HR Request-Funktionalit\u00e4t beruht auf einer umfassenden Liste potenzieller \u00c4nderungen, unabh\u00e4ngig davon, ob sie ins HR-Portal oder WX eingegeben werden. Jedoch ist diese Funktionalit\u00e4t wenig intuitiv und k\u00f6nnte dazu f\u00fchren, dass Elemente \u00fcbersehen oder falsche Felder ausgef\u00fcllt werden.<\/span><\/p>\n<p><span class=\"WdYUQQ text-decoration-none text-strikethrough-none\">Um die User Experience zu verbessern und Fehler zu minimieren, hat Sage People die neue Oberfl\u00e4che \u201ePeople Management Workflow\u201c (PMW) eingef\u00fchrt, die HR Requests nutzt. Diese Workflows kategorisieren HR Requests anhand der \u00c4nderungsarten, sodass F\u00fchrungskr\u00e4ften nur relevante Felder angezeigt werden. Das optimiert den Prozess und macht ihn intuitiver. Der Zeitaufwand und das Fehlerrisiko hinsichtlich irrelevanter Felder, die ausgef\u00fcllt werden, sinken.<\/span><\/p>\n<h3><span class=\"WdYUQQ text-decoration-none text-strikethrough-none\">Ihr Tool-Kit HR Request zu PMW<\/span><\/h3>\n<p><span class=\"WdYUQQ text-decoration-none text-strikethrough-none\">Ziel dieses Tool-Kits ist der reibungslose \u00dcbergang zur neuen PMW-Oberfl\u00e4che. Als Teil dieses Prozesses bieten wir unseren Kunden vor der ersten Sitzung ein umfassendes Discovery Document an. Dieses Dokument beinhaltet wesentliche Aspekte, etwa die Identifizierung wichtiger, auf den Prozess bezogener Felder.<\/span><\/p>\n<p><span class=\"WdYUQQ text-decoration-none text-strikethrough-none\">F\u00fcr diesen Service berechnen wir einen Festpreis von 1.500\u00a0\u00a3. Dies beinhaltet die M\u00f6glichkeit zur Vornahme kleiner Konfigurations\u00e4nderungen gem\u00e4\u00df Ihren spezifischen Anforderungen.<\/span><\/p>\n<p><span class=\"WdYUQQ text-decoration-none text-strikethrough-none\">Profitieren Sie vom Wissen unseres Teams erfahrener HRIS-Berater, die diese Funktionalit\u00e4t bereits f\u00fcr zahlreiche Kunden erfolgreich implementiert haben.<\/span><\/p>\n<h4 style=\"text-align: center;\"><span class=\"WdYUQQ text-decoration-none text-strikethrough-none\">Sparen Sie M\u00fche und Zeit bei der Implementierung dieser neuen Funktionalit\u00e4t, und freuen Sie sich \u00fcber ein optimiertes HR-Management-Erlebnis mit People Management Workflow!<\/span><\/h4>\n<hr \/>\n<h2><\/h2>\n<h2>Jetzt profitieren<\/h2>\n<p><span class=\"WdYUQQ text-decoration-none text-strikethrough-none\">Mit unseren HRIS Tool-Kits k\u00f6nnen Sie auf eine Reihe HR-Ressourcen und HR-Funktionalit\u00e4ten zugreifen, die auf Ihre individuellen Anforderungen zugeschnitten sind. Seien Sie Vorreiter und maximieren Sie mit unseren transformativen Tool-Kits Ihre Sage People Experience.<\/span><\/p>\n<h4><span class=\"WdYUQQ text-decoration-none text-strikethrough-none\">Gemeinsam erreichen wir Spitzenleistungen im Personalwesen!<\/span><\/h4>\n<h2>N\u00e4chste Schritte<\/h2>\n<p>Gerne besprechen wir mit Ihnen Ihre Anforderungen und buchen Ihr Tool-Kit. Kontaktieren Sie uns einfach telefonisch unter\u00a0<a href=\"tel:01908030360\">+44(0)1908 030360<\/a>\u00a0oder per E-Mail an\u00a0<a href=\"mailto:info@tugelapeople.com\">info@tugelapeople.com<\/a>.\u00a0Alternativ k\u00f6nnen Sie auch das Formular \u201e<a href=\"https:\/\/tugelapeople.com\/de\/kontakt\/kontakt-aufnehmen\/\" data-trigger=\"popup\">Kontakt aufnehmen<\/a>\u201c ausf\u00fcllen. Ein Mitglied unseres Teams wird sich dann umgehend mit Ihnen in Verbindung setzen.<\/p>\n<h3>Alle Einzelheiten zu unseren HRIS Tool-Kits f\u00fcr Sage People finden Sie in unserer Brosch\u00fcre.<\/h3>\n<p>Zum Herunterladen einfach auf das nachstehende Bild klicken:<\/p>\n<p><a href=\"https:\/\/tugelapeople.com\/wp-content\/uploads\/Tugela-People_MS-Tool-Kits-for-Sage-People.pdf\"><img loading=\"lazy\" decoding=\"async\" class=\"size-medium wp-image-5608\" src=\"https:\/\/tugelapeople.com\/wp-content\/uploads\/MS-Tool-Kits-for-Sage-People_2023-min-318x450.jpg\" alt=\"Mit unseren Tool-Kits gew\u00e4hrleisten Sie, dass Ihr Sage People HRIS \u00fcber die neuesten Features und Funktionalit\u00e4t verf\u00fcgt. Erfahren Sie mehr.\" width=\"318\" height=\"450\" \/><\/a><\/p>\n<p>&nbsp;<\/p>\n<p>&nbsp;<\/p>\n","protected":false},"excerpt":{"rendered":"<p>Sch\u00f6pfen Sie das volle Potenzial Ihres Sage People HR-Systems aus Unsere HRIS Tool-Kits f\u00fcr Sie Die heutige Unternehmenslandschaft ist st\u00e4ndig im Wandel. Um nachhaltig wachsen zu k\u00f6nnen, ist es unerl\u00e4sslich,&#8230;<\/p>\n","protected":false},"author":2,"featured_media":6599,"parent":7213,"menu_order":5,"comment_status":"closed","ping_status":"closed","template":"","meta":{"_acf_changed":false,"content-type":"","footnotes":""},"services":[],"offices":[],"class_list":["post-7209","page","type-page","status-publish","has-post-thumbnail","hentry"],"acf":[],"yoast_head":"<!-- This site is optimized with the Yoast SEO plugin v26.8 - https:\/\/yoast.com\/product\/yoast-seo-wordpress\/ -->\n<title>HRIS Tool-Kits f\u00fcr das Sage People HR-System | Tugela People<\/title>\n<meta name=\"description\" content=\"Mit unseren HRIS Tool-Kits gew\u00e4hrleisten Sie, dass Ihr Sage People HR-System \u00fcber die neuesten Funktionen verf\u00fcgt. Mehr\" \/>\n<meta name=\"robots\" content=\"index, follow, max-snippet:-1, max-image-preview:large, max-video-preview:-1\" \/>\n<link rel=\"canonical\" href=\"https:\/\/tugelapeople.com\/services-solutions\/hr-systems\/sage-people\/sage-managed-services\/hris-tool-kits\/\" \/>\n<meta property=\"og:locale\" content=\"en_GB\" \/>\n<meta property=\"og:type\" content=\"article\" \/>\n<meta property=\"og:title\" content=\"HRIS Tool-Kits f\u00fcr das Sage People HR-System | Tugela People\" \/>\n<meta property=\"og:description\" content=\"Mit unseren HRIS Tool-Kits gew\u00e4hrleisten Sie, dass Ihr Sage People HR-System \u00fcber die neuesten Funktionen verf\u00fcgt. Mehr\" \/>\n<meta property=\"og:url\" content=\"https:\/\/tugelapeople.com\/services-solutions\/hr-systems\/sage-people\/sage-managed-services\/hris-tool-kits\/\" \/>\n<meta property=\"og:site_name\" content=\"Tugela People\" \/>\n<meta property=\"article:modified_time\" content=\"2024-03-22T14:48:17+00:00\" \/>\n<meta property=\"og:image\" content=\"https:\/\/tugelapeople.com\/wp-content\/uploads\/home-banner-2.jpg\" \/>\n\t<meta property=\"og:image:width\" content=\"2000\" \/>\n\t<meta property=\"og:image:height\" content=\"613\" \/>\n\t<meta property=\"og:image:type\" content=\"image\/jpeg\" \/>\n<meta name=\"twitter:card\" content=\"summary_large_image\" \/>\n<script type=\"application\/ld+json\" class=\"yoast-schema-graph\">{\"@context\":\"https:\/\/schema.org\",\"@graph\":[{\"@type\":\"WebPage\",\"@id\":\"https:\/\/tugelapeople.com\/services-solutions\/hr-systems\/sage-people\/sage-managed-services\/hris-tool-kits\/\",\"url\":\"https:\/\/tugelapeople.com\/services-solutions\/hr-systems\/sage-people\/sage-managed-services\/hris-tool-kits\/\",\"name\":\"HRIS Tool-Kits f\u00fcr das Sage People HR-System | Tugela People\",\"isPartOf\":{\"@id\":\"https:\/\/tugelapeople.com\/#website\"},\"primaryImageOfPage\":{\"@id\":\"https:\/\/tugelapeople.com\/services-solutions\/hr-systems\/sage-people\/sage-managed-services\/hris-tool-kits\/#primaryimage\"},\"image\":{\"@id\":\"https:\/\/tugelapeople.com\/services-solutions\/hr-systems\/sage-people\/sage-managed-services\/hris-tool-kits\/#primaryimage\"},\"thumbnailUrl\":\"https:\/\/tugelapeople.com\/wp-content\/uploads\/home-banner-2.jpg\",\"datePublished\":\"2023-08-09T10:49:08+00:00\",\"dateModified\":\"2024-03-22T14:48:17+00:00\",\"description\":\"Mit unseren HRIS Tool-Kits gew\u00e4hrleisten Sie, dass Ihr Sage People HR-System \u00fcber die neuesten Funktionen verf\u00fcgt. Mehr\",\"breadcrumb\":{\"@id\":\"https:\/\/tugelapeople.com\/services-solutions\/hr-systems\/sage-people\/sage-managed-services\/hris-tool-kits\/#breadcrumb\"},\"inLanguage\":\"en-GB\",\"potentialAction\":[{\"@type\":\"ReadAction\",\"target\":[\"https:\/\/tugelapeople.com\/services-solutions\/hr-systems\/sage-people\/sage-managed-services\/hris-tool-kits\/\"]}]},{\"@type\":\"ImageObject\",\"inLanguage\":\"en-GB\",\"@id\":\"https:\/\/tugelapeople.com\/services-solutions\/hr-systems\/sage-people\/sage-managed-services\/hris-tool-kits\/#primaryimage\",\"url\":\"https:\/\/tugelapeople.com\/wp-content\/uploads\/home-banner-2.jpg\",\"contentUrl\":\"https:\/\/tugelapeople.com\/wp-content\/uploads\/home-banner-2.jpg\",\"width\":2000,\"height\":613},{\"@type\":\"BreadcrumbList\",\"@id\":\"https:\/\/tugelapeople.com\/services-solutions\/hr-systems\/sage-people\/sage-managed-services\/hris-tool-kits\/#breadcrumb\",\"itemListElement\":[{\"@type\":\"ListItem\",\"position\":1,\"name\":\"Home\",\"item\":\"https:\/\/tugelapeople.com\/\"},{\"@type\":\"ListItem\",\"position\":2,\"name\":\"HRIS\",\"item\":\"https:\/\/tugelapeople.com\/services-solutions\/\"},{\"@type\":\"ListItem\",\"position\":3,\"name\":\"HR-Systeme\",\"item\":\"https:\/\/tugelapeople.com\/de\/hris\/hr-systeme\/\"},{\"@type\":\"ListItem\",\"position\":4,\"name\":\"Sage People\",\"item\":\"https:\/\/tugelapeople.com\/de\/hris\/hr-systeme\/sage-people\/\"},{\"@type\":\"ListItem\",\"position\":5,\"name\":\"Sage People Managed Services\",\"item\":\"https:\/\/tugelapeople.com\/de\/hris\/hr-systeme\/sage-people\/sage-people-managed-services\/\"},{\"@type\":\"ListItem\",\"position\":6,\"name\":\"HRIS Tool-Kits\"}]},{\"@type\":\"WebSite\",\"@id\":\"https:\/\/tugelapeople.com\/#website\",\"url\":\"https:\/\/tugelapeople.com\/\",\"name\":\"Tugela People\",\"description\":\"\",\"inLanguage\":\"en-GB\"}]}<\/script>\n<!-- \/ Yoast SEO plugin. -->","yoast_head_json":{"title":"HRIS Tool-Kits f\u00fcr das Sage People HR-System | Tugela People","description":"Mit unseren HRIS Tool-Kits gew\u00e4hrleisten Sie, dass Ihr Sage People HR-System \u00fcber die neuesten Funktionen verf\u00fcgt. Mehr","robots":{"index":"index","follow":"follow","max-snippet":"max-snippet:-1","max-image-preview":"max-image-preview:large","max-video-preview":"max-video-preview:-1"},"canonical":"https:\/\/tugelapeople.com\/services-solutions\/hr-systems\/sage-people\/sage-managed-services\/hris-tool-kits\/","og_locale":"en_GB","og_type":"article","og_title":"HRIS Tool-Kits f\u00fcr das Sage People HR-System | Tugela People","og_description":"Mit unseren HRIS Tool-Kits gew\u00e4hrleisten Sie, dass Ihr Sage People HR-System \u00fcber die neuesten Funktionen verf\u00fcgt. Mehr","og_url":"https:\/\/tugelapeople.com\/services-solutions\/hr-systems\/sage-people\/sage-managed-services\/hris-tool-kits\/","og_site_name":"Tugela People","article_modified_time":"2024-03-22T14:48:17+00:00","og_image":[{"width":2000,"height":613,"url":"https:\/\/tugelapeople.com\/wp-content\/uploads\/home-banner-2.jpg","type":"image\/jpeg"}],"twitter_card":"summary_large_image","schema":{"@context":"https:\/\/schema.org","@graph":[{"@type":"WebPage","@id":"https:\/\/tugelapeople.com\/services-solutions\/hr-systems\/sage-people\/sage-managed-services\/hris-tool-kits\/","url":"https:\/\/tugelapeople.com\/services-solutions\/hr-systems\/sage-people\/sage-managed-services\/hris-tool-kits\/","name":"HRIS Tool-Kits f\u00fcr das Sage People HR-System | Tugela People","isPartOf":{"@id":"https:\/\/tugelapeople.com\/#website"},"primaryImageOfPage":{"@id":"https:\/\/tugelapeople.com\/services-solutions\/hr-systems\/sage-people\/sage-managed-services\/hris-tool-kits\/#primaryimage"},"image":{"@id":"https:\/\/tugelapeople.com\/services-solutions\/hr-systems\/sage-people\/sage-managed-services\/hris-tool-kits\/#primaryimage"},"thumbnailUrl":"https:\/\/tugelapeople.com\/wp-content\/uploads\/home-banner-2.jpg","datePublished":"2023-08-09T10:49:08+00:00","dateModified":"2024-03-22T14:48:17+00:00","description":"Mit unseren HRIS Tool-Kits gew\u00e4hrleisten Sie, dass Ihr Sage People HR-System \u00fcber die neuesten Funktionen verf\u00fcgt. Mehr","breadcrumb":{"@id":"https:\/\/tugelapeople.com\/services-solutions\/hr-systems\/sage-people\/sage-managed-services\/hris-tool-kits\/#breadcrumb"},"inLanguage":"en-GB","potentialAction":[{"@type":"ReadAction","target":["https:\/\/tugelapeople.com\/services-solutions\/hr-systems\/sage-people\/sage-managed-services\/hris-tool-kits\/"]}]},{"@type":"ImageObject","inLanguage":"en-GB","@id":"https:\/\/tugelapeople.com\/services-solutions\/hr-systems\/sage-people\/sage-managed-services\/hris-tool-kits\/#primaryimage","url":"https:\/\/tugelapeople.com\/wp-content\/uploads\/home-banner-2.jpg","contentUrl":"https:\/\/tugelapeople.com\/wp-content\/uploads\/home-banner-2.jpg","width":2000,"height":613},{"@type":"BreadcrumbList","@id":"https:\/\/tugelapeople.com\/services-solutions\/hr-systems\/sage-people\/sage-managed-services\/hris-tool-kits\/#breadcrumb","itemListElement":[{"@type":"ListItem","position":1,"name":"Home","item":"https:\/\/tugelapeople.com\/"},{"@type":"ListItem","position":2,"name":"HRIS","item":"https:\/\/tugelapeople.com\/services-solutions\/"},{"@type":"ListItem","position":3,"name":"HR-Systeme","item":"https:\/\/tugelapeople.com\/de\/hris\/hr-systeme\/"},{"@type":"ListItem","position":4,"name":"Sage People","item":"https:\/\/tugelapeople.com\/de\/hris\/hr-systeme\/sage-people\/"},{"@type":"ListItem","position":5,"name":"Sage People Managed Services","item":"https:\/\/tugelapeople.com\/de\/hris\/hr-systeme\/sage-people\/sage-people-managed-services\/"},{"@type":"ListItem","position":6,"name":"HRIS Tool-Kits"}]},{"@type":"WebSite","@id":"https:\/\/tugelapeople.com\/#website","url":"https:\/\/tugelapeople.com\/","name":"Tugela People","description":"","inLanguage":"en-GB"}]}},"_links":{"self":[{"href":"https:\/\/tugelapeople.com\/de\/wp-json\/wp\/v2\/pages\/7209","targetHints":{"allow":["GET"]}}],"collection":[{"href":"https:\/\/tugelapeople.com\/de\/wp-json\/wp\/v2\/pages"}],"about":[{"href":"https:\/\/tugelapeople.com\/de\/wp-json\/wp\/v2\/types\/page"}],"author":[{"embeddable":true,"href":"https:\/\/tugelapeople.com\/de\/wp-json\/wp\/v2\/users\/2"}],"replies":[{"embeddable":true,"href":"https:\/\/tugelapeople.com\/de\/wp-json\/wp\/v2\/comments?post=7209"}],"version-history":[{"count":1,"href":"https:\/\/tugelapeople.com\/de\/wp-json\/wp\/v2\/pages\/7209\/revisions"}],"predecessor-version":[{"id":7322,"href":"https:\/\/tugelapeople.com\/de\/wp-json\/wp\/v2\/pages\/7209\/revisions\/7322"}],"up":[{"embeddable":true,"href":"https:\/\/tugelapeople.com\/de\/wp-json\/wp\/v2\/pages\/7213"}],"wp:featuredmedia":[{"embeddable":true,"href":"https:\/\/tugelapeople.com\/de\/wp-json\/wp\/v2\/media\/6599"}],"wp:attachment":[{"href":"https:\/\/tugelapeople.com\/de\/wp-json\/wp\/v2\/media?parent=7209"}],"wp:term":[{"taxonomy":"services","embeddable":true,"href":"https:\/\/tugelapeople.com\/de\/wp-json\/wp\/v2\/services?post=7209"},{"taxonomy":"offices","embeddable":true,"href":"https:\/\/tugelapeople.com\/de\/wp-json\/wp\/v2\/offices?post=7209"}],"curies":[{"name":"wp","href":"https:\/\/api.w.org\/{rel}","templated":true}]}}