{"id":7208,"date":"2020-12-17T13:46:37","date_gmt":"2020-12-17T13:46:37","guid":{"rendered":"https:\/\/tugelapeople.com\/hris\/hris-service\/auswahl-des-hr-systems\/"},"modified":"2024-03-22T13:58:55","modified_gmt":"2024-03-22T13:58:55","slug":"auswahl-des-hr-systems","status":"publish","type":"page","link":"https:\/\/tugelapeople.com\/de\/hris\/hris-service\/auswahl-des-hr-systems\/","title":{"rendered":"Auswahl des HR-Systems"},"content":{"rendered":"<p>Sie pr\u00fcfen zum ersten Mal die m\u00f6gliche Einf\u00fchrung eines cloudbasierten HR-Systems? Sie ziehen die Abl\u00f6sung eines bestehenden Systems in Erw\u00e4gung? Wir unterst\u00fctzen Sie gerne.<\/p>\n<p>Mit unserem Beratungsservice k\u00f6nnen Kunden unser Fachwissen nutzen, um den Auswahlprozess zu vereinfachen. Wir helfen bei der Entscheidungsfindung und sorgen f\u00fcr eine erfolgreiche Implementierung des neuen HR-Systems. So finden Sie sich auf dem Markt besser zurecht und vermeiden die \u00fcblichen Schwierigkeiten und Fehler, die bei der Auswahl eines neuen HR-Systems h\u00e4ufig auftreten. Unser Ziel ist die Wahl eines Systems, das perfekt auf die Bed\u00fcrfnisse Ihres Unternehmens abgestimmt ist. Dar\u00fcber hinaus bieten wir Serviceleistungen in den Bereichen Implementierung, Projektmanagement und Schulungen sowie Managed Services an, sodass die optimale Anpassung des Systems an Ihre gesch\u00e4ftlichen Anforderungen und die Weiterentwicklung gew\u00e4hrleistet werden. Als Spezialist f\u00fcr HR-Systeme schlie\u00dft Tugela People die L\u00fccke zwischen Technologie, Menschen und Prozessen.<\/p>\n<h2><strong>Auswahl des HR-Systemanbieters<\/strong><\/h2>\n<p>In Zusammenarbeit mit Ihnen ermitteln wir, was Ihr Unternehmen mit dem neuen System erreichen m\u00f6chte, und legen die erforderlichen Analysemodelle und KPIs fest. Au\u00dferdem helfen wir Ihnen bei der Ausarbeitung neuer Personalprozesse und dem Vergleichen bestehender Prozesse mit bew\u00e4hrten Verfahren, um eventuelle L\u00fccken zu identifizieren.<\/p>\n<p>Wir sind der Meinung, dass die Stakeholder und Benutzer fr\u00fchzeitig in den \u00dcberpr\u00fcfungs- und Auswahlprozess einbezogen werden sollten. Dieser Ansatz stellt sicher, dass Ihre Bed\u00fcrfnisse mit denen des Unternehmens abgestimmt sind. Dar\u00fcber hinaus hilft es den Benutzern zu verstehen, wie ein neues System diese Gesch\u00e4ftsziele unterst\u00fctzt. Diese fr\u00fchzeitige Einbindung tr\u00e4gt zur erfolgreichen Einf\u00fchrung des neuen HR-Systems in Ihrem Unternehmen bei.<\/p>\n<p>Sobald wir Ihre Anforderungen vollst\u00e4ndig verstanden und dokumentiert haben, erstellen wir gemeinsam mit Ihnen ein Gesch\u00e4ftsmodell f\u00fcr Ihr HR-System.<\/p>\n<h2><strong>Ein umfassender Service <\/strong><\/h2>\n<p>Seit unserer Gr\u00fcndung im Jahr 2012 hat unser Expertenteam Hunderte von internationalen mittelst\u00e4ndischen Unternehmen bei der Auswahl und Implementierung eines HR-Systems erfolgreich unterst\u00fctzt.<\/p>\n<h4 style=\"padding-left: 40px;\"><strong>Expertise und Branchenkenntnis<\/strong><\/h4>\n<p style=\"padding-left: 40px;\">Nutzen Sie unser tiefes Technologieverst\u00e4ndnis im Bereich HR. Wir bleiben auf dem Laufenden, was die neuesten Trends, aufkommende Technologien und Best Practices der Branche angeht. Das ist Ihre Basis f\u00fcr eine fundierte Entscheidungsfindung.<\/p>\n<h4 style=\"padding-left: 40px;\"><strong>Ma\u00dfgeschneiderte L\u00f6sungen<\/strong><\/h4>\n<p style=\"padding-left: 40px;\">Wir bewerten die spezifischen W\u00fcnsche Ihres Unternehmens und ber\u00fccksichtigen dabei Faktoren wie Gr\u00f6\u00dfe, Branche, Compliance-Anforderungen und Wachstumspl\u00e4ne. Dieser personalisierte Ansatz hilft Ihnen dabei, perfekt auf Sie abgestimmte HR-Systeme zu finden.<\/p>\n<h4 style=\"padding-left: 40px;\"><strong>Zeit- und Kostenersparnis<\/strong><\/h4>\n<p style=\"padding-left: 40px;\">Wir rationalisieren den Auswahlprozess und sparen Ihnen so Zeit und Ressourcen. Unsere Erfahrung erm\u00f6glicht die effiziente Beschr\u00e4nkung der erwogenen Optionen. Das verringert das Risiko, in ein System zu investieren, das Ihren Anforderungen nicht gerecht wird.<\/p>\n<h4 style=\"padding-left: 40px;\"><strong>Anbietervergleich<\/strong><\/h4>\n<p style=\"padding-left: 40px;\">Wir pr\u00fcfen die HR-Systemanbieter und helfen Ihnen bei der Auswahl seri\u00f6ser und zuverl\u00e4ssiger Dienstleister. Wir k\u00f6nnen in Ihrem Namen Vertr\u00e4ge und Preise aushandeln, wodurch Sie m\u00f6glicherweise Geld sparen.<\/p>\n<h4 style=\"padding-left: 40px;\"><strong>Objektive Einsch\u00e4tzung<\/strong><\/h4>\n<p style=\"padding-left: 40px;\">Wir bieten Ihnen eine unvoreingenommene Sichtweise. Ihre Interessen stehen im Mittelpunkt und wir helfen Ihnen, anbietergesteuerte Verkaufsgespr\u00e4che zu vermeiden und Entscheidungen auf der Grundlage unternehmensspezifischer Anforderungen zu treffen.<\/p>\n<h4 style=\"padding-left: 40px;\"><strong>Planung der Implementierung<\/strong><\/h4>\n<p style=\"padding-left: 40px;\">Auch bei der Erstellung eines Implementierungsplans k\u00f6nnen wir Sie unterst\u00fctzen. So gew\u00e4hrleisten wir einen reibungslosen \u00dcbergang zum neuen System und legen den Projektumfang, den Zeitplan und den Ressourcenbedarf fest.<\/p>\n<h4 style=\"padding-left: 40px;\"><strong>\u00c4nderungsmanagement<\/strong><\/h4>\n<p style=\"padding-left: 40px;\">Unsere HRIS-Berater k\u00f6nnen Ihnen bei Strategien f\u00fcr das \u00c4nderungsmanagement zur Hand gehen und Ihrem Team helfen, sich an das neue System anzupassen und den maximalen Nutzen daraus zu ziehen.<\/p>\n<h4 style=\"padding-left: 40px;\"><strong>Support nach der Implementierung<\/strong><\/h4>\n<p style=\"padding-left: 40px;\">Durch unsere erfolgreiche Managed Services Abteilung profitieren Sie von kontinuierlichem Support. Dieser unterst\u00fctzt Sie beim L\u00f6sen aller auftretender Probleme sowie der optimalen Nutzung des Systems, um die Rentabilit\u00e4t Ihrer Investition zu maximieren.<\/p>\n<h2>Checkliste f\u00fcr die Auswahl eines HR-Systems<\/h2>\n<p><span style=\"color: #0069b4;\"><strong>Welche wichtigen Kriterien sind bei der Pr\u00fcfung von cloudbasierter HR-Technologie zu ber\u00fccksichtigen?<\/strong><\/span><\/p>\n<p>Bevor Sie die Umsetzbarkeit eines bestimmten HR-Systems pr\u00fcfen, m\u00fcssen Sie einige wichtige Aspekte ber\u00fccksichtigen, die sich auf den Erfolg der Implementierung und Einf\u00fchrung Ihres HR-Systems auswirken:<\/p>\n<p>[FAQ]<\/p>\n<h2>Warum ist eine erfolgreiche Implementierung und Einf\u00fchrung so wichtig?<\/h2>\n<p>Der Erfolg der unternehmensweiten Einf\u00fchrung eines neuen HR-Systems ist f\u00fcr den laufenden Betrieb und das zuk\u00fcnftige Wachstum von entscheidender Bedeutung.\u00a0Die Vorteile eines HR-Systems k\u00f6nnen nur dann in ihrer Gesamtheit genutzt werden, wenn das System effizient und effektiv angepasst und implementiert wird. Zahlreiche Unternehmensfaktoren k\u00f6nnen sich darauf auswirken,\u00a0darunter die Gr\u00f6\u00dfe des Unternehmens, das Engagement des Managements und\u00a0die Bereitschaft der Mitarbeitenden\u00a0, die neue Technologie anzunehmen.<\/p>\n<h2>Die Bedeutung anderer HR-bezogener Systeme<\/h2>\n<p>Dar\u00fcber hinaus ist es wichtig zu erkennen, dass ein HRIS nicht isoliert funktioniert, sondern wesentliche Zusatzfunktionen ben\u00f6tigt. Das gew\u00e4hlte System sollte die Flexibilit\u00e4t bieten, seine Funktionalit\u00e4t \u00fcber die Kernmerkmale hinaus zu erweitern, indem es nahtlos mit anderen wichtigen HR-bezogenen Systemen verkn\u00fcpft wird. Wir haben uns der Bereitstellung innovativer, benutzerorientierter Plattformen verschrieben. Diese geben unseren Kunden die M\u00f6glichkeit, ihr volles Potenzial auszusch\u00f6pfen. Wir sind in der Lage, Sie bei der Auswahl, Implementierung und Integration dieser L\u00f6sungen zu unterst\u00fctzen, um eine optimale Anpassung und Weiterentwicklung des Systems an Ihre Gesch\u00e4ftsanforderungen zu gew\u00e4hrleisten. Dar\u00fcber hinaus bieten wir umfassende Schulungen und fortlaufenden Support durch unser engagiertes, erfahrenes und freundliches <a href=\"https:\/\/tugelapeople.com\/de\/hris\/hr-systeme\/sage-people\/sage-people-managed-services\/\">Managed Services<\/a>\u00a0Team.<\/p>\n<h2>Wie gehts weiter?<\/h2>\n<p>Wenn Sie fachkundige Hilfe bei der Auswahl Ihres neuen cloudbasierten HR-Systems w\u00fcnschen,\u00a0kontaktieren Sie uns unter <a href=\"tel:01908030360\">+44(0)1908 030360<\/a> oder per E-Mail an<a href=\"mailto:info@tugelapeople.com\"><strong>\u00a0info@tugelapeople.com<\/strong><\/a>. Alternativ k\u00f6nnen Sie auch gerne das Formular \u201e<a href=\"https:\/\/tugelapeople.com\/de\/kontakt\/kontakt-aufnehmen\/\" data-trigger=\"popup\">Kontakt aufnehmen<\/a>\u201c ausf\u00fcllen. Ein Mitglied unseres Teams wird sich dann direkt mit Ihnen in Verbindung setzen.<\/p>\n<p>&nbsp;<\/p>\n","protected":false},"excerpt":{"rendered":"<p>Sie pr\u00fcfen zum ersten Mal die m\u00f6gliche Einf\u00fchrung eines cloudbasierten HR-Systems? Sie ziehen die Abl\u00f6sung eines bestehenden Systems in Erw\u00e4gung? Wir unterst\u00fctzen Sie gerne. Mit unserem Beratungsservice k\u00f6nnen Kunden unser&#8230;<\/p>\n","protected":false},"author":13,"featured_media":0,"parent":7206,"menu_order":1,"comment_status":"closed","ping_status":"closed","template":"","meta":{"_acf_changed":false,"content-type":"","footnotes":""},"services":[],"offices":[],"class_list":["post-7208","page","type-page","status-publish","hentry","pagetype-service"],"acf":[],"yoast_head":"<!-- This site is optimized with the Yoast SEO plugin v26.8 - https:\/\/yoast.com\/product\/yoast-seo-wordpress\/ -->\n<title>Auswahl des HR-Systems - Tugela People<\/title>\n<meta name=\"description\" content=\"Ganz gleich, ob Sie ein cloudbasiertes HR-System einf\u00fchren oder ein System ersetzen m\u00f6chten, wir helfen Ihnen gerne. Erfahren Sie mehr.\" \/>\n<meta name=\"robots\" content=\"index, follow, max-snippet:-1, max-image-preview:large, max-video-preview:-1\" \/>\n<link rel=\"canonical\" href=\"https:\/\/tugelapeople.com\/services-solutions\/hris-services\/hr-system-selection\/\" \/>\n<meta property=\"og:locale\" content=\"en_GB\" \/>\n<meta property=\"og:type\" content=\"article\" \/>\n<meta property=\"og:title\" content=\"Auswahl des HR-Systems - Tugela People\" \/>\n<meta property=\"og:description\" content=\"Ganz gleich, ob Sie ein cloudbasiertes HR-System einf\u00fchren oder ein System ersetzen m\u00f6chten, wir helfen Ihnen gerne. Erfahren Sie mehr.\" \/>\n<meta property=\"og:url\" content=\"https:\/\/tugelapeople.com\/services-solutions\/hris-services\/hr-system-selection\/\" \/>\n<meta property=\"og:site_name\" content=\"Tugela People\" \/>\n<meta property=\"article:modified_time\" content=\"2024-03-22T13:58:55+00:00\" \/>\n<meta name=\"twitter:card\" content=\"summary_large_image\" \/>\n<script type=\"application\/ld+json\" class=\"yoast-schema-graph\">{\"@context\":\"https:\/\/schema.org\",\"@graph\":[{\"@type\":\"WebPage\",\"@id\":\"https:\/\/tugelapeople.com\/services-solutions\/hris-services\/hr-system-selection\/\",\"url\":\"https:\/\/tugelapeople.com\/services-solutions\/hris-services\/hr-system-selection\/\",\"name\":\"Auswahl des HR-Systems - Tugela People\",\"isPartOf\":{\"@id\":\"https:\/\/tugelapeople.com\/#website\"},\"datePublished\":\"2020-12-17T13:46:37+00:00\",\"dateModified\":\"2024-03-22T13:58:55+00:00\",\"description\":\"Ganz gleich, ob Sie ein cloudbasiertes HR-System einf\u00fchren oder ein System ersetzen m\u00f6chten, wir helfen Ihnen gerne. Erfahren Sie mehr.\",\"breadcrumb\":{\"@id\":\"https:\/\/tugelapeople.com\/services-solutions\/hris-services\/hr-system-selection\/#breadcrumb\"},\"inLanguage\":\"en-GB\",\"potentialAction\":[{\"@type\":\"ReadAction\",\"target\":[\"https:\/\/tugelapeople.com\/services-solutions\/hris-services\/hr-system-selection\/\"]}]},{\"@type\":\"BreadcrumbList\",\"@id\":\"https:\/\/tugelapeople.com\/services-solutions\/hris-services\/hr-system-selection\/#breadcrumb\",\"itemListElement\":[{\"@type\":\"ListItem\",\"position\":1,\"name\":\"Home\",\"item\":\"https:\/\/tugelapeople.com\/\"},{\"@type\":\"ListItem\",\"position\":2,\"name\":\"HRIS\",\"item\":\"https:\/\/tugelapeople.com\/services-solutions\/\"},{\"@type\":\"ListItem\",\"position\":3,\"name\":\"HRIS-Service\",\"item\":\"https:\/\/tugelapeople.com\/services-solutions\/hris-services\/\"},{\"@type\":\"ListItem\",\"position\":4,\"name\":\"Auswahl des HR-Systems\"}]},{\"@type\":\"WebSite\",\"@id\":\"https:\/\/tugelapeople.com\/#website\",\"url\":\"https:\/\/tugelapeople.com\/\",\"name\":\"Tugela People\",\"description\":\"\",\"inLanguage\":\"en-GB\"}]}<\/script>\n<!-- \/ Yoast SEO plugin. -->","yoast_head_json":{"title":"Auswahl des HR-Systems - Tugela People","description":"Ganz gleich, ob Sie ein cloudbasiertes HR-System einf\u00fchren oder ein System ersetzen m\u00f6chten, wir helfen Ihnen gerne. Erfahren Sie mehr.","robots":{"index":"index","follow":"follow","max-snippet":"max-snippet:-1","max-image-preview":"max-image-preview:large","max-video-preview":"max-video-preview:-1"},"canonical":"https:\/\/tugelapeople.com\/services-solutions\/hris-services\/hr-system-selection\/","og_locale":"en_GB","og_type":"article","og_title":"Auswahl des HR-Systems - Tugela People","og_description":"Ganz gleich, ob Sie ein cloudbasiertes HR-System einf\u00fchren oder ein System ersetzen m\u00f6chten, wir helfen Ihnen gerne. Erfahren Sie mehr.","og_url":"https:\/\/tugelapeople.com\/services-solutions\/hris-services\/hr-system-selection\/","og_site_name":"Tugela People","article_modified_time":"2024-03-22T13:58:55+00:00","twitter_card":"summary_large_image","schema":{"@context":"https:\/\/schema.org","@graph":[{"@type":"WebPage","@id":"https:\/\/tugelapeople.com\/services-solutions\/hris-services\/hr-system-selection\/","url":"https:\/\/tugelapeople.com\/services-solutions\/hris-services\/hr-system-selection\/","name":"Auswahl des HR-Systems - Tugela People","isPartOf":{"@id":"https:\/\/tugelapeople.com\/#website"},"datePublished":"2020-12-17T13:46:37+00:00","dateModified":"2024-03-22T13:58:55+00:00","description":"Ganz gleich, ob Sie ein cloudbasiertes HR-System einf\u00fchren oder ein System ersetzen m\u00f6chten, wir helfen Ihnen gerne. Erfahren Sie mehr.","breadcrumb":{"@id":"https:\/\/tugelapeople.com\/services-solutions\/hris-services\/hr-system-selection\/#breadcrumb"},"inLanguage":"en-GB","potentialAction":[{"@type":"ReadAction","target":["https:\/\/tugelapeople.com\/services-solutions\/hris-services\/hr-system-selection\/"]}]},{"@type":"BreadcrumbList","@id":"https:\/\/tugelapeople.com\/services-solutions\/hris-services\/hr-system-selection\/#breadcrumb","itemListElement":[{"@type":"ListItem","position":1,"name":"Home","item":"https:\/\/tugelapeople.com\/"},{"@type":"ListItem","position":2,"name":"HRIS","item":"https:\/\/tugelapeople.com\/services-solutions\/"},{"@type":"ListItem","position":3,"name":"HRIS-Service","item":"https:\/\/tugelapeople.com\/services-solutions\/hris-services\/"},{"@type":"ListItem","position":4,"name":"Auswahl des HR-Systems"}]},{"@type":"WebSite","@id":"https:\/\/tugelapeople.com\/#website","url":"https:\/\/tugelapeople.com\/","name":"Tugela People","description":"","inLanguage":"en-GB"}]}},"_links":{"self":[{"href":"https:\/\/tugelapeople.com\/de\/wp-json\/wp\/v2\/pages\/7208","targetHints":{"allow":["GET"]}}],"collection":[{"href":"https:\/\/tugelapeople.com\/de\/wp-json\/wp\/v2\/pages"}],"about":[{"href":"https:\/\/tugelapeople.com\/de\/wp-json\/wp\/v2\/types\/page"}],"author":[{"embeddable":true,"href":"https:\/\/tugelapeople.com\/de\/wp-json\/wp\/v2\/users\/13"}],"replies":[{"embeddable":true,"href":"https:\/\/tugelapeople.com\/de\/wp-json\/wp\/v2\/comments?post=7208"}],"version-history":[{"count":6,"href":"https:\/\/tugelapeople.com\/de\/wp-json\/wp\/v2\/pages\/7208\/revisions"}],"predecessor-version":[{"id":7441,"href":"https:\/\/tugelapeople.com\/de\/wp-json\/wp\/v2\/pages\/7208\/revisions\/7441"}],"up":[{"embeddable":true,"href":"https:\/\/tugelapeople.com\/de\/wp-json\/wp\/v2\/pages\/7206"}],"wp:attachment":[{"href":"https:\/\/tugelapeople.com\/de\/wp-json\/wp\/v2\/media?parent=7208"}],"wp:term":[{"taxonomy":"services","embeddable":true,"href":"https:\/\/tugelapeople.com\/de\/wp-json\/wp\/v2\/services?post=7208"},{"taxonomy":"offices","embeddable":true,"href":"https:\/\/tugelapeople.com\/de\/wp-json\/wp\/v2\/offices?post=7208"}],"curies":[{"name":"wp","href":"https:\/\/api.w.org\/{rel}","templated":true}]}}