{"id":7207,"date":"2020-12-17T11:36:04","date_gmt":"2020-12-17T11:36:04","guid":{"rendered":"https:\/\/tugelapeople.com\/hris\/hr-systeme\/"},"modified":"2024-03-12T12:08:59","modified_gmt":"2024-03-12T12:08:59","slug":"hr-systeme","status":"publish","type":"page","link":"https:\/\/tugelapeople.com\/de\/hris\/hr-systeme\/","title":{"rendered":"HR-Systeme"},"content":{"rendered":"<p>HR-Systeme spielen eine entscheidende Rolle bei der Rationalisierung von HR-Prozessen, der Einhaltung von Arbeitsgesetzen und der Verbesserung des gesamten Personalmanagements. Durch zentralisierte Daten, automatisierte Routineaufgaben und analysebasierte Erkenntnisse erm\u00f6glichen es HR-Systeme Unternehmen, fundierte Entscheidungen zu treffen, die Mitarbeiterzufriedenheit zu steigern und letztlich die Produktivit\u00e4t zu erh\u00f6hen.<\/p>\n<p>Ein effektives HR-System tr\u00e4gt zu einer effizienteren, besser organisierten und gesetzeskonformen Personalabteilung bei. Dadurch werden Zeit und Ressourcen f\u00fcr strategische Initiativen gewonnen, die das Unternehmenswachstum vorantreiben und eine positive Arbeitsplatzkultur f\u00f6rdern. In der wettbewerbsorientierten Business-Welt von heute ist ein starkes HR-System unerl\u00e4sslich. Nur so gewinnt und h\u00e4lt man die besten Arbeitskr\u00e4fte und bleibt angesichts neuer Herausforderungen in der Belegschaft anpassungsf\u00e4hig.<\/p>\n<p>Sich in der Systemlandschaft der Personalverwaltung zurechtzufinden, kann eine verunsichernde Aufgabe sein. Deshalb stehen wir Ihnen zur Seite. In diesem digitalen Zeitalter ist die Wahl des richtigen HR-Systems eine wichtige Entscheidung, die die Effizienz und den Erfolg Ihres Unternehmens beeinflussen kann. Unser Ziel ist es, Sie mit den n\u00f6tigen Kenntnissen und Tools auszustatten, damit Sie diese Entscheidung fundiert treffen k\u00f6nnen. Mit unseren umfassenden Ressourcen und unserer fachkundigen Beratung unterst\u00fctzen wir Sie bei der Auswahl eines erfolgreichen HR-Systems. Ihr Weg zu einem exzellenten HR-System beginnt hier\u00a0\u2013 und wir begleiten Sie bei jedem Schritt<strong>.<\/strong><\/p>\n<h2>Ein umfassendes Angebot an L\u00f6sungen und Services<\/h2>\n<p>Unser umfangreiches Angebot an cloudbasierten HR-L\u00f6sungen und mitarbeiterorientierten Systemen ist auf die Unterst\u00fctzung kleiner und mittelst\u00e4ndischer multinationaler Unternehmen mit 250 bis 5000 Mitarbeitenden ausgerichtet.<\/p>\n<p>Entdecken Sie unsere erstklassigen HR-L\u00f6sungen, mit denen Sie Ihre Arbeitsabl\u00e4ufe rationalisieren, das Personalmanagement optimieren und die strategische Entscheidungsfindung unterst\u00fctzen. Sei es die Automatisierung von HR-Aufgaben, die Verbesserung des Mitarbeiterengagements oder die Erschlie\u00dfung des Potenzials datengest\u00fctzter Erkenntnisse\u00a0\u2013 mit unserer Erfahrung und unserem Fachwissen erm\u00f6glichen wir es Kunden, die Bed\u00fcrfnisse ihrer Mitarbeitenden und ihres Unternehmens zu erf\u00fcllen und gleichzeitig die Investitionsrendite zu maximieren. Jetzt und in Zukunft.<\/p>\n<p>Wir helfen Ihnen dabei, eine fundierte Entscheidung zu treffen und ein perfekt auf Ihre individuellen Anforderungen abgestimmtes HR-System zu finden. So machen Sie Ihr Unternehmen fit f\u00fcr eine erfolgreiche Zukunft.<\/p>\n<h2><strong>HR-Systeme<\/strong><\/h2>\n<h3 style=\"padding-left: 40px;\"><strong>Sage People<\/strong><\/h3>\n<p style=\"padding-left: 40px;\">Wir blicken auf eine langj\u00e4hrige Zusammenarbeit mit Sage People zur\u00fcck. Als anerkannter Partner bietet Tugela People einen umfassenden Service. Unser Angebot reicht von der anf\u00e4nglichen Systemauswahl \u00fcber Scoping, Projektmanagement und Implementierung bis hin zu ma\u00dfgeschneiderten Schulungen. So stellen wir sicher, dass das HR-System Ihren spezifischen Anforderungen gerecht wird. Sobald das System betriebsbereit ist, k\u00f6nnen Sie auch unsere Sage People Managed Services in Anspruch nehmen, damit Sie Sage People HRIS optimal nutzen und den gr\u00f6\u00dftm\u00f6glichen Nutzen aus Ihrer Investition ziehen k\u00f6nnen.<\/p>\n<p style=\"padding-left: 40px;\"><a href=\"https:\/\/tugelapeople.com\/de\/hris\/hr-systeme\/sage-people\/\"><em>Hier erfahren Si<\/em><em>e mehr \u00fc<\/em><em>b<\/em><em>er Sage People.<\/em><\/a><\/p>\n<h3 style=\"padding-left: 40px;\"><strong>Weitere HR-Systeme<\/strong><\/h3>\n<p style=\"padding-left: 40px;\">In Kooperation mit anderen f\u00fchrenden Anbietern, die unsere Leidenschaft f\u00fcr Spitzenleistungen und Innovation teilen, stellen wir eine Reihe weiterer HR-Systeme zur Verf\u00fcgung. Wenn Sie detaillierte Informationen zu diesen Systemen w\u00fcnschen oder Ihre Anforderungen besprechen m\u00f6chten, kontaktieren Sie uns bitte unter <a href=\"tel:01908030360\">+44(0)1908 030360<\/a>\u00a0oder per E-Mail an\u00a0\u00a0<a href=\"mailto:info@tugelapeople.com\"><strong>info@tugelapeople.com<\/strong><\/a>. Alternativ k\u00f6nnen Sie auch gerne das Formular \u201e<a href=\"https:\/\/tugelapeople.com\/de\/kontakt\/kontakt-aufnehmen\/\" data-trigger=\"popup\">Kontakt aufnehmen<\/a>\u201c ausf\u00fcllen. Ein Mitglied unseres Teams wird sich dann mit Ihnen in Verbindung setzen.<\/p>\n<h2><strong>HR-bezogene Systeme<\/strong><\/h2>\n<p style=\"padding-left: 40px;\"><span style=\"color: #0069b4;\"><strong>Zus\u00e4tzlich zu unserem HR-Standardangebot liefern wir vollst\u00e4ndig integrierte L\u00f6sungen f\u00fcr verschiedene HR-bezogene Systeme. Dabei beschr\u00e4nken wir uns nicht nur auf die Bereitstellung dieser umfassenden L\u00f6sungen, sondern bieten auch spezielle Serviceleistungen an, die den reibungslosen Betrieb und die Optimierung dieser Systeme gew\u00e4hrleisten.\u00a0<\/strong><\/span><\/p>\n<h2><strong>Systemintegration und HR-Prozessautomatisierung <\/strong><\/h2>\n<p>Zur Erweiterung der F\u00e4higkeiten Ihres Systems bieten wir Ihnen au\u00dferdem leistungsstarke Serviceleistungen zur <a href=\"https:\/\/tugelapeople.com\/de\/systemoptimierung\/service-zur-systemintegration\/\">Systemintegration<\/a> an. Diese werden perfekt auf die Anforderungen Ihres Unternehmens zugeschnitten.\u00a0Dieser strategische Ansatz optimiert Abl\u00e4ufe und verschafft Ihrem Unternehmen einen Wettbewerbsvorteil in der dynamischen Gesch\u00e4ftswelt von heute.<\/p>\n<p>Bei der Durchf\u00fchrung von Systemintegrationen kooperiert Tugela People mit Make, einer SaaS-L\u00f6sung, mit der Sie alles mit wenigen Klicks entwerfen, erstellen und automatisieren\u00a0\u2013 von Aufgaben und Workflows bis hin zu Anwendungen und Systemen. Tausende von schnell wachsenden Unternehmen weltweit vertrauen Make bereits.<\/p>\n<p><a href=\"https:\/\/tugelapeople.com\/de\/systemoptimierung\/\"><em>Hier erfahren Sie mehr \u00fcber unsere\u00a0Serviceleistungen zur Systemoptimierung<\/em>.<\/a><\/p>\n<h2><strong>M\u00f6chten Sie mehr erfahren?<\/strong><\/h2>\n<p>Wenn Sie weitere Informationen \u00fcber diese L\u00f6sungen erhalten oder Ihre Anforderungen besprechen m\u00f6chten, wenden Sie sich bitte an uns unter <a href=\"tel:01908030360\">+44(0)1908 030360<\/a>\u00a0oder per E-Mail\u00a0\u00a0<a href=\"mailto:info@tugelapeople.com\"><strong>info@tugelapeople.com<\/strong><\/a>. Alternativ k\u00f6nnen Sie auch gerne das Formular \u201e<a href=\"https:\/\/tugelapeople.com\/de\/kontakt\/kontakt-aufnehmen\/\" data-trigger=\"popup\">Kontakt aufnehmen<\/a>\u201c ausf\u00fcllen. Ein Mitglied unseres Teams wird sich dann mit Ihnen in Verbindung setzen.<\/p>\n","protected":false},"excerpt":{"rendered":"<p>HR-Systeme spielen eine entscheidende Rolle bei der Rationalisierung von HR-Prozessen, der Einhaltung von Arbeitsgesetzen und der Verbesserung des gesamten Personalmanagements. Durch zentralisierte Daten, automatisierte Routineaufgaben und analysebasierte Erkenntnisse erm\u00f6glichen es&#8230;<\/p>\n","protected":false},"author":13,"featured_media":0,"parent":7205,"menu_order":20,"comment_status":"closed","ping_status":"closed","template":"","meta":{"_acf_changed":false,"content-type":"","footnotes":""},"services":[],"offices":[],"class_list":["post-7207","page","type-page","status-publish","hentry","pagetype-service"],"acf":[],"yoast_head":"<!-- This site is optimized with the Yoast SEO plugin v26.8 - https:\/\/yoast.com\/product\/yoast-seo-wordpress\/ -->\n<title>HR-Systeme - Tugela People<\/title>\n<meta name=\"description\" content=\"Schaffen Sie mit unseren Personaltechnologien einen best\u00e4ndigen Gesch\u00e4ftswert. Mehr erfahren.\" \/>\n<meta name=\"robots\" content=\"index, follow, max-snippet:-1, max-image-preview:large, max-video-preview:-1\" \/>\n<link rel=\"canonical\" href=\"https:\/\/tugelapeople.com\/de\/hris\/hr-systeme\/\" \/>\n<meta property=\"og:locale\" content=\"en_GB\" \/>\n<meta property=\"og:type\" content=\"article\" \/>\n<meta property=\"og:title\" content=\"HR-Systeme - Tugela People\" \/>\n<meta property=\"og:description\" content=\"Schaffen Sie mit unseren Personaltechnologien einen best\u00e4ndigen Gesch\u00e4ftswert. Mehr erfahren.\" \/>\n<meta property=\"og:url\" content=\"https:\/\/tugelapeople.com\/de\/hris\/hr-systeme\/\" \/>\n<meta property=\"og:site_name\" content=\"Tugela People\" \/>\n<meta property=\"article:modified_time\" content=\"2024-03-12T12:08:59+00:00\" \/>\n<meta name=\"twitter:card\" content=\"summary_large_image\" \/>\n<script type=\"application\/ld+json\" class=\"yoast-schema-graph\">{\"@context\":\"https:\/\/schema.org\",\"@graph\":[{\"@type\":\"WebPage\",\"@id\":\"https:\/\/tugelapeople.com\/de\/hris\/hr-systeme\/\",\"url\":\"https:\/\/tugelapeople.com\/de\/hris\/hr-systeme\/\",\"name\":\"HR-Systeme - Tugela People\",\"isPartOf\":{\"@id\":\"https:\/\/tugelapeople.com\/#website\"},\"datePublished\":\"2020-12-17T11:36:04+00:00\",\"dateModified\":\"2024-03-12T12:08:59+00:00\",\"description\":\"Schaffen Sie mit unseren Personaltechnologien einen best\u00e4ndigen Gesch\u00e4ftswert. Mehr erfahren.\",\"breadcrumb\":{\"@id\":\"https:\/\/tugelapeople.com\/de\/hris\/hr-systeme\/#breadcrumb\"},\"inLanguage\":\"en-GB\",\"potentialAction\":[{\"@type\":\"ReadAction\",\"target\":[\"https:\/\/tugelapeople.com\/de\/hris\/hr-systeme\/\"]}]},{\"@type\":\"BreadcrumbList\",\"@id\":\"https:\/\/tugelapeople.com\/de\/hris\/hr-systeme\/#breadcrumb\",\"itemListElement\":[{\"@type\":\"ListItem\",\"position\":1,\"name\":\"Home\",\"item\":\"https:\/\/tugelapeople.com\/\"},{\"@type\":\"ListItem\",\"position\":2,\"name\":\"HRIS\",\"item\":\"https:\/\/tugelapeople.com\/services-solutions\/\"},{\"@type\":\"ListItem\",\"position\":3,\"name\":\"HR-Systeme\"}]},{\"@type\":\"WebSite\",\"@id\":\"https:\/\/tugelapeople.com\/#website\",\"url\":\"https:\/\/tugelapeople.com\/\",\"name\":\"Tugela People\",\"description\":\"\",\"inLanguage\":\"en-GB\"}]}<\/script>\n<!-- \/ Yoast SEO plugin. -->","yoast_head_json":{"title":"HR-Systeme - Tugela People","description":"Schaffen Sie mit unseren Personaltechnologien einen best\u00e4ndigen Gesch\u00e4ftswert. Mehr erfahren.","robots":{"index":"index","follow":"follow","max-snippet":"max-snippet:-1","max-image-preview":"max-image-preview:large","max-video-preview":"max-video-preview:-1"},"canonical":"https:\/\/tugelapeople.com\/de\/hris\/hr-systeme\/","og_locale":"en_GB","og_type":"article","og_title":"HR-Systeme - Tugela People","og_description":"Schaffen Sie mit unseren Personaltechnologien einen best\u00e4ndigen Gesch\u00e4ftswert. Mehr erfahren.","og_url":"https:\/\/tugelapeople.com\/de\/hris\/hr-systeme\/","og_site_name":"Tugela People","article_modified_time":"2024-03-12T12:08:59+00:00","twitter_card":"summary_large_image","schema":{"@context":"https:\/\/schema.org","@graph":[{"@type":"WebPage","@id":"https:\/\/tugelapeople.com\/de\/hris\/hr-systeme\/","url":"https:\/\/tugelapeople.com\/de\/hris\/hr-systeme\/","name":"HR-Systeme - Tugela People","isPartOf":{"@id":"https:\/\/tugelapeople.com\/#website"},"datePublished":"2020-12-17T11:36:04+00:00","dateModified":"2024-03-12T12:08:59+00:00","description":"Schaffen Sie mit unseren Personaltechnologien einen best\u00e4ndigen Gesch\u00e4ftswert. Mehr erfahren.","breadcrumb":{"@id":"https:\/\/tugelapeople.com\/de\/hris\/hr-systeme\/#breadcrumb"},"inLanguage":"en-GB","potentialAction":[{"@type":"ReadAction","target":["https:\/\/tugelapeople.com\/de\/hris\/hr-systeme\/"]}]},{"@type":"BreadcrumbList","@id":"https:\/\/tugelapeople.com\/de\/hris\/hr-systeme\/#breadcrumb","itemListElement":[{"@type":"ListItem","position":1,"name":"Home","item":"https:\/\/tugelapeople.com\/"},{"@type":"ListItem","position":2,"name":"HRIS","item":"https:\/\/tugelapeople.com\/services-solutions\/"},{"@type":"ListItem","position":3,"name":"HR-Systeme"}]},{"@type":"WebSite","@id":"https:\/\/tugelapeople.com\/#website","url":"https:\/\/tugelapeople.com\/","name":"Tugela People","description":"","inLanguage":"en-GB"}]}},"_links":{"self":[{"href":"https:\/\/tugelapeople.com\/de\/wp-json\/wp\/v2\/pages\/7207","targetHints":{"allow":["GET"]}}],"collection":[{"href":"https:\/\/tugelapeople.com\/de\/wp-json\/wp\/v2\/pages"}],"about":[{"href":"https:\/\/tugelapeople.com\/de\/wp-json\/wp\/v2\/types\/page"}],"author":[{"embeddable":true,"href":"https:\/\/tugelapeople.com\/de\/wp-json\/wp\/v2\/users\/13"}],"replies":[{"embeddable":true,"href":"https:\/\/tugelapeople.com\/de\/wp-json\/wp\/v2\/comments?post=7207"}],"version-history":[{"count":5,"href":"https:\/\/tugelapeople.com\/de\/wp-json\/wp\/v2\/pages\/7207\/revisions"}],"predecessor-version":[{"id":7373,"href":"https:\/\/tugelapeople.com\/de\/wp-json\/wp\/v2\/pages\/7207\/revisions\/7373"}],"up":[{"embeddable":true,"href":"https:\/\/tugelapeople.com\/de\/wp-json\/wp\/v2\/pages\/7205"}],"wp:attachment":[{"href":"https:\/\/tugelapeople.com\/de\/wp-json\/wp\/v2\/media?parent=7207"}],"wp:term":[{"taxonomy":"services","embeddable":true,"href":"https:\/\/tugelapeople.com\/de\/wp-json\/wp\/v2\/services?post=7207"},{"taxonomy":"offices","embeddable":true,"href":"https:\/\/tugelapeople.com\/de\/wp-json\/wp\/v2\/offices?post=7207"}],"curies":[{"name":"wp","href":"https:\/\/api.w.org\/{rel}","templated":true}]}}