{"id":7205,"date":"2020-12-17T11:47:38","date_gmt":"2020-12-17T11:47:38","guid":{"rendered":"https:\/\/tugelapeople.com\/hris\/"},"modified":"2024-02-20T13:31:51","modified_gmt":"2024-02-20T13:31:51","slug":"hris","status":"publish","type":"page","link":"https:\/\/tugelapeople.com\/de\/hris\/","title":{"rendered":"HRIS"},"content":{"rendered":"<p>Seit der Gr\u00fcndung von Tugela People im Jahr 2012 haben wir unsere HR-L\u00f6sungen kontinuierlich weiterentwickelt, denn der Besch\u00e4ftigungsprozess geht f\u00fcr Unternehmen mit unterschiedlichsten umfassenden Anforderungen einher. Unser Ziel ist es, diese zu erf\u00fcllen. Wir verf\u00fcgen \u00fcber ein vielseitiges Angebot an HR-L\u00f6sungen und -Serviceleistungen, mit denen wir unseren Kunden die Tools an die Hand geben, die zur F\u00f6rderung ihrer Mitarbeitenden und das Erreichen ihrer Unternehmensziele erforderlich sind.<\/p>\n<p><img loading=\"lazy\" decoding=\"async\" class=\" wp-image-5831\" src=\"https:\/\/tugelapeople.com\/wp-content\/uploads\/Tugela-People-Wheel-2-min-450x450.png\" alt=\"Unser Portfolio umfasst ein vielseitiges Angebot an HR-L\u00f6sungen und -Serviceleistungen. Erfahren Sie mehr.\" width=\"763\" height=\"763\" \/><\/p>\n<p>&nbsp;<\/p>\n<h2><strong>Exzellenz ist unser Anspruch<\/strong><\/h2>\n<h3><strong>Profitieren Sie von unserer:<\/strong><\/h3>\n<ul>\n<li><strong><span style=\"color: #0069b4;\">Erfahrung<\/span>:<\/strong> In den mehr als zehn Jahren in dieser Branche haben wir uns umfangreiche Expertise in den Bereichen Personalwesen und Lohnabrechnung angeeignet. Auch heute bleiben wir stets auf dem Laufenden \u00fcber die Best Practices der Branche und neue Technologien.<\/li>\n<li><strong><span style=\"color: #0069b4;\">Kundenorientierten Herangehensweise<\/span><\/strong>: Wir verfolgen einen kooperativen Ansatz und arbeiten eng mit unseren Kunden zusammen, um ihre spezifischen Herausforderungen und Ziele zu verstehen. Auf diese Weise k\u00f6nnen wir unsere L\u00f6sungen auf ihre W\u00fcnsche zuschneiden.<\/li>\n<li><strong><span style=\"color: #0069b4;\">Innovation<\/span>:<\/strong> Im Bereich HR-Technologie wollen wir an der Spitze bleiben. Daf\u00fcr arbeiten wir mit den besten Technologieanbietern zusammen und verbessern stetig unsere Angebote, um unseren Kunden einen gr\u00f6\u00dferen Nutzen zu bieten.<\/li>\n<li><span style=\"color: #0069b4;\"><strong>Kontinuierlichen Unterst\u00fctzung:<\/strong><\/span> Die Grundlage unserer Philosophie \u201eKunden f\u00fcrs Leben\u201c ist, dass unsere Unterst\u00fctzung nicht mit der Implementierung Ihrer L\u00f6sung endet. Wir versprechen kontinuierlichen Support, Schulungen und Updates, damit unsere Kunden auch in Zukunft m\u00f6glichst umfangreich von unseren HR-L\u00f6sungen und -Serviceleistungen profitieren.<\/li>\n<\/ul>\n<p>&nbsp;<\/p>\n<p>Entdecken Sie unser vielf\u00e4ltiges Angebot an <a href=\"https:\/\/tugelapeople.com\/de\/hris\/hris-service\/\">HRIS-Services<\/a> und <a href=\"https:\/\/tugelapeople.com\/de\/hris\/hr-systeme\/\">HR-Systemen<\/a>.<\/p>\n<h2><\/h2>\n<h2><strong>Starten Sie noch heute:<\/strong><\/h2>\n<p>Sind Sie bereit f\u00fcr die Transformation Ihres HR-Managements? Kontaktieren Sie uns einfach unter <a href=\"tel:01908030360\">+44(0)1908 030360<\/a>\u00a0oder per E-Mail an\u00a0<a href=\"mailto:info@tugelapeople.com\"><strong>info@tugelapeople.com<\/strong><\/a>. Wir besprechen mit Ihnen gerne m\u00f6gliche HRIS-L\u00f6sungen und -Serviceleistungen f\u00fcr Ihr Unternehmen. Alternativ k\u00f6nnen Sie auch gerne das Formular \u201e<a href=\"https:\/\/tugelapeople.com\/de\/kontakt\/kontakt-aufnehmen\/\" data-trigger=\"popup\">Kontakt aufnehmen<\/a>\u201c ausf\u00fcllen. Ein Mitglied unseres Teams wird sich dann mit Ihnen in Verbindung setzen.<\/p>\n","protected":false},"excerpt":{"rendered":"<p>Seit der Gr\u00fcndung von Tugela People im Jahr 2012 haben wir unsere HR-L\u00f6sungen kontinuierlich weiterentwickelt, denn der Besch\u00e4ftigungsprozess geht f\u00fcr Unternehmen mit unterschiedlichsten umfassenden Anforderungen einher. Unser Ziel ist es,&#8230;<\/p>\n","protected":false},"author":13,"featured_media":0,"parent":0,"menu_order":10,"comment_status":"closed","ping_status":"closed","template":"","meta":{"_acf_changed":false,"content-type":"","footnotes":""},"services":[],"offices":[],"class_list":["post-7205","page","type-page","status-publish","hentry","pagetype-service"],"acf":[],"yoast_head":"<!-- This site is optimized with the Yoast SEO plugin v26.8 - https:\/\/yoast.com\/product\/yoast-seo-wordpress\/ -->\n<title>HRIS-Services und L\u00f6sungen \u2013 Tugela People<\/title>\n<meta name=\"description\" content=\"Wir bieten zahlreiche Serviceleistungen, die alle Anforderungen multinationaler Unternehmen an HR-Systeme erf\u00fcllen. Lesen Sie mehr.\" \/>\n<meta name=\"robots\" content=\"index, follow, max-snippet:-1, max-image-preview:large, max-video-preview:-1\" \/>\n<link rel=\"canonical\" href=\"https:\/\/tugelapeople.com\/services-solutions\/\" \/>\n<meta property=\"og:locale\" content=\"en_GB\" \/>\n<meta property=\"og:type\" content=\"article\" \/>\n<meta property=\"og:title\" content=\"HRIS-Services und L\u00f6sungen \u2013 Tugela People\" \/>\n<meta property=\"og:description\" content=\"Wir bieten zahlreiche Serviceleistungen, die alle Anforderungen multinationaler Unternehmen an HR-Systeme erf\u00fcllen. Lesen Sie mehr.\" \/>\n<meta property=\"og:url\" content=\"https:\/\/tugelapeople.com\/services-solutions\/\" \/>\n<meta property=\"og:site_name\" content=\"Tugela People\" \/>\n<meta property=\"article:modified_time\" content=\"2024-02-20T13:31:51+00:00\" \/>\n<meta property=\"og:image\" content=\"https:\/\/tugelapeople.com\/wp-content\/uploads\/Tugela-People-Wheel-2-min-450x450.png\" \/>\n<meta name=\"twitter:card\" content=\"summary_large_image\" \/>\n<script type=\"application\/ld+json\" class=\"yoast-schema-graph\">{\"@context\":\"https:\/\/schema.org\",\"@graph\":[{\"@type\":\"WebPage\",\"@id\":\"https:\/\/tugelapeople.com\/services-solutions\/\",\"url\":\"https:\/\/tugelapeople.com\/services-solutions\/\",\"name\":\"HRIS-Services und L\u00f6sungen \u2013 Tugela People\",\"isPartOf\":{\"@id\":\"https:\/\/tugelapeople.com\/#website\"},\"primaryImageOfPage\":{\"@id\":\"https:\/\/tugelapeople.com\/services-solutions\/#primaryimage\"},\"image\":{\"@id\":\"https:\/\/tugelapeople.com\/services-solutions\/#primaryimage\"},\"thumbnailUrl\":\"https:\/\/tugelapeople.com\/wp-content\/uploads\/Tugela-People-Wheel-2-min-450x450.png\",\"datePublished\":\"2020-12-17T11:47:38+00:00\",\"dateModified\":\"2024-02-20T13:31:51+00:00\",\"description\":\"Wir bieten zahlreiche Serviceleistungen, die alle Anforderungen multinationaler Unternehmen an HR-Systeme erf\u00fcllen. Lesen Sie mehr.\",\"breadcrumb\":{\"@id\":\"https:\/\/tugelapeople.com\/services-solutions\/#breadcrumb\"},\"inLanguage\":\"en-GB\",\"potentialAction\":[{\"@type\":\"ReadAction\",\"target\":[\"https:\/\/tugelapeople.com\/services-solutions\/\"]}]},{\"@type\":\"ImageObject\",\"inLanguage\":\"en-GB\",\"@id\":\"https:\/\/tugelapeople.com\/services-solutions\/#primaryimage\",\"url\":\"https:\/\/tugelapeople.com\/wp-content\/uploads\/Tugela-People-Wheel-2-min-450x450.png\",\"contentUrl\":\"https:\/\/tugelapeople.com\/wp-content\/uploads\/Tugela-People-Wheel-2-min-450x450.png\"},{\"@type\":\"BreadcrumbList\",\"@id\":\"https:\/\/tugelapeople.com\/services-solutions\/#breadcrumb\",\"itemListElement\":[{\"@type\":\"ListItem\",\"position\":1,\"name\":\"Home\",\"item\":\"https:\/\/tugelapeople.com\/\"},{\"@type\":\"ListItem\",\"position\":2,\"name\":\"HRIS\"}]},{\"@type\":\"WebSite\",\"@id\":\"https:\/\/tugelapeople.com\/#website\",\"url\":\"https:\/\/tugelapeople.com\/\",\"name\":\"Tugela People\",\"description\":\"\",\"inLanguage\":\"en-GB\"}]}<\/script>\n<!-- \/ Yoast SEO plugin. -->","yoast_head_json":{"title":"HRIS-Services und L\u00f6sungen \u2013 Tugela People","description":"Wir bieten zahlreiche Serviceleistungen, die alle Anforderungen multinationaler Unternehmen an HR-Systeme erf\u00fcllen. Lesen Sie mehr.","robots":{"index":"index","follow":"follow","max-snippet":"max-snippet:-1","max-image-preview":"max-image-preview:large","max-video-preview":"max-video-preview:-1"},"canonical":"https:\/\/tugelapeople.com\/services-solutions\/","og_locale":"en_GB","og_type":"article","og_title":"HRIS-Services und L\u00f6sungen \u2013 Tugela People","og_description":"Wir bieten zahlreiche Serviceleistungen, die alle Anforderungen multinationaler Unternehmen an HR-Systeme erf\u00fcllen. Lesen Sie mehr.","og_url":"https:\/\/tugelapeople.com\/services-solutions\/","og_site_name":"Tugela People","article_modified_time":"2024-02-20T13:31:51+00:00","og_image":[{"url":"https:\/\/tugelapeople.com\/wp-content\/uploads\/Tugela-People-Wheel-2-min-450x450.png","type":"","width":"","height":""}],"twitter_card":"summary_large_image","schema":{"@context":"https:\/\/schema.org","@graph":[{"@type":"WebPage","@id":"https:\/\/tugelapeople.com\/services-solutions\/","url":"https:\/\/tugelapeople.com\/services-solutions\/","name":"HRIS-Services und L\u00f6sungen \u2013 Tugela People","isPartOf":{"@id":"https:\/\/tugelapeople.com\/#website"},"primaryImageOfPage":{"@id":"https:\/\/tugelapeople.com\/services-solutions\/#primaryimage"},"image":{"@id":"https:\/\/tugelapeople.com\/services-solutions\/#primaryimage"},"thumbnailUrl":"https:\/\/tugelapeople.com\/wp-content\/uploads\/Tugela-People-Wheel-2-min-450x450.png","datePublished":"2020-12-17T11:47:38+00:00","dateModified":"2024-02-20T13:31:51+00:00","description":"Wir bieten zahlreiche Serviceleistungen, die alle Anforderungen multinationaler Unternehmen an HR-Systeme erf\u00fcllen. Lesen Sie mehr.","breadcrumb":{"@id":"https:\/\/tugelapeople.com\/services-solutions\/#breadcrumb"},"inLanguage":"en-GB","potentialAction":[{"@type":"ReadAction","target":["https:\/\/tugelapeople.com\/services-solutions\/"]}]},{"@type":"ImageObject","inLanguage":"en-GB","@id":"https:\/\/tugelapeople.com\/services-solutions\/#primaryimage","url":"https:\/\/tugelapeople.com\/wp-content\/uploads\/Tugela-People-Wheel-2-min-450x450.png","contentUrl":"https:\/\/tugelapeople.com\/wp-content\/uploads\/Tugela-People-Wheel-2-min-450x450.png"},{"@type":"BreadcrumbList","@id":"https:\/\/tugelapeople.com\/services-solutions\/#breadcrumb","itemListElement":[{"@type":"ListItem","position":1,"name":"Home","item":"https:\/\/tugelapeople.com\/"},{"@type":"ListItem","position":2,"name":"HRIS"}]},{"@type":"WebSite","@id":"https:\/\/tugelapeople.com\/#website","url":"https:\/\/tugelapeople.com\/","name":"Tugela People","description":"","inLanguage":"en-GB"}]}},"_links":{"self":[{"href":"https:\/\/tugelapeople.com\/de\/wp-json\/wp\/v2\/pages\/7205","targetHints":{"allow":["GET"]}}],"collection":[{"href":"https:\/\/tugelapeople.com\/de\/wp-json\/wp\/v2\/pages"}],"about":[{"href":"https:\/\/tugelapeople.com\/de\/wp-json\/wp\/v2\/types\/page"}],"author":[{"embeddable":true,"href":"https:\/\/tugelapeople.com\/de\/wp-json\/wp\/v2\/users\/13"}],"replies":[{"embeddable":true,"href":"https:\/\/tugelapeople.com\/de\/wp-json\/wp\/v2\/comments?post=7205"}],"version-history":[{"count":3,"href":"https:\/\/tugelapeople.com\/de\/wp-json\/wp\/v2\/pages\/7205\/revisions"}],"predecessor-version":[{"id":7283,"href":"https:\/\/tugelapeople.com\/de\/wp-json\/wp\/v2\/pages\/7205\/revisions\/7283"}],"wp:attachment":[{"href":"https:\/\/tugelapeople.com\/de\/wp-json\/wp\/v2\/media?parent=7205"}],"wp:term":[{"taxonomy":"services","embeddable":true,"href":"https:\/\/tugelapeople.com\/de\/wp-json\/wp\/v2\/services?post=7205"},{"taxonomy":"offices","embeddable":true,"href":"https:\/\/tugelapeople.com\/de\/wp-json\/wp\/v2\/offices?post=7205"}],"curies":[{"name":"wp","href":"https:\/\/api.w.org\/{rel}","templated":true}]}}