{"id":7204,"date":"2020-12-17T13:46:37","date_gmt":"2020-12-17T13:46:37","guid":{"rendered":"https:\/\/tugelapeople.com\/systemoptimierung\/service-zur-systemintegration\/"},"modified":"2024-04-11T15:27:17","modified_gmt":"2024-04-11T15:27:17","slug":"service-zur-systemintegration","status":"publish","type":"page","link":"https:\/\/tugelapeople.com\/de\/systemoptimierung\/service-zur-systemintegration\/","title":{"rendered":"Service zur Systemintegration"},"content":{"rendered":"<h2><strong>Verbessern Sie die Skalierbarkeit, Produktivit\u00e4t und Effizienz Ihres Unternehmens.<\/strong><\/h2>\n<p>In der heutigen Gesch\u00e4ftswelt sind wir in zunehmendem Ma\u00dfe von Prozessen, Systemen und Anwendungen abh\u00e4ngig, die immer vielf\u00e4ltiger werden und immer weiter verstreut sind. Das erschwert den Zugriff auf relevante Daten zur richtigen Zeit und an der richtigen Stelle. In Verbindung mit anderen Faktoren, wie sich \u00e4ndernden Gesch\u00e4ftsanforderungen, technologischen Fortschritten und Branchenvorschriften, erh\u00f6ht das den Bedarf an Systemintegration.<\/p>\n<h2><strong>Was ist Systemintegration?<\/strong><\/h2>\n<p>Systemintegration vereinfacht Abl\u00e4ufe durch die nahtlose Verbindung von Prozessen, Systemen und Anwendungen. Die Kunst besteht darin, die verschiedenen Systeme innerhalb eines Unternehmens zusammenzuf\u00fchren und sie als Einheit arbeiten zu lassen.<\/p>\n<h2><strong>Was ist die treibende Kraft hinter Systemintegration?<\/strong><\/h2>\n<ul>\n<li><strong><span style=\"color: #0069b4;\">Digitale Transformation<\/span>: <\/strong>Die fortschreitende digitale Transformation in allen Branchen ist einer der Hauptgr\u00fcnde f\u00fcr die Systemintegration. Damit ein Unternehmen einen wirklichen Nutzen aus neuen Technologien und digitalen L\u00f6sungen zieht, m\u00fcssen diese in seine bestehende Infrastruktur integriert werden. Nur so gew\u00e4hrleisten sie einen nahtlosen Datenfluss und Interoperabilit\u00e4t, d. h. die F\u00e4higkeit der verschiedenen Systeme, Ger\u00e4te, Anwendungen oder Produkte, sich ohne Eingriff des Endnutzers zu verbinden und auf koordinierte Weise zu kommunizieren.<\/li>\n<li><span style=\"color: #0069b4;\"><strong>SaaS- und Cloud-L\u00f6sungen<\/strong><\/span>: Die Zunahme von Software-as-a-Service (SaaS) und cloudbasierten L\u00f6sungen hat zu einem vielf\u00e4ltigen \u00d6kosystem von Anwendungen und Plattformen gef\u00fchrt. Die Integration dieser Cloud-L\u00f6sungen in firmeninterne Systeme oder andere cloudbasierte Anwendungen ist unerl\u00e4sslich, um eine einheitliche und koh\u00e4rente IT-Umgebung zu schaffen.<\/li>\n<li><strong><span style=\"color: #0069b4;\">Datenvolumen und Komplexit\u00e4t<\/span>: <\/strong>Unternehmen sind mit einem massiven Zustrom von Daten aus verschiedenen Quellen konfrontiert, u. a. aus Kundeninteraktionen, IoT-Ger\u00e4ten, sozialen Medien. Durch die Integration von Systemen aggregieren Unternehmen diese riesigen und komplexen Daten, analysieren sie und gewinnen aussagekr\u00e4ftige Erkenntnisse daraus, was wiederum die Entscheidungsfindung verbessert und Wettbewerbsvorteile schafft.<\/li>\n<li><strong><span style=\"color: #0069b4;\">Die Nachfrage nach Echtzeit-Informationen<\/span>: <\/strong>Angesichts der Notwendigkeit agiler und proaktiver Entscheidungsfindung ben\u00f6tigen Unternehmen abteilungs- und system\u00fcbergreifenden Echtzeit-Zugang zu genauen Informationen. Die Systemintegration erm\u00f6glicht die Synchronisierung und den Austausch von Daten in Echtzeit, sodass die Beteiligten zeitnahe und fundierte Entscheidungen treffen k\u00f6nnen.<\/li>\n<li><strong><span style=\"color: #0069b4;\">Optimierung von Gesch\u00e4ftsprozessen<\/span>: <\/strong>Die Systemintegration spielt eine entscheidende Rolle bei der Optimierung von Gesch\u00e4ftsprozessen: Sie automatisiert Arbeitsabl\u00e4ufe, eliminiert die manuelle Dateneingabe und reduziert Doppelarbeit. Durch die Integration von Systemen k\u00f6nnen Unternehmen Prozesse rationalisieren, die betriebliche Effizienz verbessern und die Produktivit\u00e4t steigern.<\/li>\n<li><strong><span style=\"color: #0069b4;\">Nahtlose Customer Experience<\/span>: <\/strong>Die Erwartungen der Kunden \u00e4ndern sich immer wieder; daher ist die Bereitstellung einer nahtlosen und personalisierten Customer Experience entscheidend. Das Integrieren von kundenorientierten Systemen wie CRM, Marketingautomatisierung und E-Commerce-Plattformen gew\u00e4hrleistet eine geschlossene \u00dcbersicht \u00fcber Kundendaten sowie einheitliche Interaktionen \u00fcber alle Kan\u00e4le hinweg.<\/li>\n<li><strong><span style=\"color: #0069b4;\">Fusionen und \u00dcbernahmen<\/span>: <\/strong>Wenn Unternehmen fusionieren oder \u00fcbernommen werden, ist eine Systemintegration erforderlich, um verschiedene IT-Infrastrukturen, Anwendungen und Datenquellen zusammenzuf\u00fchren. Dadurch werden eine reibungslose Datenmigration, die Angleichung von Prozessen und der Aufbau eines einheitlichen Technologie-\u00d6kosystems erm\u00f6glicht<strong>.<\/strong><\/li>\n<li><strong><span style=\"color: #0069b4;\">Compliance<\/span>: <\/strong>Die Einhaltung von branchenspezifischen Vorschriften, Datenschutzgesetzen und Sicherheitsstandards ist f\u00fcr Unternehmen von gro\u00dfer Bedeutung. Die Systemintegration sorgt f\u00fcr einen sicheren und pr\u00e4zisen Datenaustausch zwischen den Systemen und gew\u00e4hrleistet gleichzeitig die Einhaltung gesetzlicher Vorschriften und den Schutz sensibler Informationen.<\/li>\n<li><strong><span style=\"color: #0069b4;\">Kostenoptimierung<\/span>: <\/strong>Mit der Systemintegration lassen sich Kosten sparen, und zwar durch die Reduzierung des manuellen Aufwands, die Beseitigung redundanter Systeme und die Verbesserung der Ressourcennutzung. Das erm\u00f6glicht ein gest\u00e4rktes Ressourcenmanagement, rationalisierte Arbeitsabl\u00e4ufe und eine gesteigerte Betriebseffizienz, wodurch letztlich die Kosten optimiert werden<strong>.<\/strong><\/li>\n<li><strong><span style=\"color: #0069b4;\">Agilit\u00e4t und Innovation<\/span>: <\/strong>In der schnelllebigen Gesch\u00e4ftswelt von heute m\u00fcssen Unternehmen agil sein und auf Marktver\u00e4nderungen reagieren. Die Systemintegration gibt ihnen die M\u00f6glichkeit, neue Technologien schnell zu \u00fcbernehmen, innovative L\u00f6sungen zu integrieren und sich an die sich ver\u00e4ndernden Gesch\u00e4ftsanforderungen anzupassen. Das f\u00f6rdert Agilit\u00e4t und treibt Innovationen voran.<\/li>\n<\/ul>\n<p>&nbsp;<\/p>\n<p>All diese Faktoren erh\u00f6hen den Bedarf an Serviceleistungen zur Systemintegration: Unternehmen sind bestrebt, ihre Arbeitsabl\u00e4ufe zu optimieren, Daten effektiv zu nutzen, die Customer Experience zu verbessern, Compliance zu gew\u00e4hrleisten und im digitalen Zeitalter wettbewerbsf\u00e4hig zu bleiben.<\/p>\n<h2><strong>Welche Vorteile bietet die Systemintegration?<\/strong><\/h2>\n<h3>Durch die Integration Ihrer Systeme k\u00f6nnen Sie:<\/h3>\n<ul>\n<li><span style=\"color: #0069b4;\"><strong>Die Effizienz steigern<\/strong><\/span>: Durch Systemintegration geh\u00f6ren manuelle und sich wiederholende Aufgaben der Vergangenheit an. Prozesse werden automatisiert und der nahtlose Datenfluss zwischen Systemen wird erleichtert. Daraus folgt die Reduzierung zeitaufw\u00e4ndiger manueller Dateneingaben, die Minimierung von Fehlern und die Rationalisierung von Arbeitsabl\u00e4ufen. Das Ergebnis? Verbesserte betriebliche Effizienz und Produktivit\u00e4t.<\/li>\n<\/ul>\n<ul>\n<li><strong><span style=\"color: #0069b4;\">Die Entscheidungsfindung verbessern<\/span><\/strong>: Integrierte Systeme bieten einen ganzheitlichen \u00dcberblick \u00fcber Daten aus verschiedenen Quellen und erm\u00f6glichen eine bessere und fundiertere Entscheidungsfindung. So haben Entscheidungstr\u00e4ger Zugang zu pr\u00e4zisen Informationen in Echtzeit und k\u00f6nnen Trends analysieren, Muster erkennen und datengest\u00fctzte Entscheidungen treffen, die sich positiv auf die Gesch\u00e4ftsergebnisse auswirken.<\/li>\n<\/ul>\n<ul>\n<li><span style=\"color: #0069b4;\"><strong>Die Produktivit\u00e4t steigern<\/strong><\/span>: Durch die Integration von Systemen k\u00f6nnen Mitarbeitende schnell und effizient auf ben\u00f6tigte Informationen zugreifen. So m\u00fcssen sie nicht mehr zwischen mehreren Anwendungen oder Systemen wechseln, Doppelarbeit wird vermieden und die Zusammenarbeit und Kommunikation im Team gef\u00f6rdert. H\u00f6here Produktivit\u00e4t bedeutet Zeitersparnis und erm\u00f6glicht es den Mitarbeitenden, sich auf wertsch\u00f6pfende Aufgaben zu konzentrieren.<\/li>\n<\/ul>\n<ul>\n<li><span style=\"color: #0069b4;\"><strong>Die Kundenzufriedenheit verbessern<\/strong><\/span>: Dank Systemintegration haben Unternehmen eine einheitliche \u00dcbersicht \u00fcber Kundendaten, sodass sie personalisierte und unkomplizierte Interaktionen anbieten k\u00f6nnen. Sie gewinnen Einblick in das Verhalten von Kunden, ihre Pr\u00e4ferenzen sowie die Interaktionen \u00fcber verschiedene Ber\u00fchrungspunkte hinweg. Gest\u00e4rkte Kundensegmentierung, gezielte Marketingkampagnen, verbesserter Kundenservice und optimierte Customer Experience werden somit beg\u00fcnstigt.<\/li>\n<\/ul>\n<ul>\n<li><span style=\"color: #0069b4;\"><strong>Die Skalierbarkeit und Anpassungsf\u00e4higkeit erh\u00f6hen<\/strong><\/span>: Integrierte Systeme lassen sich flexibel skalieren und an ver\u00e4nderte Gesch\u00e4ftsanforderungen anpassen. Wenn Unternehmen wachsen oder neue Systeme einf\u00fchren, sorgt die Integration f\u00fcr nahtlosen Datenfluss und Konnektivit\u00e4t. Diese Flexibilit\u00e4t erm\u00f6glicht es ihnen, schnell auf Marktanforderungen zu reagieren, neue Technologien zu integrieren und Chancen ohne gr\u00f6\u00dfere Unterbrechungen zu nutzen.<\/li>\n<\/ul>\n<ul>\n<li><span style=\"color: #0069b4;\"><strong>Die Kosten senken<\/strong><\/span>: Die Systemintegration hilft Unternehmen, ihre Ressourcen zu optimieren, redundante Systeme oder Prozesse zu beseitigen und manuelle Arbeit zu reduzieren. Dank der Automatisierung von Aufgaben und der Rationalisierung von Arbeitsabl\u00e4ufen erzielen Unternehmen Betriebskosteneinsparungen durch h\u00f6here Effizienz, weniger Fehler und bessere Ressourcenzuweisung.<\/li>\n<\/ul>\n<ul>\n<li><span style=\"color: #0069b4;\"><strong>Die Wettbewerbsf\u00e4higkeit steigern<\/strong><\/span>: Die Leistungsf\u00e4higkeit vorhandener Systeme eines Unternehmens wird durch Systemintegration und die effektive Nutzung von Daten weiter ausgebaut. Folglich k\u00f6nnen Unternehmen einen Wettbewerbsvorteil in ihrer Branche erlangen, indem sie Prozesse rationalisieren, die Entscheidungsfindung st\u00e4rken und die Customer Experience bereichern. Dar\u00fcber hinaus bilden integrierte Systeme die Grundlage f\u00fcr Innovation, Agilit\u00e4t sowie kontinuierliche Verbesserung und helfen Unternehmen, der Zeit immer einen Schritt voraus zu sein.<\/li>\n<\/ul>\n<p>&nbsp;<\/p>\n<p>Kurz und b\u00fcndig zusammengefasst: Ein Unternehmen arbeitet durch Systemintegration effizienter, trifft fundierte Entscheidungen, bietet eine hervorragende Customer Experience, optimiert Kosten und passt sich erfolgreich an die ver\u00e4nderte Marktdynamik an. Von der Verkn\u00fcpfung seiner Systeme und dem daraus resultierenden nahtlosen Datenfluss profitiert das gesamte Unternehmen und verschafft sich einen Wettbewerbsvorteil.<\/p>\n<h2><strong>Unser Serviceangebot<\/strong><\/h2>\n<p>Unser fachkundiges Team unterst\u00fctzt unsere Kunden in jeder Phase der digitalen Transformation auf der Suche nach verbesserter betrieblicher Effizienz und Agilit\u00e4t.<\/p>\n<p>Wir sind auf cloudbasierte Systeme spezialisiert und bieten zielf\u00fchrende Serviceleistungen zur Systemintegration an, die das Potenzial von Application Programming Interfaces (APIs) und Integration Platform as a Service (iPaaS) nutzen. Bei unserem Integrationsservice geht es nicht nur um die Verbindung von Systemen, sondern auch um die Optimierung von Prozessen, die Verbesserung des Datenflusses und die Gew\u00e4hrleistung, dass Ihr Unternehmen so effizient wie m\u00f6glich arbeitet.<\/p>\n<p>Wenn Sie die Integration Ihrer Systeme in Erw\u00e4gung ziehen, ist eine genaue Bewertung Ihrer W\u00fcnsche und Anforderungen wichtig. Nur so garantieren Sie die richtige L\u00f6sung f\u00fcr Ihr Unternehmen.<\/p>\n<p>Systemintegration geht h\u00e4ufig mit Herausforderungen einher, die vor dem Start eines Projekts ber\u00fccksichtigt werden m\u00fcssen. Dazu geh\u00f6ren:<\/p>\n<ul>\n<li><span style=\"color: #0069b4;\"><strong>Datenkompatibilit\u00e4t<\/strong><\/span>: Verschiedene Systeme sind h\u00e4ufig in unterschiedlichen Datenformaten organisiert, was ihre Integration anspruchsvoller machen kann.<\/li>\n<li><span style=\"color: #0069b4;\"><strong>M\u00f6glichkeit neuer Sicherheitsrisiken<\/strong><\/span>: Durch die Systemintegration k\u00f6nnen verschiedene Systeme miteinander kommunizieren. Um eine Gef\u00e4hrdung der Daten zu verhindern, ist daher eine sorgf\u00e4ltige Planung erforderlich.<\/li>\n<li><span style=\"color: #0069b4;\"><strong>Kosten<\/strong><\/span>: Der Integrationsprozess erfordert spezielle F\u00e4higkeiten und Fachkenntnisse.<\/li>\n<\/ul>\n<p>&nbsp;<\/p>\n<p>Vor der Entscheidung f\u00fcr Systemintegration m\u00fcssen Sie sich also \u00fcber die Herausforderungen im Klaren sein und entsprechend planen. Der Prozess kann komplex und anspruchsvoll sein, aber er kann auch erhebliche Vorteile mit sich bringen. Unternehmen, die sich die Zeit nehmen, ein Systemintegrationsprojekt sorgf\u00e4ltig zu planen und umzusetzen, verbessern ihr Gesch\u00e4ftsergebnis und verschaffen sich einen Wettbewerbsvorteil.<\/p>\n<h3><strong>Unsere Serviceleistungen:<\/strong><\/h3>\n<ol>\n<li><span style=\"color: #0069b4;\"><strong>Scoping der Anforderungen<\/strong><\/span>: Kl\u00e4rung Ihrer Anforderungen und Evaluation Ihrer aktuellen Systeme zur Ermittlung der besten Systemintegrationsl\u00f6sungen f\u00fcr Ihr Unternehmen.<\/li>\n<li><span style=\"color: #0069b4;\"><strong>Systemintegration<\/strong><\/span>: Von unserem Expertenteam durchgef\u00fchrte Integration unter Verwendung von Middleware und im Scope-Prozess ermittelten architektonischen L\u00f6sungen.<\/li>\n<li><span style=\"color: #0069b4;\"><strong>Support und Schulung<\/strong><\/span>: Bereitgestellt durch unser Managed Services Team, das auch einen \u00dcberwachungsservice nach der Integration anbietet.<\/li>\n<\/ol>\n<p><span class=\"ui-provider a b c d e f g h i j k l m n o p q r s t u v w x y z ab ac ae af ag ah ai aj ak\" dir=\"ltr\">Wir haben bereits zahlreiche Integrationen f\u00fcr unsere Kunden umgesetzt und sind stolz auf unsere Rolle als Experten f\u00fcr Systemintegration. Zu unseren Erfolgsgeschichten geh\u00f6rt die Einrichtung von L\u00f6sungen wie Deputy, <a href=\"https:\/\/tugelapeople.com\/de\/hris\/hr-systeme\/sage-people\/\">Sage People HRIS<\/a>, Sage People Payroll, Greenhouse ATS und TalentLMS.<\/span><\/p>\n<p>Wenn Sie Fragen zu Systemintegration haben oder Ihre Anforderungen besprechen m\u00f6chten, melden Sie sich gerne bei unserem Expertenteam.<\/p>\n<h2>Erfahren Sie mehr<\/h2>\n<p>Kontaktieren Sie uns einfach unter <a href=\"tel:01908030360\">+44(0)1908 030360<\/a> oder per E-Mail an\u00a0<a href=\"mailto:info@tugelapeople.com\"><strong>info@tugelapeople.com<\/strong><\/a>, um mehr \u00fcber Systemintegration zu erfahren und Ihre W\u00fcnsche zu er\u00f6rtern. Alternativ k\u00f6nnen Sie auch gerne das Formular \u201e<a href=\"https:\/\/tugelapeople.com\/de\/kontakt\/kontakt-aufnehmen\/\" data-trigger=\"popup\">Kontakt aufnehmen<\/a>\u201c ausf\u00fcllen. Ein Mitglied unseres Teams wird sich dann mit Ihnen in Verbindung setzen.<\/p>\n<p>&nbsp;<\/p>\n<p>&nbsp;<\/p>\n","protected":false},"excerpt":{"rendered":"<p>Verbessern Sie die Skalierbarkeit, Produktivit\u00e4t und Effizienz Ihres Unternehmens. In der heutigen Gesch\u00e4ftswelt sind wir in zunehmendem Ma\u00dfe von Prozessen, Systemen und Anwendungen abh\u00e4ngig, die immer vielf\u00e4ltiger werden und immer&#8230;<\/p>\n","protected":false},"author":13,"featured_media":6599,"parent":7203,"menu_order":0,"comment_status":"closed","ping_status":"closed","template":"","meta":{"_acf_changed":false,"content-type":"","footnotes":""},"services":[],"offices":[],"class_list":["post-7204","page","type-page","status-publish","has-post-thumbnail","hentry","pagetype-service"],"acf":[],"yoast_head":"<!-- This site is optimized with the Yoast SEO plugin v26.8 - https:\/\/yoast.com\/product\/yoast-seo-wordpress\/ -->\n<title>Service zur Systemintegration | Tugela People<\/title>\n<meta name=\"description\" content=\"Unsere Systemintegration-Serviceleistungen sind auf die Verkn\u00fcpfung von Systemen ausgelegt, um HR-Abl\u00e4ufe zu optimieren. Erfahren Sie mehr.\" \/>\n<meta name=\"robots\" content=\"index, follow, max-snippet:-1, max-image-preview:large, max-video-preview:-1\" \/>\n<link rel=\"canonical\" href=\"https:\/\/tugelapeople.com\/system-optimisation\/systems-integration\/\" \/>\n<meta property=\"og:locale\" content=\"en_GB\" \/>\n<meta property=\"og:type\" content=\"article\" \/>\n<meta property=\"og:title\" content=\"Service zur Systemintegration | Tugela People\" \/>\n<meta property=\"og:description\" content=\"Unsere Systemintegration-Serviceleistungen sind auf die Verkn\u00fcpfung von Systemen ausgelegt, um HR-Abl\u00e4ufe zu optimieren. Erfahren Sie mehr.\" \/>\n<meta property=\"og:url\" content=\"https:\/\/tugelapeople.com\/system-optimisation\/systems-integration\/\" \/>\n<meta property=\"og:site_name\" content=\"Tugela People\" \/>\n<meta property=\"article:modified_time\" content=\"2024-04-11T15:27:17+00:00\" \/>\n<meta property=\"og:image\" content=\"https:\/\/tugelapeople.com\/wp-content\/uploads\/home-banner-2.jpg\" \/>\n\t<meta property=\"og:image:width\" content=\"2000\" \/>\n\t<meta property=\"og:image:height\" content=\"613\" \/>\n\t<meta property=\"og:image:type\" content=\"image\/jpeg\" \/>\n<meta name=\"twitter:card\" content=\"summary_large_image\" \/>\n<script type=\"application\/ld+json\" class=\"yoast-schema-graph\">{\"@context\":\"https:\/\/schema.org\",\"@graph\":[{\"@type\":\"WebPage\",\"@id\":\"https:\/\/tugelapeople.com\/system-optimisation\/systems-integration\/\",\"url\":\"https:\/\/tugelapeople.com\/system-optimisation\/systems-integration\/\",\"name\":\"Service zur Systemintegration | Tugela People\",\"isPartOf\":{\"@id\":\"https:\/\/tugelapeople.com\/#website\"},\"primaryImageOfPage\":{\"@id\":\"https:\/\/tugelapeople.com\/system-optimisation\/systems-integration\/#primaryimage\"},\"image\":{\"@id\":\"https:\/\/tugelapeople.com\/system-optimisation\/systems-integration\/#primaryimage\"},\"thumbnailUrl\":\"https:\/\/tugelapeople.com\/wp-content\/uploads\/home-banner-2.jpg\",\"datePublished\":\"2020-12-17T13:46:37+00:00\",\"dateModified\":\"2024-04-11T15:27:17+00:00\",\"description\":\"Unsere Systemintegration-Serviceleistungen sind auf die Verkn\u00fcpfung von Systemen ausgelegt, um HR-Abl\u00e4ufe zu optimieren. Erfahren Sie mehr.\",\"breadcrumb\":{\"@id\":\"https:\/\/tugelapeople.com\/system-optimisation\/systems-integration\/#breadcrumb\"},\"inLanguage\":\"en-GB\",\"potentialAction\":[{\"@type\":\"ReadAction\",\"target\":[\"https:\/\/tugelapeople.com\/system-optimisation\/systems-integration\/\"]}]},{\"@type\":\"ImageObject\",\"inLanguage\":\"en-GB\",\"@id\":\"https:\/\/tugelapeople.com\/system-optimisation\/systems-integration\/#primaryimage\",\"url\":\"https:\/\/tugelapeople.com\/wp-content\/uploads\/home-banner-2.jpg\",\"contentUrl\":\"https:\/\/tugelapeople.com\/wp-content\/uploads\/home-banner-2.jpg\",\"width\":2000,\"height\":613},{\"@type\":\"BreadcrumbList\",\"@id\":\"https:\/\/tugelapeople.com\/system-optimisation\/systems-integration\/#breadcrumb\",\"itemListElement\":[{\"@type\":\"ListItem\",\"position\":1,\"name\":\"Home\",\"item\":\"https:\/\/tugelapeople.com\/\"},{\"@type\":\"ListItem\",\"position\":2,\"name\":\"Systemoptimierung\",\"item\":\"https:\/\/tugelapeople.com\/system-optimisation\/\"},{\"@type\":\"ListItem\",\"position\":3,\"name\":\"Service zur Systemintegration\"}]},{\"@type\":\"WebSite\",\"@id\":\"https:\/\/tugelapeople.com\/#website\",\"url\":\"https:\/\/tugelapeople.com\/\",\"name\":\"Tugela People\",\"description\":\"\",\"inLanguage\":\"en-GB\"}]}<\/script>\n<!-- \/ Yoast SEO plugin. -->","yoast_head_json":{"title":"Service zur Systemintegration | Tugela People","description":"Unsere Systemintegration-Serviceleistungen sind auf die Verkn\u00fcpfung von Systemen ausgelegt, um HR-Abl\u00e4ufe zu optimieren. Erfahren Sie mehr.","robots":{"index":"index","follow":"follow","max-snippet":"max-snippet:-1","max-image-preview":"max-image-preview:large","max-video-preview":"max-video-preview:-1"},"canonical":"https:\/\/tugelapeople.com\/system-optimisation\/systems-integration\/","og_locale":"en_GB","og_type":"article","og_title":"Service zur Systemintegration | Tugela People","og_description":"Unsere Systemintegration-Serviceleistungen sind auf die Verkn\u00fcpfung von Systemen ausgelegt, um HR-Abl\u00e4ufe zu optimieren. Erfahren Sie mehr.","og_url":"https:\/\/tugelapeople.com\/system-optimisation\/systems-integration\/","og_site_name":"Tugela People","article_modified_time":"2024-04-11T15:27:17+00:00","og_image":[{"width":2000,"height":613,"url":"https:\/\/tugelapeople.com\/wp-content\/uploads\/home-banner-2.jpg","type":"image\/jpeg"}],"twitter_card":"summary_large_image","schema":{"@context":"https:\/\/schema.org","@graph":[{"@type":"WebPage","@id":"https:\/\/tugelapeople.com\/system-optimisation\/systems-integration\/","url":"https:\/\/tugelapeople.com\/system-optimisation\/systems-integration\/","name":"Service zur Systemintegration | Tugela People","isPartOf":{"@id":"https:\/\/tugelapeople.com\/#website"},"primaryImageOfPage":{"@id":"https:\/\/tugelapeople.com\/system-optimisation\/systems-integration\/#primaryimage"},"image":{"@id":"https:\/\/tugelapeople.com\/system-optimisation\/systems-integration\/#primaryimage"},"thumbnailUrl":"https:\/\/tugelapeople.com\/wp-content\/uploads\/home-banner-2.jpg","datePublished":"2020-12-17T13:46:37+00:00","dateModified":"2024-04-11T15:27:17+00:00","description":"Unsere Systemintegration-Serviceleistungen sind auf die Verkn\u00fcpfung von Systemen ausgelegt, um HR-Abl\u00e4ufe zu optimieren. Erfahren Sie mehr.","breadcrumb":{"@id":"https:\/\/tugelapeople.com\/system-optimisation\/systems-integration\/#breadcrumb"},"inLanguage":"en-GB","potentialAction":[{"@type":"ReadAction","target":["https:\/\/tugelapeople.com\/system-optimisation\/systems-integration\/"]}]},{"@type":"ImageObject","inLanguage":"en-GB","@id":"https:\/\/tugelapeople.com\/system-optimisation\/systems-integration\/#primaryimage","url":"https:\/\/tugelapeople.com\/wp-content\/uploads\/home-banner-2.jpg","contentUrl":"https:\/\/tugelapeople.com\/wp-content\/uploads\/home-banner-2.jpg","width":2000,"height":613},{"@type":"BreadcrumbList","@id":"https:\/\/tugelapeople.com\/system-optimisation\/systems-integration\/#breadcrumb","itemListElement":[{"@type":"ListItem","position":1,"name":"Home","item":"https:\/\/tugelapeople.com\/"},{"@type":"ListItem","position":2,"name":"Systemoptimierung","item":"https:\/\/tugelapeople.com\/system-optimisation\/"},{"@type":"ListItem","position":3,"name":"Service zur Systemintegration"}]},{"@type":"WebSite","@id":"https:\/\/tugelapeople.com\/#website","url":"https:\/\/tugelapeople.com\/","name":"Tugela People","description":"","inLanguage":"en-GB"}]}},"_links":{"self":[{"href":"https:\/\/tugelapeople.com\/de\/wp-json\/wp\/v2\/pages\/7204","targetHints":{"allow":["GET"]}}],"collection":[{"href":"https:\/\/tugelapeople.com\/de\/wp-json\/wp\/v2\/pages"}],"about":[{"href":"https:\/\/tugelapeople.com\/de\/wp-json\/wp\/v2\/types\/page"}],"author":[{"embeddable":true,"href":"https:\/\/tugelapeople.com\/de\/wp-json\/wp\/v2\/users\/13"}],"replies":[{"embeddable":true,"href":"https:\/\/tugelapeople.com\/de\/wp-json\/wp\/v2\/comments?post=7204"}],"version-history":[{"count":5,"href":"https:\/\/tugelapeople.com\/de\/wp-json\/wp\/v2\/pages\/7204\/revisions"}],"predecessor-version":[{"id":7635,"href":"https:\/\/tugelapeople.com\/de\/wp-json\/wp\/v2\/pages\/7204\/revisions\/7635"}],"up":[{"embeddable":true,"href":"https:\/\/tugelapeople.com\/de\/wp-json\/wp\/v2\/pages\/7203"}],"wp:featuredmedia":[{"embeddable":true,"href":"https:\/\/tugelapeople.com\/de\/wp-json\/wp\/v2\/media\/6599"}],"wp:attachment":[{"href":"https:\/\/tugelapeople.com\/de\/wp-json\/wp\/v2\/media?parent=7204"}],"wp:term":[{"taxonomy":"services","embeddable":true,"href":"https:\/\/tugelapeople.com\/de\/wp-json\/wp\/v2\/services?post=7204"},{"taxonomy":"offices","embeddable":true,"href":"https:\/\/tugelapeople.com\/de\/wp-json\/wp\/v2\/offices?post=7204"}],"curies":[{"name":"wp","href":"https:\/\/api.w.org\/{rel}","templated":true}]}}