{"id":7203,"date":"2023-10-05T08:59:01","date_gmt":"2023-10-05T08:59:01","guid":{"rendered":"https:\/\/tugelapeople.com\/systemoptimierung\/"},"modified":"2024-03-22T13:19:39","modified_gmt":"2024-03-22T13:19:39","slug":"systemoptimierung","status":"publish","type":"page","link":"https:\/\/tugelapeople.com\/de\/systemoptimierung\/","title":{"rendered":"Systemoptimierung"},"content":{"rendered":"<p>Die Gesch\u00e4ftswelt steht nie still, sie ver\u00e4ndert sich stetig. Um darin die Nase vorn zu haben, bedarf es nicht nur Innovation, sondern auch der effizienten Nutzung vorhandener Ressourcen. An dieser Stelle kommt die Systemoptimierung ins Spiel. Sie ist f\u00fcr Unternehmen, die ihre betriebliche Effizienz und Effektivit\u00e4t steigern wollen, ein strategisches Muss. Bei der Systemoptimierung handelt es sich um einen transformativen Prozess, der die Verbesserung bestehender Systemfunktionen und die nahtlose Integration anderer verwandter Systeme umfasst. Durch die Rationalisierung von Prozessen, die Optimierung der Ressourcenzuweisung und die Verbesserung der Gesamteffizienz bef\u00e4higen wir Personalverantwortliche, sich in dieser sich st\u00e4ndig weiterentwickelnden Welt des Personalmanagements zu behaupten. Entdecken Sie neue M\u00f6glichkeiten und holen Sie mehr aus Ihrer Personalverwaltung heraus \u2013 mit unserer Expertise in der Nutzung von optimierten und ressourceneffizienten Systemen<strong>.<\/strong><\/p>\n<h2><strong>Unser umfassendes Serviceangebot:<\/strong><\/h2>\n<h3 style=\"padding-left: 40px;\"><strong>Systemintegration<\/strong><\/h3>\n<p style=\"padding-left: 40px;\">In der modernen Unternehmenslandschaft ist unsere Abh\u00e4ngigkeit von Prozessen, Systemen und Anwendungen erheblich gewachsen. Je vielf\u00e4ltiger und verstreuter diese Elemente sind, desto gr\u00f6\u00dfer ist die Herausforderung, genau zum richtigen Zeitpunkt und an der richtigen Stelle auf relevante Daten zuzugreifen. Diese zunehmende Komplexit\u00e4t, die durch Faktoren wie sich ver\u00e4ndernde Gesch\u00e4ftsanforderungen, technologische Innovationen und gesetzliche Vorschriften weiter erh\u00f6ht wird, verdeutlicht die Notwendigkeit der Systemintegration.<\/p>\n<p style=\"padding-left: 40px;\">Die nahtlose Integration unterschiedlicher Systeme in Ihrem Unternehmen ist oft der Schl\u00fcssel zu bisher unerreichter Effizienz und Effektivit\u00e4t. Unsere Serviceleistungen in diesem Bereich sind darauf ausgerichtet, Abl\u00e4ufe zu optimieren, indem sie differente Prozesse, Systeme und Anwendungen harmonisch miteinander verkn\u00fcpfen. Dadurch werden nicht nur Datensilos beseitigt, sondern auch die Entscheidungsfindung, die Produktivit\u00e4t und die allgemeine Benutzerfreundlichkeit verbessert.<\/p>\n<p style=\"padding-left: 40px;\"><a href=\"https:\/\/tugelapeople.com\/de\/systemoptimierung\/service-zur-systemintegration\/\"><em>Hier erfahren Sie mehr \u00fcber unsere Serviceleistungen zur Systemintegration<\/em><\/a><\/p>\n<p>In der sich st\u00e4ndig weiterentwickelnden Unternehmenswelt ist Systemoptimierung nicht nur eine Strategie, sondern eine Notwendigkeit. Unser sorgf\u00e4ltig zusammengestelltes Serviceangebot unterst\u00fctzt Ihr Unternehmen dabei, das volle Potenzial seiner Technologien und Prozesse auszusch\u00f6pfen, um in einem dynamischen und wettbewerbsorientierten Markt erfolgreich zu sein.<\/p>\n<h2>Sie w\u00fcnschen sich weitere Informationen?<\/h2>\n<p>Dann rufen Sie uns gerne an unter <a href=\"tel:01908030360\">+44(0)1908 030360<\/a>\u00a0oder schreiben Sie eine E-Mail an\u00a0\u00a0<a href=\"mailto:info@tugelapeople.com\"><strong>info@tugelapeople.com<\/strong><\/a>, um mehr \u00fcber unsere Serviceleistungen zur Systemoptimierung zu erfahren und Ihre Anforderungen zu besprechen. Alternativ k\u00f6nnen Sie auch gerne das Formular \u201e<a href=\"https:\/\/tugelapeople.com\/de\/kontakt\/kontakt-aufnehmen\/\" data-trigger=\"popup\">Kontakt aufnehmen<\/a>\u201c ausf\u00fcllen. Ein Mitglied unseres Teams wird sich dann mit Ihnen in Verbindung setzen.<\/p>\n<p>&nbsp;<\/p>\n<p>&nbsp;<\/p>\n","protected":false},"excerpt":{"rendered":"<p>Die Gesch\u00e4ftswelt steht nie still, sie ver\u00e4ndert sich stetig. Um darin die Nase vorn zu haben, bedarf es nicht nur Innovation, sondern auch der effizienten Nutzung vorhandener Ressourcen. An dieser&#8230;<\/p>\n","protected":false},"author":13,"featured_media":0,"parent":0,"menu_order":30,"comment_status":"closed","ping_status":"closed","template":"","meta":{"_acf_changed":false,"content-type":"","footnotes":""},"services":[],"offices":[],"class_list":["post-7203","page","type-page","status-publish","hentry","pagetype-service"],"acf":[],"yoast_head":"<!-- This site is optimized with the Yoast SEO plugin v26.8 - https:\/\/yoast.com\/product\/yoast-seo-wordpress\/ -->\n<title>Systemoptimierung - Tugela People<\/title>\n<meta name=\"description\" content=\"Verbessern Sie die operative Effizienz durch Optimierung bestehender Systemfunktionen und nahtlose Integration verwandter Systeme. Erfahren Sie mehr.\" \/>\n<meta name=\"robots\" content=\"index, follow, max-snippet:-1, max-image-preview:large, max-video-preview:-1\" \/>\n<link rel=\"canonical\" href=\"https:\/\/tugelapeople.com\/system-optimisation\/\" \/>\n<meta property=\"og:locale\" content=\"en_GB\" \/>\n<meta property=\"og:type\" content=\"article\" \/>\n<meta property=\"og:title\" content=\"Systemoptimierung - Tugela People\" \/>\n<meta property=\"og:description\" content=\"Verbessern Sie die operative Effizienz durch Optimierung bestehender Systemfunktionen und nahtlose Integration verwandter Systeme. Erfahren Sie mehr.\" \/>\n<meta property=\"og:url\" content=\"https:\/\/tugelapeople.com\/system-optimisation\/\" \/>\n<meta property=\"og:site_name\" content=\"Tugela People\" \/>\n<meta property=\"article:modified_time\" content=\"2024-03-22T13:19:39+00:00\" \/>\n<meta name=\"twitter:card\" content=\"summary_large_image\" \/>\n<script type=\"application\/ld+json\" class=\"yoast-schema-graph\">{\"@context\":\"https:\/\/schema.org\",\"@graph\":[{\"@type\":\"WebPage\",\"@id\":\"https:\/\/tugelapeople.com\/system-optimisation\/\",\"url\":\"https:\/\/tugelapeople.com\/system-optimisation\/\",\"name\":\"Systemoptimierung - Tugela People\",\"isPartOf\":{\"@id\":\"https:\/\/tugelapeople.com\/#website\"},\"datePublished\":\"2023-10-05T08:59:01+00:00\",\"dateModified\":\"2024-03-22T13:19:39+00:00\",\"description\":\"Verbessern Sie die operative Effizienz durch Optimierung bestehender Systemfunktionen und nahtlose Integration verwandter Systeme. Erfahren Sie mehr.\",\"breadcrumb\":{\"@id\":\"https:\/\/tugelapeople.com\/system-optimisation\/#breadcrumb\"},\"inLanguage\":\"en-GB\",\"potentialAction\":[{\"@type\":\"ReadAction\",\"target\":[\"https:\/\/tugelapeople.com\/system-optimisation\/\"]}]},{\"@type\":\"BreadcrumbList\",\"@id\":\"https:\/\/tugelapeople.com\/system-optimisation\/#breadcrumb\",\"itemListElement\":[{\"@type\":\"ListItem\",\"position\":1,\"name\":\"Home\",\"item\":\"https:\/\/tugelapeople.com\/\"},{\"@type\":\"ListItem\",\"position\":2,\"name\":\"Systemoptimierung\"}]},{\"@type\":\"WebSite\",\"@id\":\"https:\/\/tugelapeople.com\/#website\",\"url\":\"https:\/\/tugelapeople.com\/\",\"name\":\"Tugela People\",\"description\":\"\",\"inLanguage\":\"en-GB\"}]}<\/script>\n<!-- \/ Yoast SEO plugin. -->","yoast_head_json":{"title":"Systemoptimierung - Tugela People","description":"Verbessern Sie die operative Effizienz durch Optimierung bestehender Systemfunktionen und nahtlose Integration verwandter Systeme. Erfahren Sie mehr.","robots":{"index":"index","follow":"follow","max-snippet":"max-snippet:-1","max-image-preview":"max-image-preview:large","max-video-preview":"max-video-preview:-1"},"canonical":"https:\/\/tugelapeople.com\/system-optimisation\/","og_locale":"en_GB","og_type":"article","og_title":"Systemoptimierung - Tugela People","og_description":"Verbessern Sie die operative Effizienz durch Optimierung bestehender Systemfunktionen und nahtlose Integration verwandter Systeme. Erfahren Sie mehr.","og_url":"https:\/\/tugelapeople.com\/system-optimisation\/","og_site_name":"Tugela People","article_modified_time":"2024-03-22T13:19:39+00:00","twitter_card":"summary_large_image","schema":{"@context":"https:\/\/schema.org","@graph":[{"@type":"WebPage","@id":"https:\/\/tugelapeople.com\/system-optimisation\/","url":"https:\/\/tugelapeople.com\/system-optimisation\/","name":"Systemoptimierung - Tugela People","isPartOf":{"@id":"https:\/\/tugelapeople.com\/#website"},"datePublished":"2023-10-05T08:59:01+00:00","dateModified":"2024-03-22T13:19:39+00:00","description":"Verbessern Sie die operative Effizienz durch Optimierung bestehender Systemfunktionen und nahtlose Integration verwandter Systeme. Erfahren Sie mehr.","breadcrumb":{"@id":"https:\/\/tugelapeople.com\/system-optimisation\/#breadcrumb"},"inLanguage":"en-GB","potentialAction":[{"@type":"ReadAction","target":["https:\/\/tugelapeople.com\/system-optimisation\/"]}]},{"@type":"BreadcrumbList","@id":"https:\/\/tugelapeople.com\/system-optimisation\/#breadcrumb","itemListElement":[{"@type":"ListItem","position":1,"name":"Home","item":"https:\/\/tugelapeople.com\/"},{"@type":"ListItem","position":2,"name":"Systemoptimierung"}]},{"@type":"WebSite","@id":"https:\/\/tugelapeople.com\/#website","url":"https:\/\/tugelapeople.com\/","name":"Tugela People","description":"","inLanguage":"en-GB"}]}},"_links":{"self":[{"href":"https:\/\/tugelapeople.com\/de\/wp-json\/wp\/v2\/pages\/7203","targetHints":{"allow":["GET"]}}],"collection":[{"href":"https:\/\/tugelapeople.com\/de\/wp-json\/wp\/v2\/pages"}],"about":[{"href":"https:\/\/tugelapeople.com\/de\/wp-json\/wp\/v2\/types\/page"}],"author":[{"embeddable":true,"href":"https:\/\/tugelapeople.com\/de\/wp-json\/wp\/v2\/users\/13"}],"replies":[{"embeddable":true,"href":"https:\/\/tugelapeople.com\/de\/wp-json\/wp\/v2\/comments?post=7203"}],"version-history":[{"count":3,"href":"https:\/\/tugelapeople.com\/de\/wp-json\/wp\/v2\/pages\/7203\/revisions"}],"predecessor-version":[{"id":7383,"href":"https:\/\/tugelapeople.com\/de\/wp-json\/wp\/v2\/pages\/7203\/revisions\/7383"}],"wp:attachment":[{"href":"https:\/\/tugelapeople.com\/de\/wp-json\/wp\/v2\/media?parent=7203"}],"wp:term":[{"taxonomy":"services","embeddable":true,"href":"https:\/\/tugelapeople.com\/de\/wp-json\/wp\/v2\/services?post=7203"},{"taxonomy":"offices","embeddable":true,"href":"https:\/\/tugelapeople.com\/de\/wp-json\/wp\/v2\/offices?post=7203"}],"curies":[{"name":"wp","href":"https:\/\/api.w.org\/{rel}","templated":true}]}}