{"id":7202,"date":"2021-01-12T16:37:00","date_gmt":"2021-01-12T16:37:00","guid":{"rendered":"https:\/\/tugelapeople.com\/knowledge-hub\/leitfaden\/"},"modified":"2024-02-21T13:01:37","modified_gmt":"2024-02-21T13:01:37","slug":"leitfaeden","status":"publish","type":"page","link":"https:\/\/tugelapeople.com\/de\/knowledge-hub\/leitfaeden\/","title":{"rendered":"Leitf\u00e4den"},"content":{"rendered":"<p>Als Spezialisten f\u00fcr Personaltechnologie mit fundiertem technischem Fachwissen und Branchenkenntnissen sind wir bestrebt, bei der Entwicklung von mitarbeiterorientierten, cloudbasierten HR- und Payroll-L\u00f6sungen immer auf dem neuesten Stand zu sein. Dieses Wissen m\u00f6chten wir nat\u00fcrlich mit Ihnen teilen.<\/p>\n<p>Deshalb haben wir Leitf\u00e4den zu verschiedenen Themen erstellt, auf die Sie \u00fcber die entsprechenden Links im Men\u00fc auf der rechten Seite Zugriff haben.<\/p>\n<p>Wenn Sie weitere Informationen ben\u00f6tigen oder die in unseren Leitf\u00e4den vorgestellten Themen besprechen m\u00f6chten, kontaktieren Sie uns bitte unter <a href=\"tel:01908030360\">+44(0)1908 030360<\/a> oder per E-Mail an\u00a0<a href=\"mailto:info@tugelapeople.com\"><strong>info@tugelapeople.com<\/strong><\/a>. Alternativ k\u00f6nnen Sie auch gerne das Formular \u201e<a href=\"https:\/\/tugelapeople.com\/de\/kontakt\/kontakt-aufnehmen\/\" data-trigger=\"popup\">Kontakt aufnehmen<\/a>\u201c ausf\u00fcllen. Ein Mitglied unseres Teams wird sich dann mit Ihnen in Verbindung setzen.<\/p>\n","protected":false},"excerpt":{"rendered":"<p>Als Spezialisten f\u00fcr Personaltechnologie mit fundiertem technischem Fachwissen und Branchenkenntnissen sind wir bestrebt, bei der Entwicklung von mitarbeiterorientierten, cloudbasierten HR- und Payroll-L\u00f6sungen immer auf dem neuesten Stand zu sein. Dieses&#8230;<\/p>\n","protected":false},"author":13,"featured_media":0,"parent":7199,"menu_order":28,"comment_status":"closed","ping_status":"closed","template":"","meta":{"_acf_changed":false,"content-type":"","footnotes":""},"services":[],"offices":[],"class_list":["post-7202","page","type-page","status-publish","hentry"],"acf":[],"yoast_head":"<!-- This site is optimized with the Yoast SEO plugin v26.8 - https:\/\/yoast.com\/product\/yoast-seo-wordpress\/ -->\n<title>Leitf\u00e4den - Tugela People<\/title>\n<meta name=\"description\" content=\"Wir bem\u00fchen uns, an der Spitze der Entwicklung von HR-bezogenen Systemen zu bleiben. Hier finden Sie unsere Leitf\u00e4den. Erfahren Sie mehr.\" \/>\n<meta name=\"robots\" content=\"index, follow, max-snippet:-1, max-image-preview:large, max-video-preview:-1\" \/>\n<link rel=\"canonical\" href=\"https:\/\/tugelapeople.com\/knowledge-hub\/guides\/\" \/>\n<meta property=\"og:locale\" content=\"en_GB\" \/>\n<meta property=\"og:type\" content=\"article\" \/>\n<meta property=\"og:title\" content=\"Leitf\u00e4den - Tugela People\" \/>\n<meta property=\"og:description\" content=\"Wir bem\u00fchen uns, an der Spitze der Entwicklung von HR-bezogenen Systemen zu bleiben. Hier finden Sie unsere Leitf\u00e4den. Erfahren Sie mehr.\" \/>\n<meta property=\"og:url\" content=\"https:\/\/tugelapeople.com\/knowledge-hub\/guides\/\" \/>\n<meta property=\"og:site_name\" content=\"Tugela People\" \/>\n<meta property=\"article:modified_time\" content=\"2024-02-21T13:01:37+00:00\" \/>\n<meta name=\"twitter:card\" content=\"summary_large_image\" \/>\n<script type=\"application\/ld+json\" class=\"yoast-schema-graph\">{\"@context\":\"https:\/\/schema.org\",\"@graph\":[{\"@type\":\"WebPage\",\"@id\":\"https:\/\/tugelapeople.com\/knowledge-hub\/guides\/\",\"url\":\"https:\/\/tugelapeople.com\/knowledge-hub\/guides\/\",\"name\":\"Leitf\u00e4den - Tugela People\",\"isPartOf\":{\"@id\":\"https:\/\/tugelapeople.com\/#website\"},\"datePublished\":\"2021-01-12T16:37:00+00:00\",\"dateModified\":\"2024-02-21T13:01:37+00:00\",\"description\":\"Wir bem\u00fchen uns, an der Spitze der Entwicklung von HR-bezogenen Systemen zu bleiben. Hier finden Sie unsere Leitf\u00e4den. Erfahren Sie mehr.\",\"breadcrumb\":{\"@id\":\"https:\/\/tugelapeople.com\/knowledge-hub\/guides\/#breadcrumb\"},\"inLanguage\":\"en-GB\",\"potentialAction\":[{\"@type\":\"ReadAction\",\"target\":[\"https:\/\/tugelapeople.com\/knowledge-hub\/guides\/\"]}]},{\"@type\":\"BreadcrumbList\",\"@id\":\"https:\/\/tugelapeople.com\/knowledge-hub\/guides\/#breadcrumb\",\"itemListElement\":[{\"@type\":\"ListItem\",\"position\":1,\"name\":\"Home\",\"item\":\"https:\/\/tugelapeople.com\/\"},{\"@type\":\"ListItem\",\"position\":2,\"name\":\"Knowledge Hub\",\"item\":\"https:\/\/tugelapeople.com\/knowledge-hub\/\"},{\"@type\":\"ListItem\",\"position\":3,\"name\":\"Leitf\u00e4den\"}]},{\"@type\":\"WebSite\",\"@id\":\"https:\/\/tugelapeople.com\/#website\",\"url\":\"https:\/\/tugelapeople.com\/\",\"name\":\"Tugela People\",\"description\":\"\",\"inLanguage\":\"en-GB\"}]}<\/script>\n<!-- \/ Yoast SEO plugin. -->","yoast_head_json":{"title":"Leitf\u00e4den - Tugela People","description":"Wir bem\u00fchen uns, an der Spitze der Entwicklung von HR-bezogenen Systemen zu bleiben. Hier finden Sie unsere Leitf\u00e4den. Erfahren Sie mehr.","robots":{"index":"index","follow":"follow","max-snippet":"max-snippet:-1","max-image-preview":"max-image-preview:large","max-video-preview":"max-video-preview:-1"},"canonical":"https:\/\/tugelapeople.com\/knowledge-hub\/guides\/","og_locale":"en_GB","og_type":"article","og_title":"Leitf\u00e4den - Tugela People","og_description":"Wir bem\u00fchen uns, an der Spitze der Entwicklung von HR-bezogenen Systemen zu bleiben. Hier finden Sie unsere Leitf\u00e4den. Erfahren Sie mehr.","og_url":"https:\/\/tugelapeople.com\/knowledge-hub\/guides\/","og_site_name":"Tugela People","article_modified_time":"2024-02-21T13:01:37+00:00","twitter_card":"summary_large_image","schema":{"@context":"https:\/\/schema.org","@graph":[{"@type":"WebPage","@id":"https:\/\/tugelapeople.com\/knowledge-hub\/guides\/","url":"https:\/\/tugelapeople.com\/knowledge-hub\/guides\/","name":"Leitf\u00e4den - Tugela People","isPartOf":{"@id":"https:\/\/tugelapeople.com\/#website"},"datePublished":"2021-01-12T16:37:00+00:00","dateModified":"2024-02-21T13:01:37+00:00","description":"Wir bem\u00fchen uns, an der Spitze der Entwicklung von HR-bezogenen Systemen zu bleiben. Hier finden Sie unsere Leitf\u00e4den. Erfahren Sie mehr.","breadcrumb":{"@id":"https:\/\/tugelapeople.com\/knowledge-hub\/guides\/#breadcrumb"},"inLanguage":"en-GB","potentialAction":[{"@type":"ReadAction","target":["https:\/\/tugelapeople.com\/knowledge-hub\/guides\/"]}]},{"@type":"BreadcrumbList","@id":"https:\/\/tugelapeople.com\/knowledge-hub\/guides\/#breadcrumb","itemListElement":[{"@type":"ListItem","position":1,"name":"Home","item":"https:\/\/tugelapeople.com\/"},{"@type":"ListItem","position":2,"name":"Knowledge Hub","item":"https:\/\/tugelapeople.com\/knowledge-hub\/"},{"@type":"ListItem","position":3,"name":"Leitf\u00e4den"}]},{"@type":"WebSite","@id":"https:\/\/tugelapeople.com\/#website","url":"https:\/\/tugelapeople.com\/","name":"Tugela People","description":"","inLanguage":"en-GB"}]}},"_links":{"self":[{"href":"https:\/\/tugelapeople.com\/de\/wp-json\/wp\/v2\/pages\/7202","targetHints":{"allow":["GET"]}}],"collection":[{"href":"https:\/\/tugelapeople.com\/de\/wp-json\/wp\/v2\/pages"}],"about":[{"href":"https:\/\/tugelapeople.com\/de\/wp-json\/wp\/v2\/types\/page"}],"author":[{"embeddable":true,"href":"https:\/\/tugelapeople.com\/de\/wp-json\/wp\/v2\/users\/13"}],"replies":[{"embeddable":true,"href":"https:\/\/tugelapeople.com\/de\/wp-json\/wp\/v2\/comments?post=7202"}],"version-history":[{"count":1,"href":"https:\/\/tugelapeople.com\/de\/wp-json\/wp\/v2\/pages\/7202\/revisions"}],"predecessor-version":[{"id":7335,"href":"https:\/\/tugelapeople.com\/de\/wp-json\/wp\/v2\/pages\/7202\/revisions\/7335"}],"up":[{"embeddable":true,"href":"https:\/\/tugelapeople.com\/de\/wp-json\/wp\/v2\/pages\/7199"}],"wp:attachment":[{"href":"https:\/\/tugelapeople.com\/de\/wp-json\/wp\/v2\/media?parent=7202"}],"wp:term":[{"taxonomy":"services","embeddable":true,"href":"https:\/\/tugelapeople.com\/de\/wp-json\/wp\/v2\/services?post=7202"},{"taxonomy":"offices","embeddable":true,"href":"https:\/\/tugelapeople.com\/de\/wp-json\/wp\/v2\/offices?post=7202"}],"curies":[{"name":"wp","href":"https:\/\/api.w.org\/{rel}","templated":true}]}}