{"id":7200,"date":"2021-01-12T16:36:40","date_gmt":"2021-01-12T16:36:40","guid":{"rendered":"https:\/\/tugelapeople.com\/knowledge-hub\/webinare\/"},"modified":"2024-03-22T14:47:23","modified_gmt":"2024-03-22T14:47:23","slug":"webinare","status":"publish","type":"page","link":"https:\/\/tugelapeople.com\/de\/knowledge-hub\/webinare\/","title":{"rendered":"Webinare"},"content":{"rendered":"<p>Willkommen in unserem Webinar Hub! Das ist Ihr Tor zur dynamischen Welt der HR- und Payroll-Technologien und all dem spannenden Wissen, das sich dahinter verbirgt.<\/p>\n<p>Unsere Webinare werden von Fachleuten und Vordenkern der Branche veranstaltet und behandeln verschiedene Themen, die die Gegenwart und Zukunft des Personalmanagements und der Lohnbuchhaltung bestimmen. Ihre Entdeckungsreise beginnt mit den Links im Men\u00fc auf der rechten Seite. Dort erwarten Sie die Tools, die Sie zur Ergr\u00fcndung moderner Personall\u00f6sungen ben\u00f6tigen.<\/p>\n<p>Wenn Sie weitere Informationen w\u00fcnschen oder die in unseren Webinaren vorgestellten Themen besprechen m\u00f6chten, kontaktieren Sie uns bitte unter\u00a0<a href=\"tel:01908030360\">+44(0)1908 030360<\/a> oder per E-Mail an\u00a0<a href=\"mailto:info@tugelapeople.com\"><strong>info@tugelapeople.com<\/strong><\/a>. Alternativ k\u00f6nnen Sie auch gerne das Formular \u201e<a href=\"https:\/\/tugelapeople.com\/de\/kontakt\/kontakt-aufnehmen\/\" data-trigger=\"popup\">Kontakt aufnehmen<\/a>\u201c ausf\u00fcllen. Ein Mitglied unseres Teams wird sich dann mit Ihnen in Verbindung setzen.<\/p>\n<h2><\/h2>\n","protected":false},"excerpt":{"rendered":"<p>Willkommen in unserem Webinar Hub! Das ist Ihr Tor zur dynamischen Welt der HR- und Payroll-Technologien und all dem spannenden Wissen, das sich dahinter verbirgt. Unsere Webinare werden von Fachleuten&#8230;<\/p>\n","protected":false},"author":13,"featured_media":6599,"parent":7199,"menu_order":27,"comment_status":"closed","ping_status":"closed","template":"","meta":{"_acf_changed":false,"content-type":"","footnotes":""},"services":[],"offices":[],"class_list":["post-7200","page","type-page","status-publish","has-post-thumbnail","hentry"],"acf":[],"yoast_head":"<!-- This site is optimized with the Yoast SEO plugin v26.8 - https:\/\/yoast.com\/product\/yoast-seo-wordpress\/ -->\n<title>Webinare - Tugela People<\/title>\n<meta name=\"description\" content=\"Greifen Sie auf die neuesten Webinare von Tugela People zu, um mehr \u00fcber mitarbeiterorientierte L\u00f6sungen zur Personalverwaltung zu erfahren.\" \/>\n<meta name=\"robots\" content=\"index, follow, max-snippet:-1, max-image-preview:large, max-video-preview:-1\" \/>\n<link rel=\"canonical\" href=\"https:\/\/tugelapeople.com\/knowledge-hub\/webinars\/\" \/>\n<meta property=\"og:locale\" content=\"en_GB\" \/>\n<meta property=\"og:type\" content=\"article\" \/>\n<meta property=\"og:title\" content=\"Webinare - Tugela People\" \/>\n<meta property=\"og:description\" content=\"Greifen Sie auf die neuesten Webinare von Tugela People zu, um mehr \u00fcber mitarbeiterorientierte L\u00f6sungen zur Personalverwaltung zu erfahren.\" \/>\n<meta property=\"og:url\" content=\"https:\/\/tugelapeople.com\/knowledge-hub\/webinars\/\" \/>\n<meta property=\"og:site_name\" content=\"Tugela People\" \/>\n<meta property=\"article:modified_time\" content=\"2024-03-22T14:47:23+00:00\" \/>\n<meta property=\"og:image\" content=\"https:\/\/tugelapeople.com\/wp-content\/uploads\/home-banner-2.jpg\" \/>\n\t<meta property=\"og:image:width\" content=\"2000\" \/>\n\t<meta property=\"og:image:height\" content=\"613\" \/>\n\t<meta property=\"og:image:type\" content=\"image\/jpeg\" \/>\n<meta name=\"twitter:card\" content=\"summary_large_image\" \/>\n<script type=\"application\/ld+json\" class=\"yoast-schema-graph\">{\"@context\":\"https:\/\/schema.org\",\"@graph\":[{\"@type\":\"WebPage\",\"@id\":\"https:\/\/tugelapeople.com\/knowledge-hub\/webinars\/\",\"url\":\"https:\/\/tugelapeople.com\/knowledge-hub\/webinars\/\",\"name\":\"Webinare - Tugela People\",\"isPartOf\":{\"@id\":\"https:\/\/tugelapeople.com\/#website\"},\"primaryImageOfPage\":{\"@id\":\"https:\/\/tugelapeople.com\/knowledge-hub\/webinars\/#primaryimage\"},\"image\":{\"@id\":\"https:\/\/tugelapeople.com\/knowledge-hub\/webinars\/#primaryimage\"},\"thumbnailUrl\":\"https:\/\/tugelapeople.com\/wp-content\/uploads\/home-banner-2.jpg\",\"datePublished\":\"2021-01-12T16:36:40+00:00\",\"dateModified\":\"2024-03-22T14:47:23+00:00\",\"description\":\"Greifen Sie auf die neuesten Webinare von Tugela People zu, um mehr \u00fcber mitarbeiterorientierte L\u00f6sungen zur Personalverwaltung zu erfahren.\",\"breadcrumb\":{\"@id\":\"https:\/\/tugelapeople.com\/knowledge-hub\/webinars\/#breadcrumb\"},\"inLanguage\":\"en-GB\",\"potentialAction\":[{\"@type\":\"ReadAction\",\"target\":[\"https:\/\/tugelapeople.com\/knowledge-hub\/webinars\/\"]}]},{\"@type\":\"ImageObject\",\"inLanguage\":\"en-GB\",\"@id\":\"https:\/\/tugelapeople.com\/knowledge-hub\/webinars\/#primaryimage\",\"url\":\"https:\/\/tugelapeople.com\/wp-content\/uploads\/home-banner-2.jpg\",\"contentUrl\":\"https:\/\/tugelapeople.com\/wp-content\/uploads\/home-banner-2.jpg\",\"width\":2000,\"height\":613},{\"@type\":\"BreadcrumbList\",\"@id\":\"https:\/\/tugelapeople.com\/knowledge-hub\/webinars\/#breadcrumb\",\"itemListElement\":[{\"@type\":\"ListItem\",\"position\":1,\"name\":\"Home\",\"item\":\"https:\/\/tugelapeople.com\/\"},{\"@type\":\"ListItem\",\"position\":2,\"name\":\"Knowledge Hub\",\"item\":\"https:\/\/tugelapeople.com\/knowledge-hub\/\"},{\"@type\":\"ListItem\",\"position\":3,\"name\":\"Webinare\"}]},{\"@type\":\"WebSite\",\"@id\":\"https:\/\/tugelapeople.com\/#website\",\"url\":\"https:\/\/tugelapeople.com\/\",\"name\":\"Tugela People\",\"description\":\"\",\"inLanguage\":\"en-GB\"}]}<\/script>\n<!-- \/ Yoast SEO plugin. -->","yoast_head_json":{"title":"Webinare - Tugela People","description":"Greifen Sie auf die neuesten Webinare von Tugela People zu, um mehr \u00fcber mitarbeiterorientierte L\u00f6sungen zur Personalverwaltung zu erfahren.","robots":{"index":"index","follow":"follow","max-snippet":"max-snippet:-1","max-image-preview":"max-image-preview:large","max-video-preview":"max-video-preview:-1"},"canonical":"https:\/\/tugelapeople.com\/knowledge-hub\/webinars\/","og_locale":"en_GB","og_type":"article","og_title":"Webinare - Tugela People","og_description":"Greifen Sie auf die neuesten Webinare von Tugela People zu, um mehr \u00fcber mitarbeiterorientierte L\u00f6sungen zur Personalverwaltung zu erfahren.","og_url":"https:\/\/tugelapeople.com\/knowledge-hub\/webinars\/","og_site_name":"Tugela People","article_modified_time":"2024-03-22T14:47:23+00:00","og_image":[{"width":2000,"height":613,"url":"https:\/\/tugelapeople.com\/wp-content\/uploads\/home-banner-2.jpg","type":"image\/jpeg"}],"twitter_card":"summary_large_image","schema":{"@context":"https:\/\/schema.org","@graph":[{"@type":"WebPage","@id":"https:\/\/tugelapeople.com\/knowledge-hub\/webinars\/","url":"https:\/\/tugelapeople.com\/knowledge-hub\/webinars\/","name":"Webinare - Tugela People","isPartOf":{"@id":"https:\/\/tugelapeople.com\/#website"},"primaryImageOfPage":{"@id":"https:\/\/tugelapeople.com\/knowledge-hub\/webinars\/#primaryimage"},"image":{"@id":"https:\/\/tugelapeople.com\/knowledge-hub\/webinars\/#primaryimage"},"thumbnailUrl":"https:\/\/tugelapeople.com\/wp-content\/uploads\/home-banner-2.jpg","datePublished":"2021-01-12T16:36:40+00:00","dateModified":"2024-03-22T14:47:23+00:00","description":"Greifen Sie auf die neuesten Webinare von Tugela People zu, um mehr \u00fcber mitarbeiterorientierte L\u00f6sungen zur Personalverwaltung zu erfahren.","breadcrumb":{"@id":"https:\/\/tugelapeople.com\/knowledge-hub\/webinars\/#breadcrumb"},"inLanguage":"en-GB","potentialAction":[{"@type":"ReadAction","target":["https:\/\/tugelapeople.com\/knowledge-hub\/webinars\/"]}]},{"@type":"ImageObject","inLanguage":"en-GB","@id":"https:\/\/tugelapeople.com\/knowledge-hub\/webinars\/#primaryimage","url":"https:\/\/tugelapeople.com\/wp-content\/uploads\/home-banner-2.jpg","contentUrl":"https:\/\/tugelapeople.com\/wp-content\/uploads\/home-banner-2.jpg","width":2000,"height":613},{"@type":"BreadcrumbList","@id":"https:\/\/tugelapeople.com\/knowledge-hub\/webinars\/#breadcrumb","itemListElement":[{"@type":"ListItem","position":1,"name":"Home","item":"https:\/\/tugelapeople.com\/"},{"@type":"ListItem","position":2,"name":"Knowledge Hub","item":"https:\/\/tugelapeople.com\/knowledge-hub\/"},{"@type":"ListItem","position":3,"name":"Webinare"}]},{"@type":"WebSite","@id":"https:\/\/tugelapeople.com\/#website","url":"https:\/\/tugelapeople.com\/","name":"Tugela People","description":"","inLanguage":"en-GB"}]}},"_links":{"self":[{"href":"https:\/\/tugelapeople.com\/de\/wp-json\/wp\/v2\/pages\/7200","targetHints":{"allow":["GET"]}}],"collection":[{"href":"https:\/\/tugelapeople.com\/de\/wp-json\/wp\/v2\/pages"}],"about":[{"href":"https:\/\/tugelapeople.com\/de\/wp-json\/wp\/v2\/types\/page"}],"author":[{"embeddable":true,"href":"https:\/\/tugelapeople.com\/de\/wp-json\/wp\/v2\/users\/13"}],"replies":[{"embeddable":true,"href":"https:\/\/tugelapeople.com\/de\/wp-json\/wp\/v2\/comments?post=7200"}],"version-history":[{"count":1,"href":"https:\/\/tugelapeople.com\/de\/wp-json\/wp\/v2\/pages\/7200\/revisions"}],"predecessor-version":[{"id":7334,"href":"https:\/\/tugelapeople.com\/de\/wp-json\/wp\/v2\/pages\/7200\/revisions\/7334"}],"up":[{"embeddable":true,"href":"https:\/\/tugelapeople.com\/de\/wp-json\/wp\/v2\/pages\/7199"}],"wp:featuredmedia":[{"embeddable":true,"href":"https:\/\/tugelapeople.com\/de\/wp-json\/wp\/v2\/media\/6599"}],"wp:attachment":[{"href":"https:\/\/tugelapeople.com\/de\/wp-json\/wp\/v2\/media?parent=7200"}],"wp:term":[{"taxonomy":"services","embeddable":true,"href":"https:\/\/tugelapeople.com\/de\/wp-json\/wp\/v2\/services?post=7200"},{"taxonomy":"offices","embeddable":true,"href":"https:\/\/tugelapeople.com\/de\/wp-json\/wp\/v2\/offices?post=7200"}],"curies":[{"name":"wp","href":"https:\/\/api.w.org\/{rel}","templated":true}]}}