{"id":7199,"date":"2020-12-17T12:54:11","date_gmt":"2020-12-17T12:54:11","guid":{"rendered":"https:\/\/tugelapeople.com\/knowledge-hub\/"},"modified":"2024-10-25T09:42:26","modified_gmt":"2024-10-25T09:42:26","slug":"knowledge-hub","status":"publish","type":"page","link":"https:\/\/tugelapeople.com\/de\/knowledge-hub\/","title":{"rendered":"Knowledge Hub"},"content":{"rendered":"<p>Als Spezialisten f\u00fcr Personaltechnologie mit fundiertem technischem Fachwissen sind wir bestrebt, bei der Entwicklung von mitarbeiterorientierten, cloudbasierten HR-L\u00f6sungen immer auf dem neuesten Stand zu sein. Dieses Wissen m\u00f6chten wir nat\u00fcrlich mit Ihnen teilen.<\/p>\n<p>In diesem Bereich unserer Website finden Sie Neuigkeiten \u00fcber uns, unsere Firma und unsere Branche.<\/p>\n<h3><\/h3>\n<p><strong>In unserem Newsletter erfahren Sie von neuesten Blogbeitr\u00e4gen, Leitf\u00e4den und Fallbeispielen. Um diesen zu abonnieren, f\u00fcllen Sie bitte das untenstehende Formular aus.<\/strong><br \/>\n\n\t\t\t\t\t\t<script>\n\t\t\t\t\t\t\twindow.hsFormsOnReady = window.hsFormsOnReady || [];\n\t\t\t\t\t\t\twindow.hsFormsOnReady.push(()=>{\n\t\t\t\t\t\t\t\thbspt.forms.create({\n\t\t\t\t\t\t\t\t\tportalId: 144460911,\n\t\t\t\t\t\t\t\t\tformId: \"72d346fe-64b8-4320-aa7d-e4b0db702483\",\n\t\t\t\t\t\t\t\t\ttarget: \"#hbspt-form-1777816445000-0106243463\",\n\t\t\t\t\t\t\t\t\tregion: \"eu1\",\n\t\t\t\t\t\t\t\t\t\n\t\t\t\t\t\t\t})});\n\t\t\t\t\t\t<\/script>\n\t\t\t\t\t\t<div class=\"hbspt-form\" id=\"hbspt-form-1777816445000-0106243463\"><\/div><\/p>\n","protected":false},"excerpt":{"rendered":"<p>Als Spezialisten f\u00fcr Personaltechnologie mit fundiertem technischem Fachwissen sind wir bestrebt, bei der Entwicklung von mitarbeiterorientierten, cloudbasierten HR-L\u00f6sungen immer auf dem neuesten Stand zu sein. Dieses Wissen m\u00f6chten wir nat\u00fcrlich&#8230;<\/p>\n","protected":false},"author":13,"featured_media":0,"parent":0,"menu_order":35,"comment_status":"closed","ping_status":"closed","template":"","meta":{"_acf_changed":false,"content-type":"","footnotes":""},"services":[],"offices":[],"class_list":["post-7199","page","type-page","status-publish","hentry"],"acf":[],"yoast_head":"<!-- This site is optimized with the Yoast SEO plugin v26.8 - https:\/\/yoast.com\/product\/yoast-seo-wordpress\/ -->\n<title>Knowledge Hub | Tugela People<\/title>\n<meta name=\"description\" content=\"Sie m\u00f6chten in unserem Fachbereich auf dem neuesten Stand bleiben und von den Erkenntnissen unserer Experten erfahren? Lesen Sie mehr.\" \/>\n<meta name=\"robots\" content=\"index, follow, max-snippet:-1, max-image-preview:large, max-video-preview:-1\" \/>\n<link rel=\"canonical\" href=\"https:\/\/tugelapeople.com\/knowledge-hub\/\" \/>\n<meta property=\"og:locale\" content=\"en_GB\" \/>\n<meta property=\"og:type\" content=\"article\" \/>\n<meta property=\"og:title\" content=\"Knowledge Hub | Tugela People\" \/>\n<meta property=\"og:description\" content=\"Sie m\u00f6chten in unserem Fachbereich auf dem neuesten Stand bleiben und von den Erkenntnissen unserer Experten erfahren? Lesen Sie mehr.\" \/>\n<meta property=\"og:url\" content=\"https:\/\/tugelapeople.com\/knowledge-hub\/\" \/>\n<meta property=\"og:site_name\" content=\"Tugela People\" \/>\n<meta property=\"article:modified_time\" content=\"2024-10-25T09:42:26+00:00\" \/>\n<meta name=\"twitter:card\" content=\"summary_large_image\" \/>\n<script type=\"application\/ld+json\" class=\"yoast-schema-graph\">{\"@context\":\"https:\/\/schema.org\",\"@graph\":[{\"@type\":\"WebPage\",\"@id\":\"https:\/\/tugelapeople.com\/knowledge-hub\/\",\"url\":\"https:\/\/tugelapeople.com\/knowledge-hub\/\",\"name\":\"Knowledge Hub | Tugela People\",\"isPartOf\":{\"@id\":\"https:\/\/tugelapeople.com\/#website\"},\"datePublished\":\"2020-12-17T12:54:11+00:00\",\"dateModified\":\"2024-10-25T09:42:26+00:00\",\"description\":\"Sie m\u00f6chten in unserem Fachbereich auf dem neuesten Stand bleiben und von den Erkenntnissen unserer Experten erfahren? Lesen Sie mehr.\",\"breadcrumb\":{\"@id\":\"https:\/\/tugelapeople.com\/knowledge-hub\/#breadcrumb\"},\"inLanguage\":\"en-GB\",\"potentialAction\":[{\"@type\":\"ReadAction\",\"target\":[\"https:\/\/tugelapeople.com\/knowledge-hub\/\"]}]},{\"@type\":\"BreadcrumbList\",\"@id\":\"https:\/\/tugelapeople.com\/knowledge-hub\/#breadcrumb\",\"itemListElement\":[{\"@type\":\"ListItem\",\"position\":1,\"name\":\"Home\",\"item\":\"https:\/\/tugelapeople.com\/\"},{\"@type\":\"ListItem\",\"position\":2,\"name\":\"Knowledge Hub\"}]},{\"@type\":\"WebSite\",\"@id\":\"https:\/\/tugelapeople.com\/#website\",\"url\":\"https:\/\/tugelapeople.com\/\",\"name\":\"Tugela People\",\"description\":\"\",\"inLanguage\":\"en-GB\"}]}<\/script>\n<!-- \/ Yoast SEO plugin. -->","yoast_head_json":{"title":"Knowledge Hub | Tugela People","description":"Sie m\u00f6chten in unserem Fachbereich auf dem neuesten Stand bleiben und von den Erkenntnissen unserer Experten erfahren? Lesen Sie mehr.","robots":{"index":"index","follow":"follow","max-snippet":"max-snippet:-1","max-image-preview":"max-image-preview:large","max-video-preview":"max-video-preview:-1"},"canonical":"https:\/\/tugelapeople.com\/knowledge-hub\/","og_locale":"en_GB","og_type":"article","og_title":"Knowledge Hub | Tugela People","og_description":"Sie m\u00f6chten in unserem Fachbereich auf dem neuesten Stand bleiben und von den Erkenntnissen unserer Experten erfahren? Lesen Sie mehr.","og_url":"https:\/\/tugelapeople.com\/knowledge-hub\/","og_site_name":"Tugela People","article_modified_time":"2024-10-25T09:42:26+00:00","twitter_card":"summary_large_image","schema":{"@context":"https:\/\/schema.org","@graph":[{"@type":"WebPage","@id":"https:\/\/tugelapeople.com\/knowledge-hub\/","url":"https:\/\/tugelapeople.com\/knowledge-hub\/","name":"Knowledge Hub | Tugela People","isPartOf":{"@id":"https:\/\/tugelapeople.com\/#website"},"datePublished":"2020-12-17T12:54:11+00:00","dateModified":"2024-10-25T09:42:26+00:00","description":"Sie m\u00f6chten in unserem Fachbereich auf dem neuesten Stand bleiben und von den Erkenntnissen unserer Experten erfahren? Lesen Sie mehr.","breadcrumb":{"@id":"https:\/\/tugelapeople.com\/knowledge-hub\/#breadcrumb"},"inLanguage":"en-GB","potentialAction":[{"@type":"ReadAction","target":["https:\/\/tugelapeople.com\/knowledge-hub\/"]}]},{"@type":"BreadcrumbList","@id":"https:\/\/tugelapeople.com\/knowledge-hub\/#breadcrumb","itemListElement":[{"@type":"ListItem","position":1,"name":"Home","item":"https:\/\/tugelapeople.com\/"},{"@type":"ListItem","position":2,"name":"Knowledge Hub"}]},{"@type":"WebSite","@id":"https:\/\/tugelapeople.com\/#website","url":"https:\/\/tugelapeople.com\/","name":"Tugela People","description":"","inLanguage":"en-GB"}]}},"_links":{"self":[{"href":"https:\/\/tugelapeople.com\/de\/wp-json\/wp\/v2\/pages\/7199","targetHints":{"allow":["GET"]}}],"collection":[{"href":"https:\/\/tugelapeople.com\/de\/wp-json\/wp\/v2\/pages"}],"about":[{"href":"https:\/\/tugelapeople.com\/de\/wp-json\/wp\/v2\/types\/page"}],"author":[{"embeddable":true,"href":"https:\/\/tugelapeople.com\/de\/wp-json\/wp\/v2\/users\/13"}],"replies":[{"embeddable":true,"href":"https:\/\/tugelapeople.com\/de\/wp-json\/wp\/v2\/comments?post=7199"}],"version-history":[{"count":3,"href":"https:\/\/tugelapeople.com\/de\/wp-json\/wp\/v2\/pages\/7199\/revisions"}],"predecessor-version":[{"id":8259,"href":"https:\/\/tugelapeople.com\/de\/wp-json\/wp\/v2\/pages\/7199\/revisions\/8259"}],"wp:attachment":[{"href":"https:\/\/tugelapeople.com\/de\/wp-json\/wp\/v2\/media?parent=7199"}],"wp:term":[{"taxonomy":"services","embeddable":true,"href":"https:\/\/tugelapeople.com\/de\/wp-json\/wp\/v2\/services?post=7199"},{"taxonomy":"offices","embeddable":true,"href":"https:\/\/tugelapeople.com\/de\/wp-json\/wp\/v2\/offices?post=7199"}],"curies":[{"name":"wp","href":"https:\/\/api.w.org\/{rel}","templated":true}]}}