{"id":7172,"date":"2020-12-17T12:52:00","date_gmt":"2020-12-17T12:52:00","guid":{"rendered":"https:\/\/tugelapeople.com\/karriere\/"},"modified":"2024-02-21T13:10:35","modified_gmt":"2024-02-21T13:10:35","slug":"karriere","status":"publish","type":"page","link":"https:\/\/tugelapeople.com\/de\/karriere\/","title":{"rendered":"Karriere"},"content":{"rendered":"<p>Im Rahmen unseres kontinuierlichen Wachstums sind wir immer auf der Suche nach talentierten, ehrgeizigen und integren Mitarbeitenden, insbesondere Personalfachleuten, die die Flexibilit\u00e4t einer dynamischen HRIS-Beratung sch\u00e4tzen.<\/p>\n<p>Von unserem Hauptsitz in Milton Keynes in Buckinghamshire aus sind wir weltweit in einer Reihe von Branchen t\u00e4tig.<\/p>\n<h2>Arbeiten bei Tugela People<\/h2>\n<p>Wenn Sie einen proaktiven Ansatz und hohe Standards haben und an einer T\u00e4tigkeit bei Tugela People interessiert sind, bewerben Sie sich doch auf eine oder mehrere der unten aufgef\u00fchrten offenen Stellen. Teilen Sie uns bitte auch mit, warum Sie zu unserem Team geh\u00f6ren m\u00f6chten, und geben Sie Ihre einschl\u00e4gigen Erfahrungen an.<\/p>\n<p><iframe loading=\"lazy\" id=\"FairsailApplicantPortalIframe\" style=\"width: 800px; height: 660px; border: 0px; overflow: hidden; margin: 0 auto;\" src=\"https:\/\/tugelapeople.secure.force.com\/recruit\/\" width=\"300\" height=\"150\" scrolling=\"yes\"><br \/>\n<\/iframe><\/p>\n","protected":false},"excerpt":{"rendered":"<p>Im Rahmen unseres kontinuierlichen Wachstums sind wir immer auf der Suche nach talentierten, ehrgeizigen und integren Mitarbeitenden, insbesondere Personalfachleuten, die die Flexibilit\u00e4t einer dynamischen HRIS-Beratung sch\u00e4tzen. Von unserem Hauptsitz in&#8230;<\/p>\n","protected":false},"author":13,"featured_media":0,"parent":0,"menu_order":45,"comment_status":"closed","ping_status":"closed","template":"","meta":{"_acf_changed":false,"content-type":"","footnotes":""},"services":[],"offices":[],"class_list":["post-7172","page","type-page","status-publish","hentry"],"acf":[],"yoast_head":"<!-- This site is optimized with the Yoast SEO plugin v26.8 - https:\/\/yoast.com\/product\/yoast-seo-wordpress\/ -->\n<title>Karriere | Tugela People<\/title>\n<meta name=\"description\" content=\"Sind Sie auf der Suche nach einer neuen Herausforderung? Werden Sie Teil eines Unternehmens, das weltweit HRIS-L\u00f6sungen anbietet.\" \/>\n<meta name=\"robots\" content=\"index, follow, max-snippet:-1, max-image-preview:large, max-video-preview:-1\" \/>\n<link rel=\"canonical\" href=\"https:\/\/tugelapeople.com\/careers\/\" \/>\n<meta property=\"og:locale\" content=\"en_GB\" \/>\n<meta property=\"og:type\" content=\"article\" \/>\n<meta property=\"og:title\" content=\"Karriere | Tugela People\" \/>\n<meta property=\"og:description\" content=\"Sind Sie auf der Suche nach einer neuen Herausforderung? Werden Sie Teil eines Unternehmens, das weltweit HRIS-L\u00f6sungen anbietet.\" \/>\n<meta property=\"og:url\" content=\"https:\/\/tugelapeople.com\/careers\/\" \/>\n<meta property=\"og:site_name\" content=\"Tugela People\" \/>\n<meta property=\"article:modified_time\" content=\"2024-02-21T13:10:35+00:00\" \/>\n<meta name=\"twitter:card\" content=\"summary_large_image\" \/>\n<script type=\"application\/ld+json\" class=\"yoast-schema-graph\">{\"@context\":\"https:\/\/schema.org\",\"@graph\":[{\"@type\":\"WebPage\",\"@id\":\"https:\/\/tugelapeople.com\/careers\/\",\"url\":\"https:\/\/tugelapeople.com\/careers\/\",\"name\":\"Karriere | Tugela People\",\"isPartOf\":{\"@id\":\"https:\/\/tugelapeople.com\/#website\"},\"datePublished\":\"2020-12-17T12:52:00+00:00\",\"dateModified\":\"2024-02-21T13:10:35+00:00\",\"description\":\"Sind Sie auf der Suche nach einer neuen Herausforderung? Werden Sie Teil eines Unternehmens, das weltweit HRIS-L\u00f6sungen anbietet.\",\"breadcrumb\":{\"@id\":\"https:\/\/tugelapeople.com\/careers\/#breadcrumb\"},\"inLanguage\":\"en-GB\",\"potentialAction\":[{\"@type\":\"ReadAction\",\"target\":[\"https:\/\/tugelapeople.com\/careers\/\"]}]},{\"@type\":\"BreadcrumbList\",\"@id\":\"https:\/\/tugelapeople.com\/careers\/#breadcrumb\",\"itemListElement\":[{\"@type\":\"ListItem\",\"position\":1,\"name\":\"Home\",\"item\":\"https:\/\/tugelapeople.com\/\"},{\"@type\":\"ListItem\",\"position\":2,\"name\":\"Karriere\"}]},{\"@type\":\"WebSite\",\"@id\":\"https:\/\/tugelapeople.com\/#website\",\"url\":\"https:\/\/tugelapeople.com\/\",\"name\":\"Tugela People\",\"description\":\"\",\"inLanguage\":\"en-GB\"}]}<\/script>\n<!-- \/ Yoast SEO plugin. -->","yoast_head_json":{"title":"Karriere | Tugela People","description":"Sind Sie auf der Suche nach einer neuen Herausforderung? Werden Sie Teil eines Unternehmens, das weltweit HRIS-L\u00f6sungen anbietet.","robots":{"index":"index","follow":"follow","max-snippet":"max-snippet:-1","max-image-preview":"max-image-preview:large","max-video-preview":"max-video-preview:-1"},"canonical":"https:\/\/tugelapeople.com\/careers\/","og_locale":"en_GB","og_type":"article","og_title":"Karriere | Tugela People","og_description":"Sind Sie auf der Suche nach einer neuen Herausforderung? Werden Sie Teil eines Unternehmens, das weltweit HRIS-L\u00f6sungen anbietet.","og_url":"https:\/\/tugelapeople.com\/careers\/","og_site_name":"Tugela People","article_modified_time":"2024-02-21T13:10:35+00:00","twitter_card":"summary_large_image","schema":{"@context":"https:\/\/schema.org","@graph":[{"@type":"WebPage","@id":"https:\/\/tugelapeople.com\/careers\/","url":"https:\/\/tugelapeople.com\/careers\/","name":"Karriere | Tugela People","isPartOf":{"@id":"https:\/\/tugelapeople.com\/#website"},"datePublished":"2020-12-17T12:52:00+00:00","dateModified":"2024-02-21T13:10:35+00:00","description":"Sind Sie auf der Suche nach einer neuen Herausforderung? Werden Sie Teil eines Unternehmens, das weltweit HRIS-L\u00f6sungen anbietet.","breadcrumb":{"@id":"https:\/\/tugelapeople.com\/careers\/#breadcrumb"},"inLanguage":"en-GB","potentialAction":[{"@type":"ReadAction","target":["https:\/\/tugelapeople.com\/careers\/"]}]},{"@type":"BreadcrumbList","@id":"https:\/\/tugelapeople.com\/careers\/#breadcrumb","itemListElement":[{"@type":"ListItem","position":1,"name":"Home","item":"https:\/\/tugelapeople.com\/"},{"@type":"ListItem","position":2,"name":"Karriere"}]},{"@type":"WebSite","@id":"https:\/\/tugelapeople.com\/#website","url":"https:\/\/tugelapeople.com\/","name":"Tugela People","description":"","inLanguage":"en-GB"}]}},"_links":{"self":[{"href":"https:\/\/tugelapeople.com\/de\/wp-json\/wp\/v2\/pages\/7172","targetHints":{"allow":["GET"]}}],"collection":[{"href":"https:\/\/tugelapeople.com\/de\/wp-json\/wp\/v2\/pages"}],"about":[{"href":"https:\/\/tugelapeople.com\/de\/wp-json\/wp\/v2\/types\/page"}],"author":[{"embeddable":true,"href":"https:\/\/tugelapeople.com\/de\/wp-json\/wp\/v2\/users\/13"}],"replies":[{"embeddable":true,"href":"https:\/\/tugelapeople.com\/de\/wp-json\/wp\/v2\/comments?post=7172"}],"version-history":[{"count":1,"href":"https:\/\/tugelapeople.com\/de\/wp-json\/wp\/v2\/pages\/7172\/revisions"}],"predecessor-version":[{"id":7173,"href":"https:\/\/tugelapeople.com\/de\/wp-json\/wp\/v2\/pages\/7172\/revisions\/7173"}],"wp:attachment":[{"href":"https:\/\/tugelapeople.com\/de\/wp-json\/wp\/v2\/media?parent=7172"}],"wp:term":[{"taxonomy":"services","embeddable":true,"href":"https:\/\/tugelapeople.com\/de\/wp-json\/wp\/v2\/services?post=7172"},{"taxonomy":"offices","embeddable":true,"href":"https:\/\/tugelapeople.com\/de\/wp-json\/wp\/v2\/offices?post=7172"}],"curies":[{"name":"wp","href":"https:\/\/api.w.org\/{rel}","templated":true}]}}