{"id":7161,"date":"2020-04-03T09:35:58","date_gmt":"2020-04-03T09:35:58","guid":{"rendered":"https:\/\/tugelapeople.com\/startseite\/"},"modified":"2024-04-23T16:05:12","modified_gmt":"2024-04-23T16:05:12","slug":"startseite","status":"publish","type":"page","link":"https:\/\/tugelapeople.com\/de\/","title":{"rendered":"Startseite"},"content":{"rendered":"<p>Unser Ziel ist es, die Welt des Personalwesens und der Lohnabrechnung f\u00fcr multinationale mittelst\u00e4ndische Unternehmen durch innovative cloudbasierte L\u00f6sungen zu revolutionieren. Wir wollen die Personalverwaltung in Unternehmen rationalisieren und verbessern, damit diese in einem vernetzten globalen Umfeld erfolgreich sein k\u00f6nnen. Durch die Bereitstellung innovativer, nutzerorientierter Plattformen, die Effizienz, Compliance und Wachstum f\u00f6rdern, k\u00f6nnen Unternehmen ihr volles Potenzial aussch\u00f6pfen. Gemeinsam gestalten wir die Zukunft des Personalwesens und der Lohnabrechnung, Schritt f\u00fcr Schritt \u00fcber die Cloud.<\/p>\n","protected":false},"excerpt":{"rendered":"<p>Unser Ziel ist es, die Welt des Personalwesens und der Lohnabrechnung f\u00fcr multinationale mittelst\u00e4ndische Unternehmen durch innovative cloudbasierte L\u00f6sungen zu revolutionieren. Wir wollen die Personalverwaltung in Unternehmen rationalisieren und verbessern,&#8230;<\/p>\n","protected":false},"author":13,"featured_media":6598,"parent":0,"menu_order":0,"comment_status":"closed","ping_status":"closed","template":"","meta":{"_acf_changed":false,"content-type":"","footnotes":""},"services":[],"offices":[],"class_list":["post-7161","page","type-page","status-publish","has-post-thumbnail","hentry","pagetype-home"],"acf":[],"yoast_head":"<!-- This site is optimized with the Yoast SEO plugin v26.8 - https:\/\/yoast.com\/product\/yoast-seo-wordpress\/ -->\n<title>Startseite - Tugela People<\/title>\n<meta name=\"description\" content=\"Tugela People bietet mitarbeiterorientierte, cloudbasierte L\u00f6sungen f\u00fcr HRIS, Lohnabrechnung und Systemoptimierung. Erfahren Sie mehr.\" \/>\n<meta name=\"robots\" content=\"index, follow, max-snippet:-1, max-image-preview:large, max-video-preview:-1\" \/>\n<link rel=\"canonical\" href=\"https:\/\/tugelapeople.com\/\" \/>\n<meta property=\"og:locale\" content=\"en_GB\" \/>\n<meta property=\"og:type\" content=\"article\" \/>\n<meta property=\"og:title\" content=\"Startseite - Tugela People\" \/>\n<meta property=\"og:description\" content=\"Tugela People bietet mitarbeiterorientierte, cloudbasierte L\u00f6sungen f\u00fcr HRIS, Lohnabrechnung und Systemoptimierung. Erfahren Sie mehr.\" \/>\n<meta property=\"og:url\" content=\"https:\/\/tugelapeople.com\/\" \/>\n<meta property=\"og:site_name\" content=\"Tugela People\" \/>\n<meta property=\"article:modified_time\" content=\"2024-04-23T16:05:12+00:00\" \/>\n<meta property=\"og:image\" content=\"https:\/\/tugelapeople.com\/wp-content\/uploads\/home-banner-1.jpg\" \/>\n\t<meta property=\"og:image:width\" content=\"2000\" \/>\n\t<meta property=\"og:image:height\" content=\"613\" \/>\n\t<meta property=\"og:image:type\" content=\"image\/jpeg\" \/>\n<meta name=\"twitter:card\" content=\"summary_large_image\" \/>\n<script type=\"application\/ld+json\" class=\"yoast-schema-graph\">{\"@context\":\"https:\/\/schema.org\",\"@graph\":[{\"@type\":\"WebPage\",\"@id\":\"https:\/\/tugelapeople.com\/\",\"url\":\"https:\/\/tugelapeople.com\/\",\"name\":\"Startseite - Tugela People\",\"isPartOf\":{\"@id\":\"https:\/\/tugelapeople.com\/#website\"},\"primaryImageOfPage\":{\"@id\":\"https:\/\/tugelapeople.com\/#primaryimage\"},\"image\":{\"@id\":\"https:\/\/tugelapeople.com\/#primaryimage\"},\"thumbnailUrl\":\"https:\/\/tugelapeople.com\/wp-content\/uploads\/home-banner-1.jpg\",\"datePublished\":\"2020-04-03T09:35:58+00:00\",\"dateModified\":\"2024-04-23T16:05:12+00:00\",\"description\":\"Tugela People bietet mitarbeiterorientierte, cloudbasierte L\u00f6sungen f\u00fcr HRIS, Lohnabrechnung und Systemoptimierung. Erfahren Sie mehr.\",\"breadcrumb\":{\"@id\":\"https:\/\/tugelapeople.com\/#breadcrumb\"},\"inLanguage\":\"en-GB\",\"potentialAction\":[{\"@type\":\"ReadAction\",\"target\":[\"https:\/\/tugelapeople.com\/\"]}]},{\"@type\":\"ImageObject\",\"inLanguage\":\"en-GB\",\"@id\":\"https:\/\/tugelapeople.com\/#primaryimage\",\"url\":\"https:\/\/tugelapeople.com\/wp-content\/uploads\/home-banner-1.jpg\",\"contentUrl\":\"https:\/\/tugelapeople.com\/wp-content\/uploads\/home-banner-1.jpg\",\"width\":2000,\"height\":613},{\"@type\":\"BreadcrumbList\",\"@id\":\"https:\/\/tugelapeople.com\/#breadcrumb\",\"itemListElement\":[{\"@type\":\"ListItem\",\"position\":1,\"name\":\"Home\",\"item\":\"https:\/\/tugelapeople.com\/\"},{\"@type\":\"ListItem\",\"position\":2,\"name\":\"Startseite\"}]},{\"@type\":\"WebSite\",\"@id\":\"https:\/\/tugelapeople.com\/#website\",\"url\":\"https:\/\/tugelapeople.com\/\",\"name\":\"Tugela People\",\"description\":\"\",\"inLanguage\":\"en-GB\"}]}<\/script>\n<!-- \/ Yoast SEO plugin. -->","yoast_head_json":{"title":"Startseite - Tugela People","description":"Tugela People bietet mitarbeiterorientierte, cloudbasierte L\u00f6sungen f\u00fcr HRIS, Lohnabrechnung und Systemoptimierung. Erfahren Sie mehr.","robots":{"index":"index","follow":"follow","max-snippet":"max-snippet:-1","max-image-preview":"max-image-preview:large","max-video-preview":"max-video-preview:-1"},"canonical":"https:\/\/tugelapeople.com\/","og_locale":"en_GB","og_type":"article","og_title":"Startseite - Tugela People","og_description":"Tugela People bietet mitarbeiterorientierte, cloudbasierte L\u00f6sungen f\u00fcr HRIS, Lohnabrechnung und Systemoptimierung. Erfahren Sie mehr.","og_url":"https:\/\/tugelapeople.com\/","og_site_name":"Tugela People","article_modified_time":"2024-04-23T16:05:12+00:00","og_image":[{"width":2000,"height":613,"url":"https:\/\/tugelapeople.com\/wp-content\/uploads\/home-banner-1.jpg","type":"image\/jpeg"}],"twitter_card":"summary_large_image","schema":{"@context":"https:\/\/schema.org","@graph":[{"@type":"WebPage","@id":"https:\/\/tugelapeople.com\/","url":"https:\/\/tugelapeople.com\/","name":"Startseite - Tugela People","isPartOf":{"@id":"https:\/\/tugelapeople.com\/#website"},"primaryImageOfPage":{"@id":"https:\/\/tugelapeople.com\/#primaryimage"},"image":{"@id":"https:\/\/tugelapeople.com\/#primaryimage"},"thumbnailUrl":"https:\/\/tugelapeople.com\/wp-content\/uploads\/home-banner-1.jpg","datePublished":"2020-04-03T09:35:58+00:00","dateModified":"2024-04-23T16:05:12+00:00","description":"Tugela People bietet mitarbeiterorientierte, cloudbasierte L\u00f6sungen f\u00fcr HRIS, Lohnabrechnung und Systemoptimierung. Erfahren Sie mehr.","breadcrumb":{"@id":"https:\/\/tugelapeople.com\/#breadcrumb"},"inLanguage":"en-GB","potentialAction":[{"@type":"ReadAction","target":["https:\/\/tugelapeople.com\/"]}]},{"@type":"ImageObject","inLanguage":"en-GB","@id":"https:\/\/tugelapeople.com\/#primaryimage","url":"https:\/\/tugelapeople.com\/wp-content\/uploads\/home-banner-1.jpg","contentUrl":"https:\/\/tugelapeople.com\/wp-content\/uploads\/home-banner-1.jpg","width":2000,"height":613},{"@type":"BreadcrumbList","@id":"https:\/\/tugelapeople.com\/#breadcrumb","itemListElement":[{"@type":"ListItem","position":1,"name":"Home","item":"https:\/\/tugelapeople.com\/"},{"@type":"ListItem","position":2,"name":"Startseite"}]},{"@type":"WebSite","@id":"https:\/\/tugelapeople.com\/#website","url":"https:\/\/tugelapeople.com\/","name":"Tugela People","description":"","inLanguage":"en-GB"}]}},"_links":{"self":[{"href":"https:\/\/tugelapeople.com\/de\/wp-json\/wp\/v2\/pages\/7161","targetHints":{"allow":["GET"]}}],"collection":[{"href":"https:\/\/tugelapeople.com\/de\/wp-json\/wp\/v2\/pages"}],"about":[{"href":"https:\/\/tugelapeople.com\/de\/wp-json\/wp\/v2\/types\/page"}],"author":[{"embeddable":true,"href":"https:\/\/tugelapeople.com\/de\/wp-json\/wp\/v2\/users\/13"}],"replies":[{"embeddable":true,"href":"https:\/\/tugelapeople.com\/de\/wp-json\/wp\/v2\/comments?post=7161"}],"version-history":[{"count":3,"href":"https:\/\/tugelapeople.com\/de\/wp-json\/wp\/v2\/pages\/7161\/revisions"}],"predecessor-version":[{"id":7699,"href":"https:\/\/tugelapeople.com\/de\/wp-json\/wp\/v2\/pages\/7161\/revisions\/7699"}],"wp:featuredmedia":[{"embeddable":true,"href":"https:\/\/tugelapeople.com\/de\/wp-json\/wp\/v2\/media\/6598"}],"wp:attachment":[{"href":"https:\/\/tugelapeople.com\/de\/wp-json\/wp\/v2\/media?parent=7161"}],"wp:term":[{"taxonomy":"services","embeddable":true,"href":"https:\/\/tugelapeople.com\/de\/wp-json\/wp\/v2\/services?post=7161"},{"taxonomy":"offices","embeddable":true,"href":"https:\/\/tugelapeople.com\/de\/wp-json\/wp\/v2\/offices?post=7161"}],"curies":[{"name":"wp","href":"https:\/\/api.w.org\/{rel}","templated":true}]}}