{"id":7153,"date":"2020-04-04T18:31:45","date_gmt":"2020-04-04T18:31:45","guid":{"rendered":"https:\/\/tugelapeople.com\/unsere-geschichte-2\/"},"modified":"2024-02-21T12:07:40","modified_gmt":"2024-02-21T12:07:40","slug":"ueber-uns","status":"publish","type":"page","link":"https:\/\/tugelapeople.com\/de\/ueber-uns\/","title":{"rendered":"\u00dcber uns"},"content":{"rendered":"<p>Tugela People verf\u00fcgt \u00fcber mehr als ein Jahrzehnt an Branchenerfahrung und Fachwissen. Durch die Bereitstellung von mitarbeiterorientierten, cloudbasierten L\u00f6sungen und Serviceleistungen f\u00fcr Personalwesen, Lohnabrechnung und Systemoptimierung unterst\u00fctzen wir Unternehmen beim Erreichen ihrer Ziele. Unser Hauptaugenmerk liegt darauf, gemeinsam mit unseren Kunden das Potenzial ihrer Systeme bestm\u00f6glich zu nutzen, was zu einem effizienteren und kompetenteren Unternehmen f\u00fchrt.\u00a0Erreicht wird das durch engen Austausch mit unseren Kunden und die Zusammenarbeit mit den besten Technologieanbietern. Mithilfe bew\u00e4hrter Methoden liefern wir ma\u00dfgeschneiderte L\u00f6sungen, die den individuellen Bed\u00fcrfnissen unserer Kunden entsprechen. Diese profitieren au\u00dferdem von unserem umfangreichen Angebot an fortlaufenden Supportleistungen. So werden aktuelle und zuk\u00fcnftige Anforderungen erf\u00fcllt und die Rendite ihrer Investitionen wird maximiert.<\/p>\n<h2><span class=\"has-inline-color\">Schauen Sie sich unser Video an<\/span><\/h2>\n<p>Durch die Bereitstellung einer einheitlichen, vollst\u00e4ndig integrierten, sicheren, mitarbeiterorientierten, cloudbasierten HR-L\u00f6sung hilft Tugela People Unternehmen, Zeit zu sparen, Risiken zu verringern und die betriebliche Effektivit\u00e4t zu steigern\u00a0\u2013 damit sie ihre Gesch\u00e4ftsziele erreichen k\u00f6nnen.<\/p>\n<p><iframe loading=\"lazy\" src=\"https:\/\/www.youtube.com\/embed\/rMVQYjQxKOg\" width=\"560\" height=\"315\" frameborder=\"0\" allowfullscreen=\"allowfullscreen\"><\/iframe><\/p>\n<h2><strong>Ihr Wachstum, unser Support<\/strong><\/h2>\n<p>Wir arbeiten mit Unternehmen zusammen, die ihre Ziele durch effektives Personalmanagement und entsprechende Systeme \u00fcbertreffen wollen. Wenn Menschen das Ergebnis wirklich wichtig ist, ist die Aussicht auf Erfolg weitaus gr\u00f6\u00dfer.<\/p>\n<p>Unser Ansatz besteht in einer engen Zusammenarbeit mit Ihnen, um mitarbeiterorientierte, cloudbasierte Systeme optimiert bereitzustellen. Diese Systeme unterst\u00fctzen Ihre Mitarbeitenden effektiv, tragen zum Erreichen Ihrer Gesch\u00e4ftsziele bei und f\u00f6rdern so Produktivit\u00e4t und Engagement.<\/p>\n<p>Mit unserer umfassenden Erfahrung in den Bereichen Personalwesen und Systeme k\u00f6nnen wir die cloudbasierten Systeme Ihren Anforderungen entsprechend ausw\u00e4hlen, implementieren und pflegen. Wir sorgen daf\u00fcr, dass Ihre HR-Teams geschult werden, um die verschiedenen Programme sicher zu verwalten und optimal zu nutzen.<\/p>\n<h2>Unsere Arbeitsweise<\/h2>\n<h3 style=\"padding-left: 40px;\"><strong>Objektives Erfahrungswissen mit Mehrwert<\/strong><\/h3>\n<p style=\"padding-left: 40px;\">Als Spezialisten f\u00fcr Personaltechnologie mit weitreichendem Fachwissen sorgen wir daf\u00fcr, dass Sie das Potenzial Ihres Systems voll aussch\u00f6pfen, damit Ihr Unternehmen fundiertere Entscheidungen treffen und seine Ziele erreichen kann.<\/p>\n<p style=\"padding-left: 40px;\">Wir legen gro\u00dfen Wert darauf, bei der Entwicklung von mitarbeiterorientierten, cloudbasierten L\u00f6sungen auf dem neuesten Stand zu bleiben. Dieses umfassende Wissen teilen wir gerne mit Ihnen. Es ist f\u00fcr alle Aspekte des Kaufs, der Implementierung und der fortlaufenden Verwaltung des idealen Systems von gro\u00dfem Nutzen. So k\u00f6nnen Sie sicher sein, dass sich Ihre Investition wirklich rentiert.<\/p>\n<p style=\"padding-left: 40px;\">Wir kombinieren auf einzigartige Weise internationale HR-Erfahrung aus der Praxis mit technischem Fachwissen, um Prozesse sowohl zu pr\u00fcfen, zu gestalten als auch zu verbessern und integrierte L\u00f6sungen weltweit auszuw\u00e4hlen und zu implementieren.<\/p>\n<h3 style=\"padding-left: 40px;\"><strong>Zuverl\u00e4ssigkeit und Erfahrung<\/strong><\/h3>\n<p style=\"padding-left: 40px;\">Sie erhalten einen direkten Ansprechpartner, der \u00fcber das technische Fachwissen, die Branchenerfahrung und die Kenntnisse verf\u00fcgt, um p\u00fcnktlich und budgetgerecht zu liefern. Bei uns sind Sie in guten H\u00e4nden. Sie k\u00f6nnen darauf vertrauen, dass Ihr Unternehmen nicht in Prozess- und Automatisierungsfallen tappt, und sparen somit Zeit und Geld. Denn wir bieten unseren Kunden Unkompliziertheit.<\/p>\n<h3 style=\"padding-left: 40px;\"><strong>Professioneller, proaktiver und ma\u00dfgeschneiderter Service<\/strong><\/h3>\n<p style=\"padding-left: 40px;\">Die Arbeit unseres engagierten Expertenteams ist professionell, reaktionsschnell, effizient und genau auf Ihre Anforderungen abgestimmt. Wir sind uns der Komplexit\u00e4t von Unternehmen bewusst und k\u00f6nnen Ihnen ma\u00dfgeschneiderte L\u00f6sungen anbieten, die genau zu Ihren Anspr\u00fcchen passen.<\/p>\n<p>Teil unseres Angebots ist auch der Komplettservice zur Systemoptimierung, um Ihr aktuelles HRIS mit anderen HR-Systemen zu verkn\u00fcpfen. Als HR-Spezialisten wissen wir, dass kein einziges System die Funktionalit\u00e4t bereitstellt, die f\u00fcr die Verwaltung der komplexen Welt des Personalwesens n\u00f6tig ist. Die meisten Systeme arbeiten jedoch mit Prim\u00e4rinformationen, die in der Regel im zentralen HR-System gespeichert werden. Mit Systemintegration und Prozessautomatisierung werden diese bereitgestellt, sodass sich die Personalabteilungen auf wertsch\u00f6pfende Aufgaben konzentrieren k\u00f6nnen.<\/p>\n<h2><strong>Wie gehts weiter?<\/strong><\/h2>\n<p>Wenn Sie weitere Informationen w\u00fcnschen oder Ihre Anforderungen besprechen m\u00f6chten, kontaktieren Sie uns bitte unter\u00a0 <a href=\"tel:01908030360\">+44(0)1908 030360<\/a> oder per E-Mail an <a href=\"mailto:info@tugelapeople.com\"><strong>info@tugelapeople.com<\/strong><\/a>. Alternativ k\u00f6nnen Sie auch gerne das Formular \u201e<a href=\"https:\/\/tugelapeople.com\/de\/kontakt\/kontakt-aufnehmen\/\" data-trigger=\"popup\">Kontakt aufnehmen<\/a>\u201c ausf\u00fcllen. Ein Mitglied unseres Teams wird sich dann mit Ihnen in Verbindung setzen.<\/p>\n","protected":false},"excerpt":{"rendered":"<p>Tugela People verf\u00fcgt \u00fcber mehr als ein Jahrzehnt an Branchenerfahrung und Fachwissen. Durch die Bereitstellung von mitarbeiterorientierten, cloudbasierten L\u00f6sungen und Serviceleistungen f\u00fcr Personalwesen, Lohnabrechnung und Systemoptimierung unterst\u00fctzen wir Unternehmen beim&#8230;<\/p>\n","protected":false},"author":13,"featured_media":0,"parent":0,"menu_order":5,"comment_status":"closed","ping_status":"closed","template":"","meta":{"_acf_changed":false,"content-type":"","footnotes":""},"services":[],"offices":[],"class_list":["post-7153","page","type-page","status-publish","hentry"],"acf":[],"yoast_head":"<!-- This site is optimized with the Yoast SEO plugin v26.8 - https:\/\/yoast.com\/product\/yoast-seo-wordpress\/ -->\n<title>\u00dcber uns - Tugela People<\/title>\n<meta name=\"description\" content=\"Wir liefern und optimieren cloudbasierte HR-Systeme, mit denen Unternehmen ihre Ziele \u00fcbertreffen. Erfahren Sie mehr.\" \/>\n<meta name=\"robots\" content=\"index, follow, max-snippet:-1, max-image-preview:large, max-video-preview:-1\" \/>\n<link rel=\"canonical\" href=\"https:\/\/tugelapeople.com\/about\/\" \/>\n<meta property=\"og:locale\" content=\"en_GB\" \/>\n<meta property=\"og:type\" content=\"article\" \/>\n<meta property=\"og:title\" content=\"\u00dcber uns - Tugela People\" \/>\n<meta property=\"og:description\" content=\"Wir liefern und optimieren cloudbasierte HR-Systeme, mit denen Unternehmen ihre Ziele \u00fcbertreffen. Erfahren Sie mehr.\" \/>\n<meta property=\"og:url\" content=\"https:\/\/tugelapeople.com\/about\/\" \/>\n<meta property=\"og:site_name\" content=\"Tugela People\" \/>\n<meta property=\"article:modified_time\" content=\"2024-02-21T12:07:40+00:00\" \/>\n<meta name=\"twitter:card\" content=\"summary_large_image\" \/>\n<script type=\"application\/ld+json\" class=\"yoast-schema-graph\">{\"@context\":\"https:\/\/schema.org\",\"@graph\":[{\"@type\":\"WebPage\",\"@id\":\"https:\/\/tugelapeople.com\/about\/\",\"url\":\"https:\/\/tugelapeople.com\/about\/\",\"name\":\"\u00dcber uns - Tugela People\",\"isPartOf\":{\"@id\":\"https:\/\/tugelapeople.com\/#website\"},\"datePublished\":\"2020-04-04T18:31:45+00:00\",\"dateModified\":\"2024-02-21T12:07:40+00:00\",\"description\":\"Wir liefern und optimieren cloudbasierte HR-Systeme, mit denen Unternehmen ihre Ziele \u00fcbertreffen. Erfahren Sie mehr.\",\"breadcrumb\":{\"@id\":\"https:\/\/tugelapeople.com\/about\/#breadcrumb\"},\"inLanguage\":\"en-GB\",\"potentialAction\":[{\"@type\":\"ReadAction\",\"target\":[\"https:\/\/tugelapeople.com\/about\/\"]}]},{\"@type\":\"BreadcrumbList\",\"@id\":\"https:\/\/tugelapeople.com\/about\/#breadcrumb\",\"itemListElement\":[{\"@type\":\"ListItem\",\"position\":1,\"name\":\"Home\",\"item\":\"https:\/\/tugelapeople.com\/\"},{\"@type\":\"ListItem\",\"position\":2,\"name\":\"\u00dcber uns\"}]},{\"@type\":\"WebSite\",\"@id\":\"https:\/\/tugelapeople.com\/#website\",\"url\":\"https:\/\/tugelapeople.com\/\",\"name\":\"Tugela People\",\"description\":\"\",\"inLanguage\":\"en-GB\"}]}<\/script>\n<!-- \/ Yoast SEO plugin. -->","yoast_head_json":{"title":"\u00dcber uns - Tugela People","description":"Wir liefern und optimieren cloudbasierte HR-Systeme, mit denen Unternehmen ihre Ziele \u00fcbertreffen. Erfahren Sie mehr.","robots":{"index":"index","follow":"follow","max-snippet":"max-snippet:-1","max-image-preview":"max-image-preview:large","max-video-preview":"max-video-preview:-1"},"canonical":"https:\/\/tugelapeople.com\/about\/","og_locale":"en_GB","og_type":"article","og_title":"\u00dcber uns - Tugela People","og_description":"Wir liefern und optimieren cloudbasierte HR-Systeme, mit denen Unternehmen ihre Ziele \u00fcbertreffen. Erfahren Sie mehr.","og_url":"https:\/\/tugelapeople.com\/about\/","og_site_name":"Tugela People","article_modified_time":"2024-02-21T12:07:40+00:00","twitter_card":"summary_large_image","schema":{"@context":"https:\/\/schema.org","@graph":[{"@type":"WebPage","@id":"https:\/\/tugelapeople.com\/about\/","url":"https:\/\/tugelapeople.com\/about\/","name":"\u00dcber uns - Tugela People","isPartOf":{"@id":"https:\/\/tugelapeople.com\/#website"},"datePublished":"2020-04-04T18:31:45+00:00","dateModified":"2024-02-21T12:07:40+00:00","description":"Wir liefern und optimieren cloudbasierte HR-Systeme, mit denen Unternehmen ihre Ziele \u00fcbertreffen. Erfahren Sie mehr.","breadcrumb":{"@id":"https:\/\/tugelapeople.com\/about\/#breadcrumb"},"inLanguage":"en-GB","potentialAction":[{"@type":"ReadAction","target":["https:\/\/tugelapeople.com\/about\/"]}]},{"@type":"BreadcrumbList","@id":"https:\/\/tugelapeople.com\/about\/#breadcrumb","itemListElement":[{"@type":"ListItem","position":1,"name":"Home","item":"https:\/\/tugelapeople.com\/"},{"@type":"ListItem","position":2,"name":"\u00dcber uns"}]},{"@type":"WebSite","@id":"https:\/\/tugelapeople.com\/#website","url":"https:\/\/tugelapeople.com\/","name":"Tugela People","description":"","inLanguage":"en-GB"}]}},"_links":{"self":[{"href":"https:\/\/tugelapeople.com\/de\/wp-json\/wp\/v2\/pages\/7153","targetHints":{"allow":["GET"]}}],"collection":[{"href":"https:\/\/tugelapeople.com\/de\/wp-json\/wp\/v2\/pages"}],"about":[{"href":"https:\/\/tugelapeople.com\/de\/wp-json\/wp\/v2\/types\/page"}],"author":[{"embeddable":true,"href":"https:\/\/tugelapeople.com\/de\/wp-json\/wp\/v2\/users\/13"}],"replies":[{"embeddable":true,"href":"https:\/\/tugelapeople.com\/de\/wp-json\/wp\/v2\/comments?post=7153"}],"version-history":[{"count":3,"href":"https:\/\/tugelapeople.com\/de\/wp-json\/wp\/v2\/pages\/7153\/revisions"}],"predecessor-version":[{"id":7262,"href":"https:\/\/tugelapeople.com\/de\/wp-json\/wp\/v2\/pages\/7153\/revisions\/7262"}],"wp:attachment":[{"href":"https:\/\/tugelapeople.com\/de\/wp-json\/wp\/v2\/media?parent=7153"}],"wp:term":[{"taxonomy":"services","embeddable":true,"href":"https:\/\/tugelapeople.com\/de\/wp-json\/wp\/v2\/services?post=7153"},{"taxonomy":"offices","embeddable":true,"href":"https:\/\/tugelapeople.com\/de\/wp-json\/wp\/v2\/offices?post=7153"}],"curies":[{"name":"wp","href":"https:\/\/api.w.org\/{rel}","templated":true}]}}